{"id":2079,"date":"2017-12-07T08:14:13","date_gmt":"2017-12-07T08:14:13","guid":{"rendered":"http:\/\/dev-rci-insurance.iconsandbox.com\/home\/"},"modified":"2023-06-02T13:41:41","modified_gmt":"2023-06-02T11:41:41","slug":"home","status":"publish","type":"page","link":"https:\/\/www.rci-insurance.eu\/ro\/","title":{"rendered":"ACAS\u0102"},"content":{"rendered":"<h2>Asigurarea a satisf\u0103cut nevoile dumneavoastr\u0103<\/h2>\n<p class=\"intro-text\"><strong>RCI Insurance Ltd \u0219i RCI Life Ltd \u00ee\u0219i propun s\u0103 ofere solu\u021bii de asigurare clien\u021bilor din activitatea de finan\u021bare a automobilelor Mobilize Financial Services \u0219i sunt autoriza\u021bi de Autoritatea Serviciilor Financiare din Malta.<\/strong><\/p>\n<p>RCI Life Limited (C45787) \u0219i RCI Insurance Limited (C45786) (\u201eCompaniile\u201d) au fost constituite \u00een Malta la 10 decembrie 2008 ca filiale ale RCI Services Limited (C45692) (constituite la 26 noiembrie 2008), o filial\u0103 de\u021binut\u0103 integral de Mobilize Financial Services. Activitatea principal\u0103 a RCI Services Limited este cea a unui holding, care ofer\u0103 diverse servicii administrative filialelor sale. Companiile, care ofer\u0103 solu\u021bii de asigurare clien\u021bilor afacerii Mobilize Financial Services de finan\u021bare a autovehiculelor, sunt autorizate \u00een temeiul Legii afacerilor cu asigur\u0103ri din 1998 s\u0103 desf\u0103\u0219oare activit\u0103\u021bi pe termen lung \u0219i generale \u00een Fran\u021ba, Germania, Italia \u0219i Spania \u0219i sunt reglementate de Autoritatea Serviciilor Financiare din Malta.<\/p>\n","protected":false},"excerpt":{"rendered":"Asigurarea a satisf\u0103cut nevoile dumneavoastr\u0103 RCI Insurance Ltd \u0219i RCI Life Ltd \u00ee\u0219i propun s\u0103 ofere solu\u021bii de asigurare clien\u021bilor din activitatea de finan\u021bare a automobilelor Mobilize Financial Services \u0219i sunt autoriza\u021bi de Autoritatea Serviciilor Financiare din Malta. RCI Life Limited (C45787) \u0219i RCI Insurance Limited (C45786) (\u201eCompaniile\u201d) au fost constituite \u00een Malta la 10&hellip;","protected":false},"author":1,"featured_media":6386,"parent":0,"menu_order":0,"comment_status":"closed","ping_status":"open","template":"page-home.php","meta":{"_acf_changed":false,"footnotes":""},"class_list":["post-2079","page","type-page","status-publish","has-post-thumbnail","hentry"],"acf":[],"yoast_head":"<!-- This site is optimized with the Yoast SEO plugin v27.3 - https:\/\/yoast.com\/product\/yoast-seo-wordpress\/ -->\r\n<title>Home<\/title>\r\n<meta name=\"robots\" content=\"index, follow, max-snippet:-1, max-image-preview:large, max-video-preview:-1\" \/>\r\n<link rel=\"canonical\" href=\"https:\/\/www.rci-insurance.eu\/ro\/\" \/>\r\n<meta property=\"og:locale\" content=\"ro_RO\" \/>\r\n<meta property=\"og:type\" content=\"article\" \/>\r\n<meta property=\"og:title\" content=\"Home\" \/>\r\n<meta property=\"og:description\" content=\"Asigurarea a satisf\u0103cut nevoile dumneavoastr\u0103 RCI Insurance Ltd \u0219i RCI Life Ltd \u00ee\u0219i propun s\u0103 ofere solu\u021bii de asigurare clien\u021bilor din activitatea de finan\u021bare a automobilelor Mobilize Financial Services \u0219i sunt autoriza\u021bi de Autoritatea Serviciilor Financiare din Malta. RCI Life Limited (C45787) \u0219i RCI Insurance Limited (C45786) (\u201eCompaniile\u201d) au fost constituite \u00een Malta la 10&hellip;\" \/>\r\n<meta property=\"og:url\" content=\"https:\/\/www.rci-insurance.eu\/ro\/\" \/>\r\n<meta property=\"og:site_name\" content=\"RCI INSURANCE\" \/>\r\n<meta property=\"article:modified_time\" content=\"2023-06-02T11:41:41+00:00\" \/>\r\n<meta property=\"og:image\" content=\"https:\/\/www.rci-insurance.eu\/wp-content\/uploads\/2023\/03\/default-banner.png\" \/>\r\n\t<meta property=\"og:image:width\" content=\"1440\" \/>\r\n\t<meta property=\"og:image:height\" content=\"621\" \/>\r\n\t<meta property=\"og:image:type\" content=\"image\/png\" \/>\r\n<meta name=\"twitter:card\" content=\"summary_large_image\" \/>\r\n<meta name=\"twitter:label1\" content=\"Timp estimat pentru citire\" \/>\n\t<meta name=\"twitter:data1\" content=\"1 minut\" \/>\r\n<script type=\"application\/ld+json\" class=\"yoast-schema-graph\">{\"@context\":\"https:\\\/\\\/schema.org\",\"@graph\":[{\"@type\":\"WebPage\",\"@id\":\"https:\\\/\\\/www.rci-insurance.eu\\\/ro\\\/\",\"url\":\"https:\\\/\\\/www.rci-insurance.eu\\\/ro\\\/\",\"name\":\"Home\",\"isPartOf\":{\"@id\":\"https:\\\/\\\/www.rci-insurance.eu\\\/#website\"},\"primaryImageOfPage\":{\"@id\":\"https:\\\/\\\/www.rci-insurance.eu\\\/ro\\\/#primaryimage\"},\"image\":{\"@id\":\"https:\\\/\\\/www.rci-insurance.eu\\\/ro\\\/#primaryimage\"},\"thumbnailUrl\":\"https:\\\/\\\/www.rci-insurance.eu\\\/wp-content\\\/uploads\\\/2023\\\/03\\\/default-banner.png\",\"datePublished\":\"2017-12-07T08:14:13+00:00\",\"dateModified\":\"2023-06-02T11:41:41+00:00\",\"breadcrumb\":{\"@id\":\"https:\\\/\\\/www.rci-insurance.eu\\\/ro\\\/#breadcrumb\"},\"inLanguage\":\"ro-RO\",\"potentialAction\":[{\"@type\":\"ReadAction\",\"target\":[\"https:\\\/\\\/www.rci-insurance.eu\\\/ro\\\/\"]}]},{\"@type\":\"ImageObject\",\"inLanguage\":\"ro-RO\",\"@id\":\"https:\\\/\\\/www.rci-insurance.eu\\\/ro\\\/#primaryimage\",\"url\":\"https:\\\/\\\/www.rci-insurance.eu\\\/wp-content\\\/uploads\\\/2023\\\/03\\\/default-banner.png\",\"contentUrl\":\"https:\\\/\\\/www.rci-insurance.eu\\\/wp-content\\\/uploads\\\/2023\\\/03\\\/default-banner.png\",\"width\":1440,\"height\":621,\"caption\":\"default-banner\"},{\"@type\":\"BreadcrumbList\",\"@id\":\"https:\\\/\\\/www.rci-insurance.eu\\\/ro\\\/#breadcrumb\",\"itemListElement\":[{\"@type\":\"ListItem\",\"position\":1,\"name\":\"Home\",\"item\":\"https:\\\/\\\/www.rci-insurance.eu\\\/ro\\\/\"},{\"@type\":\"ListItem\",\"position\":2,\"name\":\"ACAS\u0102\"}]},{\"@type\":\"WebSite\",\"@id\":\"https:\\\/\\\/www.rci-insurance.eu\\\/#website\",\"url\":\"https:\\\/\\\/www.rci-insurance.eu\\\/\",\"name\":\"RCI INSURANCE\",\"description\":\"\",\"potentialAction\":[{\"@type\":\"SearchAction\",\"target\":{\"@type\":\"EntryPoint\",\"urlTemplate\":\"https:\\\/\\\/www.rci-insurance.eu\\\/?s={search_term_string}\"},\"query-input\":{\"@type\":\"PropertyValueSpecification\",\"valueRequired\":true,\"valueName\":\"search_term_string\"}}],\"inLanguage\":\"ro-RO\"}]}<\/script>\r\n<!-- \/ Yoast SEO plugin. -->","yoast_head_json":{"title":"Home","robots":{"index":"index","follow":"follow","max-snippet":"max-snippet:-1","max-image-preview":"max-image-preview:large","max-video-preview":"max-video-preview:-1"},"canonical":"https:\/\/www.rci-insurance.eu\/ro\/","og_locale":"ro_RO","og_type":"article","og_title":"Home","og_description":"Asigurarea a satisf\u0103cut nevoile dumneavoastr\u0103 RCI Insurance Ltd \u0219i RCI Life Ltd \u00ee\u0219i propun s\u0103 ofere solu\u021bii de asigurare clien\u021bilor din activitatea de finan\u021bare a automobilelor Mobilize Financial Services \u0219i sunt autoriza\u021bi de Autoritatea Serviciilor Financiare din Malta. RCI Life Limited (C45787) \u0219i RCI Insurance Limited (C45786) (\u201eCompaniile\u201d) au fost constituite \u00een Malta la 10&hellip;","og_url":"https:\/\/www.rci-insurance.eu\/ro\/","og_site_name":"RCI INSURANCE","article_modified_time":"2023-06-02T11:41:41+00:00","og_image":[{"width":1440,"height":621,"url":"https:\/\/www.rci-insurance.eu\/wp-content\/uploads\/2023\/03\/default-banner.png","type":"image\/png"}],"twitter_card":"summary_large_image","twitter_misc":{"Timp estimat pentru citire":"1 minut"},"schema":{"@context":"https:\/\/schema.org","@graph":[{"@type":"WebPage","@id":"https:\/\/www.rci-insurance.eu\/ro\/","url":"https:\/\/www.rci-insurance.eu\/ro\/","name":"Home","isPartOf":{"@id":"https:\/\/www.rci-insurance.eu\/#website"},"primaryImageOfPage":{"@id":"https:\/\/www.rci-insurance.eu\/ro\/#primaryimage"},"image":{"@id":"https:\/\/www.rci-insurance.eu\/ro\/#primaryimage"},"thumbnailUrl":"https:\/\/www.rci-insurance.eu\/wp-content\/uploads\/2023\/03\/default-banner.png","datePublished":"2017-12-07T08:14:13+00:00","dateModified":"2023-06-02T11:41:41+00:00","breadcrumb":{"@id":"https:\/\/www.rci-insurance.eu\/ro\/#breadcrumb"},"inLanguage":"ro-RO","potentialAction":[{"@type":"ReadAction","target":["https:\/\/www.rci-insurance.eu\/ro\/"]}]},{"@type":"ImageObject","inLanguage":"ro-RO","@id":"https:\/\/www.rci-insurance.eu\/ro\/#primaryimage","url":"https:\/\/www.rci-insurance.eu\/wp-content\/uploads\/2023\/03\/default-banner.png","contentUrl":"https:\/\/www.rci-insurance.eu\/wp-content\/uploads\/2023\/03\/default-banner.png","width":1440,"height":621,"caption":"default-banner"},{"@type":"BreadcrumbList","@id":"https:\/\/www.rci-insurance.eu\/ro\/#breadcrumb","itemListElement":[{"@type":"ListItem","position":1,"name":"Home","item":"https:\/\/www.rci-insurance.eu\/ro\/"},{"@type":"ListItem","position":2,"name":"ACAS\u0102"}]},{"@type":"WebSite","@id":"https:\/\/www.rci-insurance.eu\/#website","url":"https:\/\/www.rci-insurance.eu\/","name":"RCI INSURANCE","description":"","potentialAction":[{"@type":"SearchAction","target":{"@type":"EntryPoint","urlTemplate":"https:\/\/www.rci-insurance.eu\/?s={search_term_string}"},"query-input":{"@type":"PropertyValueSpecification","valueRequired":true,"valueName":"search_term_string"}}],"inLanguage":"ro-RO"}]}},"_links":{"self":[{"href":"https:\/\/www.rci-insurance.eu\/ro\/wp-json\/wp\/v2\/pages\/2079","targetHints":{"allow":["GET"]}}],"collection":[{"href":"https:\/\/www.rci-insurance.eu\/ro\/wp-json\/wp\/v2\/pages"}],"about":[{"href":"https:\/\/www.rci-insurance.eu\/ro\/wp-json\/wp\/v2\/types\/page"}],"author":[{"embeddable":true,"href":"https:\/\/www.rci-insurance.eu\/ro\/wp-json\/wp\/v2\/users\/1"}],"replies":[{"embeddable":true,"href":"https:\/\/www.rci-insurance.eu\/ro\/wp-json\/wp\/v2\/comments?post=2079"}],"version-history":[{"count":13,"href":"https:\/\/www.rci-insurance.eu\/ro\/wp-json\/wp\/v2\/pages\/2079\/revisions"}],"predecessor-version":[{"id":8126,"href":"https:\/\/www.rci-insurance.eu\/ro\/wp-json\/wp\/v2\/pages\/2079\/revisions\/8126"}],"wp:featuredmedia":[{"embeddable":true,"href":"https:\/\/www.rci-insurance.eu\/ro\/wp-json\/wp\/v2\/media\/6386"}],"wp:attachment":[{"href":"https:\/\/www.rci-insurance.eu\/ro\/wp-json\/wp\/v2\/media?parent=2079"}],"curies":[{"name":"wp","href":"https:\/\/api.w.org\/{rel}","templated":true}]}}