{"id":8797,"date":"2017-12-12T15:41:32","date_gmt":"2017-12-12T15:41:32","guid":{"rendered":"https:\/\/www.rci-insurance.eu\/use-of-cookies\/"},"modified":"2025-01-23T09:27:27","modified_gmt":"2025-01-23T08:27:27","slug":"pliki-cookie","status":"publish","type":"page","link":"https:\/\/www.rci-insurance.eu\/pl\/pliki-cookie\/","title":{"rendered":"Pliki cookie"},"content":{"rendered":"<p><strong>Nasze strony i aplikacje wykorzystuj\u0105 technologie takie jak pliki cookie, aby zapewni\u0107 wysok\u0105 jako\u015b\u0107, p\u0142ynno\u015b\u0107 i spersonalizowane do\u015bwiadczenie. Informacje zawarte w niniejszej Polityce stanowi\u0105 uzupe\u0142nienie Informacji o ochronie danych osobowych <\/strong><a href=\"https:\/\/www.rci-insurance.eu\/legal\/terms-internet-usage-policy\/\"><strong>Polityki prywatno\u015bci<\/strong><\/a><\/p>\n<p>Ochrona Twoich danych w internecie jest priorytetem Mobilize Financial Services. W ka\u017cdej chwili mo\u017cesz zmieni\u0107 swoje preferencje dotycz\u0105ce plik\u00f3w cookie, korzystaj\u0105c z naszego narz\u0119dzia do zarz\u0105dzania plikami cookie.<\/p>\n<p><strong>Kim jeste\u015bmy?<\/strong><\/p>\n<p>RCI Malta oraz Mobilize Financial Services s\u0105 niezale\u017cnymi administratorami danych zbieranych przez pliki cookie i inne elementy \u015bledz\u0105ce odczytywane lub umieszczane na Twoim urz\u0105dzeniu (zwane dalej \u201emy\u201d, \u201enas\u201d, \u201enasz\u201d).<\/p>\n<p>Aby dowiedzie\u0107 si\u0119 wi\u0119cej, zapraszamy do zapoznania si\u0119 z Informacj\u0105 o ochronie danych osobowych <a href=\"https:\/\/www.rci-insurance.eu\/legal\/terms-internet-usage-policy\/\">Polityki prywatno\u015bci<\/a><\/p>\n<p align=\"left\"><div class=\"lightweight-accordion\"><details><summary class=\"lightweight-accordion-title\"><span><strong>Kim jeste\u015bmy?<\/strong><\/span><\/summary><div class=\"lightweight-accordion-body\"><p>RCI Malta oraz Mobilize Financial Services s\u0105 niezale\u017cnymi administratorami danych zbieranych przez pliki cookie i inne elementy \u015bledz\u0105ce odczytywane lub umieszczane na Twoim urz\u0105dzeniu (zwane dalej \u201emy\u201d, \u201enas\u201d, \u201enasz\u201d).<\/p>\n<p>Aby dowiedzie\u0107 si\u0119 wi\u0119cej, zapraszamy do zapoznania si\u0119 z Informacj\u0105 o ochronie danych osobowych <a href=\"https:\/\/www.rci-insurance.eu\/legal\/terms-internet-usage-policy\/\">Polityki prywatno\u015bci<\/a><\/p>\n<\/div><\/details><\/div><\/p>\n<p align=\"left\"><div class=\"lightweight-accordion\"><details><summary class=\"lightweight-accordion-title\"><span><strong>CZYM S\u0104 PLIKI COOKIE?<\/strong><\/span><\/summary><div class=\"lightweight-accordion-body\"><p>Plik cookie to niewielki plik komputerowy, tracker, kt\u00f3ry jest zapisywany i odczytywany podczas odwiedzania strony internetowej, korzystania z aplikacji mobilnej, czytania e-maila, instalowania lub u\u017cywania oprogramowania, niezale\u017cnie od rodzaju u\u017cywanego urz\u0105dzenia (komputer, smartfon, czytnik cyfrowy, konsola do gier pod\u0142\u0105czona do internetu itp.).<\/p>\n<p>Podczas przegl\u0105dania strony internetowej pliki cookie mog\u0105 wysy\u0142a\u0107 informacje do przegl\u0105darki u\u017cytkownika i umo\u017cliwia\u0107 przegl\u0105darce odsy\u0142anie informacji z powrotem do pierwotnej strony (na przyk\u0142ad identyfikator sesji lub wyb\u00f3r j\u0119zyka).<\/p>\n<p>Pliki cookie nie pozwalaj\u0105 nam bezpo\u015brednio zidentyfikowa\u0107 u\u017cytkownika, a jedynie gromadzi\u0107 okre\u015blone informacje o urz\u0105dzeniu, przegl\u0105darce, interakcjach ze stron\u0105 lub aplikacj\u0105 oraz, w niekt\u00f3rych przypadkach, o po\u0142o\u017ceniu geograficznym.<\/p>\n<p>Stosowane technologie mog\u0105 \u0142\u0105czy\u0107 ze sob\u0105 kilka u\u017cywanych przez Ciebie urz\u0105dze\u0144, aby z wystarczaj\u0105cym prawdopodobie\u0144stwem okre\u015bli\u0107, \u017ce nale\u017c\u0105 one do Ciebie.<\/p>\n<\/div><\/details><\/div><\/p>\n<div class=\"lightweight-accordion\"><details><summary class=\"lightweight-accordion-title\"><span><strong>DO CZEGO S\u0141U\u017b\u0104 PLIKI COOKIE NA TEJ STRONIE?<\/strong><\/span><\/summary><div class=\"lightweight-accordion-body\"><p>Ta strona wykorzystuje r\u00f3\u017cne rodzaje plik\u00f3w cookie.<\/p>\n<p><strong>Pliki cookie techniczne<\/strong><\/p>\n<p>Te pliki cookie maj\u0105 na celu umo\u017cliwienie lub u\u0142atwienie komunikacji elektronicznej (wykrywanie b\u0142\u0119d\u00f3w po\u0142\u0105czenia, identyfikacja punkt\u00f3w po\u0142\u0105czenia, bezpiecze\u0144stwo strony itp.) lub \u015bwiadczenie us\u0142ug komunikacji online, o kt\u00f3re mo\u017cesz wyra\u017anie poprosi\u0107 (preferencje wy\u015bwietlania ekranu, zapisywanie informacji wprowadzanych w formularzach, koszyk zakupowy (je\u015bli dotyczy), dost\u0119p do konta u\u017cytkownika, czat lub chatbot na naszej stronie itp.).<\/p>\n<p>Te pliki cookie s\u0105 niezb\u0119dne do prawid\u0142owego funkcjonowania naszej strony.<\/p>\n<p>Nie mo\u017cesz sprzeciwi\u0107 si\u0119 wykorzystywaniu tych plik\u00f3w cookie, a Twoja zgoda nie jest wymagana, poniewa\u017c us\u0142ugi na naszej stronie s\u0105 od nich zale\u017cne.<\/p>\n<p><strong>Pliki cookies spo\u0142eczno\u015bciowe<\/strong><\/p>\n<p>U\u017cywamy plik\u00f3w cookies spo\u0142eczno\u015bciowych do cel\u00f3w reklamowych i analitycznych, w szczeg\u00f3lno\u015bci do wy\u015bwietlania naszych reklam, gdy jeste\u015b po\u0142\u0105czony z sieciami spo\u0142eczno\u015bciowymi (Facebook, Twitter, LinkedIn, TikTok itp.) oraz do lepszego zrozumienia interakcji i zaanga\u017cowania u\u017cytkownik\u00f3w w nasze reklamy w tych sieciach.<\/p>\n<p>Te pliki cookies maj\u0105 r\u00f3wnie\u017c na celu uczynienie strony bardziej przyjazn\u0105 i interaktywn\u0105, umo\u017cliwiaj\u0105c interakcj\u0119 z sieciami spo\u0142eczno\u015bciowymi i osadzanie tre\u015bci z tych sieci na naszej Stronie (np. film\u00f3w z YouTube).<\/p>\n<p>Pliki te mog\u0105 przetwarza\u0107 dane takie jak liczba udost\u0119pnionych tre\u015bci w sieciach spo\u0142eczno\u015bciowych, fakt posiadania konta w sieci spo\u0142eczno\u015bciowej, \u015bledzenie Twojego przegl\u0105dania stron internetowych lub tych sieci spo\u0142eczno\u015bciowych itp. Funkcje te opieraj\u0105 si\u0119 na aplikacjach zewn\u0119trznych zintegrowanych z nasz\u0105 stron\u0105. Sie\u0107 spo\u0142eczno\u015bciowa udost\u0119pniaj\u0105ca taki przycisk aplikacji mo\u017ce Ci\u0119 zidentyfikowa\u0107 za jego pomoc\u0105, nawet je\u015bli nie u\u017cy\u0142e\u015b tego przycisku podczas odwiedzania naszej strony. Ten typ przycisku aplikacji mo\u017ce pozwoli\u0107 danej sieci spo\u0142eczno\u015bciowej na \u015bledzenie Twojego przegl\u0105dania na naszej stronie przez sam fakt, \u017ce Twoje konto w danej sieci spo\u0142eczno\u015bciowej by\u0142o aktywne na Twoim urz\u0105dzeniu (otwarta sesja) w tym samym czasie, gdy przegl\u0105da\u0142e\u015b nasz\u0105 stron\u0119.<\/p>\n<p>Zalecamy zapoznanie si\u0119 z odpowiednimi politykami prywatno\u015bci tych sieci spo\u0142eczno\u015bciowych, aby dowiedzie\u0107 si\u0119, w jaki spos\u00f3b wykorzystuj\u0105 one informacje, kt\u00f3re mog\u0105 gromadzi\u0107 za po\u015brednictwem tych przycisk\u00f3w aplikacji lub do cel\u00f3w reklamowych. Polityki te powinny umo\u017cliwi\u0107 Ci wyra\u017cenie preferencji w tych sieciach spo\u0142eczno\u015bciowych, w szczeg\u00f3lno\u015bci poprzez konfiguracj\u0119 kont u\u017cytkownika dla ka\u017cdej z tych sieci.<\/p>\n<p>Wykorzystanie i przechowywanie tych plik\u00f3w cookies wymaga Twojej zgody.<\/p>\n<p><strong>Pliki cookie do spersonalizowanej reklamy i tre\u015bci<\/strong><\/p>\n<p>Te pliki cookie maj\u0105 na celu zwi\u0119kszenie trafno\u015bci reklam i tre\u015bci na tej stronie internetowej oraz w mediach zewn\u0119trznych. Gdy wysy\u0142amy lub wy\u015bwietlamy komunikaty promocyjne, naszym celem jest przedstawienie Ci najbardziej odpowiednich reklam i ofert, dostosowanych do Twoich potrzeb lub takich, kt\u00f3re mog\u0105 Ci\u0119 rzeczywi\u015bcie zainteresowa\u0107.<\/p>\n<p>Te pliki cookie mog\u0105 przetwarza\u0107 dane dotycz\u0105ce Twoich osobistych preferencji, zainteresowania naszymi produktami i\/lub us\u0142ugami oraz Twoich nawyk\u00f3w konsumenckich.<\/p>\n<p>To zautomatyzowane przetwarzanie danych przyczynia si\u0119 do lepszego do\u015bwiadczenia online:<br \/>\n\u2013 Poprzez pokazywanie Ci odpowiednich ofert we w\u0142a\u015bciwym czasie,<br \/>\n\u2013 Poprzez odrzucanie ofert, kt\u00f3re prawdopodobnie Ci\u0119 nie zainteresuj\u0105,<br \/>\n\u2013 A nawet poprzez ograniczenie liczby wy\u015bwietle\u0144 tej samej reklamy.<\/p>\n<p>Na przyk\u0142ad, takie przetwarzanie mo\u017ce prowadzi\u0107 do przedstawiania Ci informacji zwi\u0105zanych z segmentem samochod\u00f3w, kt\u00f3ry prawdopodobnie preferujesz (SUV zamiast samochodu miejskiego lub odwrotnie).<\/p>\n<p>Dane przetwarzane w tym kontek\u015bcie mog\u0105 pochodzi\u0107 z r\u00f3\u017cnych \u017ar\u00f3de\u0142 i mog\u0105 by\u0107 ze sob\u0105 powi\u0105zane: dane z naszych baz klient\u00f3w, dane dotycz\u0105ce nawigacji, dane od stron trzecich, dane o u\u017cytkowaniu Twojego pojazdu itp. Zgodnie z przepisami, wykorzystanie takich narz\u0119dzi okre\u015blane jest jako profilowanie.<\/p>\n<p>Wykorzystanie i przechowywanie tych plik\u00f3w cookies wymaga Twojej zgody.<\/p>\n<p><strong>Pliki cookie analityczne<\/strong><\/p>\n<p>Te pliki cookie s\u0142u\u017c\u0105 do analizy ruchu na stronie internetowej i poprawy komfortu przegl\u0105dania.<\/p>\n<p>Pliki te mog\u0105 przetwarza\u0107 dane dotycz\u0105ce odwiedzanych stron, czasu sp\u0119dzonego na poszczeg\u00f3lnych stronach, przegl\u0105darki u\u017cywanej do ich odwiedzania itp.<\/p>\n<p>Dane zebrane przez te pliki cookie mog\u0105 by\u0107 r\u00f3wnie\u017c wykorzystywane do tworzenia algorytm\u00f3w i profili w celu analizy potencjalnych zainteresowa\u0144 i preferencji dotycz\u0105cych naszych produkt\u00f3w i us\u0142ug. Mo\u017cemy \u0142\u0105czy\u0107 te dane z innymi informacjami, na przyk\u0142ad z naszej bazy danych klient\u00f3w (wi\u0119cej informacji na temat profilowania i sposobu sprzeciwienia si\u0119 takiemu profilowaniu znajduje si\u0119 w naszej <a href=\"https:\/\/www.rci-insurance.eu\/legal\/terms-internet-usage-policy\/\">Polityce prywatno\u015bci<\/a> dotycz\u0105cej ochrony danych osobowych).<\/p>\n<p>Wykorzystanie i przechowywanie tych plik\u00f3w cookies wymaga zazwyczaj Twojej zgody. Pod pewnymi warunkami te pliki cookie mog\u0105 by\u0107 umieszczane\/odczytywane bez Twojej zgody, na przyk\u0142ad je\u015bli celem plik\u00f3w cookie jest wy\u0142\u0105cznie analiza ogl\u0105danych tre\u015bci.<\/p>\n<\/div><\/details><\/div>\n<div class=\"lightweight-accordion\"><details><summary class=\"lightweight-accordion-title\"><span><strong>JAKIE PLIKI COOKIE S\u0104 U\u017bYWANE NA TEJ STRONIE?<\/strong><\/span><\/summary><div class=\"lightweight-accordion-body\"><p>W za\u0142\u0105czonej tabeli znajduje si\u0119 lista wszystkich plik\u00f3w cookie przechowywanych i\/lub u\u017cywanych przez t\u0119 stron\u0119 wraz z ich g\u0142\u00f3wnymi cechami. Gdy tylko jest to mo\u017cliwe, pliki cookie s\u0105 przechowywane na serwerach znajduj\u0105cych si\u0119 w Europejskim Obszarze Gospodarczym (EOG). Jednak w zwi\u0105zku z faktem, \u017ce niekt\u00f3rzy z naszych us\u0142ugodawc\u00f3w znajduj\u0105 si\u0119 w krajach poza EOG, Twoje dane osobowe s\u0105 przetwarzane w tych krajach, kt\u00f3re mog\u0105 mie\u0107 inne przepisy dotycz\u0105ce danych osobowych ni\u017c Unia Europejska. W takim przypadku (i) dok\u0142adamy wszelkich stara\u0144, aby zapewni\u0107 zgodno\u015b\u0107 tego transferu z obowi\u0105zuj\u0105cymi przepisami oraz (ii) wdra\u017camy zabezpieczenia gwarantuj\u0105ce odpowiedni poziom ochrony Twoich danych (w szczeg\u00f3lno\u015bci poprzez stosowanie standardowych klauzul umownych Komisji Europejskiej).<\/p>\n<p>Nasza strona mo\u017ce zawiera\u0107 pliki cookie stron trzecich (agencji komunikacyjnych, us\u0142ug analitycznych itp.), kt\u00f3re pozwalaj\u0105 im w czasie dzia\u0142ania plik\u00f3w cookie zbiera\u0107 informacje o przegl\u0105daniu naszej strony. Przechowywanie i wykorzystywanie tych plik\u00f3w cookie przez strony trzecie podlega ich w\u0142asnym politykom prywatno\u015bci. Informujemy o celu stosowania plik\u00f3w cookie stron trzecich na naszej stronie oraz o dost\u0119pnych mo\u017cliwo\u015bciach wyboru dotycz\u0105cych tych plik\u00f3w cookie.<\/p>\n<p><strong>W\u0142a\u015bciciel partnerski pliku cookie<\/strong>: Mobilize Financial Services<\/p>\n<p><strong>Cel pliku cookie<\/strong>:<\/p>\n<ul>\n<li>Techniczny<\/li>\n<li>Spo\u0142eczno\u015bciowy<\/li>\n<li>Spersonalizowane reklamy\/tre\u015bci<\/li>\n<li>Analityczny<\/li>\n<\/ul>\n<\/div><\/details><\/div>\n<div class=\"lightweight-accordion\"><details><summary class=\"lightweight-accordion-title\"><span><strong>W JAKI SPOS\u00d3B UZYSKUJEMY TWOJ\u0104 ZGOD\u0118?<\/strong><\/span><\/summary><div class=\"lightweight-accordion-body\"><p>Podczas pierwszej wizyty na naszej witrynie wy\u015bwietlany jest specjalny baner informacyjny, w kt\u00f3rym mo\u017cesz wyrazi\u0107 zgod\u0119, odm\u00f3wi\u0107 lub dokona\u0107 okre\u015blonych wybor\u00f3w dotycz\u0105cych wykorzystania plik\u00f3w cookie.<\/p>\n<p>Mo\u017cesz w ka\u017cdej chwili wycofa\u0107 swoj\u0105 zgod\u0119 lub zmieni\u0107 wybrane opcje (na przyk\u0142ad zaakceptowa\u0107 tylko wybrane rodzaje plik\u00f3w cookie) za pomoc\u0105 naszego dedykowanego narz\u0119dzia.<\/p>\n<p>Nale\u017cy pami\u0119ta\u0107, \u017ce zgodnie z przepisami, pliki cookie niezb\u0119dne do funkcjonowania strony internetowej nie wymagaj\u0105 Twojej zgody i dlatego nie mo\u017cna ich dezaktywowa\u0107 w naszym narz\u0119dziu do zarz\u0105dzania plikami cookie. Mo\u017cesz zablokowa\u0107 ich dzia\u0142anie, zmieniaj\u0105c ustawienia przegl\u0105darki (zgodnie z instrukcj\u0105 w sekcji \u201ejak zablokowa\u0107 pliki cookie\u201d poni\u017cej), jednak mo\u017ce to wp\u0142yn\u0105\u0107 na jako\u015b\u0107 korzystania ze strony.<\/p>\n<\/div><\/details><\/div>\n<div class=\"lightweight-accordion\"><details><summary class=\"lightweight-accordion-title\"><span><strong>JAK D\u0141UGO PRZECHOWYWANA JEST TWOJA ZGODA?<\/strong><\/span><\/summary><div class=\"lightweight-accordion-body\"><p>Gdy akceptujesz lub odrzucasz wszystkie, lub wybrane pliki cookie na naszej stronie internetowej, Tw\u00f3j wyb\u00f3r jest zapisywany i przechowywany (b\u0119dziemy przechowywa\u0107 informacje o Twoich preferencjach) przez okres maksymalnie 6 miesi\u0119cy. Oznacza to, \u017ce gdy odwiedzisz nasz\u0105 stron\u0119 w tym okresie, nie b\u0119dziemy prosi\u0107 Ci\u0119 o \u017cadne dzia\u0142ania dotycz\u0105ce plik\u00f3w cookie, poniewa\u017c mamy zapisane Twoje preferencje.<\/p>\n<p>Po up\u0142ywie tego okresu poprosimy Ci\u0119 ponownie o wyra\u017cenie zgody, odmow\u0119 lub dokonanie okre\u015blonych wybor\u00f3w dotycz\u0105cych wykorzystania plik\u00f3w cookie.<\/p>\n<\/div><\/details><\/div>\n<div class=\"lightweight-accordion\"><details><summary class=\"lightweight-accordion-title\"><span><strong>JAK ZARZ\u0104DZA\u0106 PLIKAMI COOKIE?<\/strong><\/span><\/summary><div class=\"lightweight-accordion-body\"><p><strong>Jak odrzuci\u0107 pliki cookie?<\/strong><\/p>\n<p>Je\u015bli nie chcesz, aby pliki cookie by\u0142y przechowywane lub odczytywane na Twoim urz\u0105dzeniu, zostanie zapisany plik cookie odmowy, kt\u00f3ry pozwoli nam zarejestrowa\u0107 fakt, \u017ce sprzeciwiasz si\u0119 wykorzystywaniu plik\u00f3w cookie. Je\u015bli usuniesz ten plik cookie odmowy, nie b\u0119dziemy mogli rozpozna\u0107, \u017ce odrzuci\u0142e\u015b wykorzystywanie i przechowywanie plik\u00f3w cookie (co oznacza, \u017ce przy nast\u0119pnej wizycie na naszej stronie b\u0119dziesz musia\u0142 ponownie ustawi\u0107 swoje preferencje).<\/p>\n<p>Masz kilka opcji zarz\u0105dzania plikami cookie, w tym mo\u017cliwo\u015b\u0107 zablokowania ich u\u017cywania i\/lub usuni\u0119cia.<\/p>\n<p><strong>Narz\u0119dzie do zarz\u0105dzania plikami cookie<br \/>\n<\/strong>Udost\u0119pniamy narz\u0119dzie do zarz\u0105dzania plikami cookie, kt\u00f3re pozwala na zarz\u0105dzanie preferencjami dotycz\u0105cymi plik\u00f3w cookie u\u017cywanych w tej witrynie. W ka\u017cdej chwili, klikaj\u0105c w poni\u017cszy link, mo\u017cesz uzyska\u0107 dost\u0119p do konfiguratora i zmieni\u0107 swoje preferencje w zale\u017cno\u015bci od rodzaju plik\u00f3w cookie.<\/p>\n<p><strong>ZARZ\u0104DZANIE PLIKAMI COOKIE<\/strong><\/p>\n<p><strong>Ustawienia przegl\u0105darki<\/strong><br \/>\nMo\u017cesz r\u00f3wnie\u017c zarz\u0105dza\u0107 plikami cookie poprzez przegl\u0105dark\u0119.<\/p>\n<p>Wi\u0119kszo\u015b\u0107 przegl\u0105darek domy\u015blnie akceptuje pliki cookie, ale je\u015bli chcesz, mo\u017cesz wybra\u0107 akceptacj\u0119 wszystkich plik\u00f3w cookie, systematycznie je odrzuca\u0107 lub wybiera\u0107, kt\u00f3re pliki cookie akceptujesz, w zale\u017cno\u015bci od ich \u017ar\u00f3d\u0142a. Mo\u017cesz tak\u017ce regularnie usuwa\u0107 pliki cookie ze swojego urz\u0105dzenia za pomoc\u0105 przegl\u0105darki.<\/p>\n<p>Pami\u0119taj jednak, aby skonfigurowa\u0107 wszystkie przegl\u0105darki na r\u00f3\u017cnych urz\u0105dzeniach (tablety, smartfony, komputery itp.).<\/p>\n<p>Ka\u017cda przegl\u0105darka ma inny spos\u00f3b konfiguracji plik\u00f3w cookie i Twoich wybor\u00f3w. Znajdziesz to w menu pomocy przegl\u0105darki, kt\u00f3re poka\u017ce Ci, jak zmieni\u0107 ustawienia plik\u00f3w cookie. Na przyk\u0142ad:<br \/>\n\u2022 Internet Explorer\u2122:\u00a0<a href=\"http:\/\/windows.microsoft.com\/fr-FR\/windows-vista\/Block-or-allow-cookies\">http:\/\/windows.microsoft.com\/fr-FR\/windows-vista\/Block-or-allow-cookies<\/a>;<br \/>\n\u2022 Safari\u2122: <a href=\"https:\/\/support.apple.com\/fr-fr\/safari\">https:\/\/support.apple.com\/fr-fr\/safari<\/a>;<br \/>\n\u2022 Chrome\u2122: <a href=\"http:\/\/support.google.com\/chrome\/bin\/answer.py?hl=fr&amp;hlrm=en&amp;answer=95647\">http:\/\/support.google.com\/chrome\/bin\/answer.py?hl=fr&amp;hlrm=en&amp;answer=95647<\/a>;<br \/>\n\u2022 Firefox\u2122: <a href=\"http:\/\/support.mozilla.org\/fr\/kb\/Activer%20et%20d\u00e9sactiver%20les%20cookies\">http:\/\/support.mozilla.org\/fr\/kb\/Activer%20et%20d%C3%A9sactiver%20les%20cookies<\/a>;<br \/>\n\u2022 Opera\u2122: <a href=\"http:\/\/help.opera.com\/Windows\/10.20\/fr\/cookies.html\">http:\/\/help.opera.com\/Windows\/10.20\/fr\/cookies.html<\/a><\/p>\n<p><strong>Modu\u0142y reklamowe &#8211; zg\u0142aszanie sprzeciwu<\/strong><br \/>\nMo\u017cesz wy\u0142\u0105czy\u0107 niekt\u00f3re pliki cookies stron trzecich, przechodz\u0105c bezpo\u015brednio na stron\u0119 wydawcy pliku cookie. W tym celu:<\/p>\n<p>&#8211; aby wy\u0142\u0105czy\u0107 pliki cookies Google Analytics, przejd\u017a na stron\u0119: <a href=\"https:\/\/tools.google.com\/dlpage\/gaoptout?hl=en\">https:\/\/tools.google.com\/dlpage\/gaoptout?hl=en<\/a><\/p>\n<\/div><\/details><\/div>\n<div class=\"lightweight-accordion\"><details><summary class=\"lightweight-accordion-title\"><span><strong>JAK KORZYSTA\u0106 Z POZOSTA\u0141YCH PRAW?<\/strong><\/span><\/summary><div class=\"lightweight-accordion-body\"><p>Zgodnie z obowi\u0105zuj\u0105cymi przepisami o ochronie danych osobowych przys\u0142uguje Ci prawo dost\u0119pu do danych, ich sprostowania, wniesienia sprzeciwu, ograniczenia przetwarzania oraz usuni\u0119cia danych osobowych. Aby skorzysta\u0107 z pozosta\u0142ych praw, zapoznaj si\u0119 z informacjami o ochronie danych osobowych, klikaj\u0105c poni\u017cszy link <a href=\"https:\/\/www.rci-insurance.eu\/legal\/terms-internet-usage-policy\/\">Polityka prywatno\u015bci<\/a><\/p>\n<\/div><\/details><\/div>\n<div class=\"lightweight-accordion\"><details><summary class=\"lightweight-accordion-title\"><span><strong>ZMIANY<\/strong><\/span><\/summary><div class=\"lightweight-accordion-body\"><p>Mo\u017cemy od czasu do czasu wprowadza\u0107 zmiany w niniejszej polityce. Poinformujemy Ci\u0119 i\/lub poprosimy o zgod\u0119, gdy b\u0119dzie to konieczne lub wymagane. W zwi\u0105zku z tym zalecamy zapoznawanie si\u0119 z niniejsz\u0105 polityk\u0105 przy ka\u017cdej wizycie na naszej stronie internetowej, aby mie\u0107 pewno\u015b\u0107, \u017ce znasz jej najnowsz\u0105 wersj\u0119.<\/p>\n<p>Wersja 1: 27.05.2021<\/p>\n<\/div><\/details><\/div>\n","protected":false},"excerpt":{"rendered":"Nasze strony i aplikacje wykorzystuj\u0105 technologie takie jak pliki cookie, aby zapewni\u0107 wysok\u0105 jako\u015b\u0107, p\u0142ynno\u015b\u0107 i spersonalizowane do\u015bwiadczenie. Informacje zawarte w niniejszej Polityce stanowi\u0105 uzupe\u0142nienie Informacji o ochronie danych osobowych Polityki prywatno\u015bci Ochrona Twoich danych w internecie jest priorytetem Mobilize Financial Services. W ka\u017cdej chwili mo\u017cesz zmieni\u0107 swoje preferencje dotycz\u0105ce plik\u00f3w cookie, korzystaj\u0105c z naszego&hellip;","protected":false},"author":1,"featured_media":0,"parent":0,"menu_order":0,"comment_status":"closed","ping_status":"closed","template":"","meta":{"_acf_changed":false,"footnotes":""},"class_list":["post-8797","page","type-page","status-publish","hentry"],"acf":[],"yoast_head":"<!-- This site is optimized with the Yoast SEO plugin v27.3 - https:\/\/yoast.com\/product\/yoast-seo-wordpress\/ -->\r\n<title>Pliki cookie - RCI INSURANCE<\/title>\r\n<meta name=\"robots\" content=\"index, follow, max-snippet:-1, max-image-preview:large, max-video-preview:-1\" \/>\r\n<link rel=\"canonical\" href=\"https:\/\/www.rci-insurance.eu\/pl\/pliki-cookie\/\" \/>\r\n<meta property=\"og:locale\" content=\"pl_PL\" \/>\r\n<meta property=\"og:type\" content=\"article\" \/>\r\n<meta property=\"og:title\" content=\"Pliki cookie - RCI INSURANCE\" \/>\r\n<meta property=\"og:description\" content=\"Nasze strony i aplikacje wykorzystuj\u0105 technologie takie jak pliki cookie, aby zapewni\u0107 wysok\u0105 jako\u015b\u0107, p\u0142ynno\u015b\u0107 i spersonalizowane do\u015bwiadczenie. Informacje zawarte w niniejszej Polityce stanowi\u0105 uzupe\u0142nienie Informacji o ochronie danych osobowych Polityki prywatno\u015bci Ochrona Twoich danych w internecie jest priorytetem Mobilize Financial Services. W ka\u017cdej chwili mo\u017cesz zmieni\u0107 swoje preferencje dotycz\u0105ce plik\u00f3w cookie, korzystaj\u0105c z naszego&hellip;\" \/>\r\n<meta property=\"og:url\" content=\"https:\/\/www.rci-insurance.eu\/pl\/pliki-cookie\/\" \/>\r\n<meta property=\"og:site_name\" content=\"RCI INSURANCE\" \/>\r\n<meta property=\"article:modified_time\" content=\"2025-01-23T08:27:27+00:00\" \/>\r\n<meta name=\"twitter:card\" content=\"summary_large_image\" \/>\r\n<meta name=\"twitter:label1\" content=\"Szacowany czas czytania\" \/>\n\t<meta name=\"twitter:data1\" content=\"9 minut\" \/>\r\n<script type=\"application\/ld+json\" class=\"yoast-schema-graph\">{\"@context\":\"https:\\\/\\\/schema.org\",\"@graph\":[{\"@type\":\"WebPage\",\"@id\":\"https:\\\/\\\/www.rci-insurance.eu\\\/pl\\\/pliki-cookie\\\/\",\"url\":\"https:\\\/\\\/www.rci-insurance.eu\\\/pl\\\/pliki-cookie\\\/\",\"name\":\"Pliki cookie - RCI INSURANCE\",\"isPartOf\":{\"@id\":\"https:\\\/\\\/www.rci-insurance.eu\\\/#website\"},\"datePublished\":\"2017-12-12T15:41:32+00:00\",\"dateModified\":\"2025-01-23T08:27:27+00:00\",\"breadcrumb\":{\"@id\":\"https:\\\/\\\/www.rci-insurance.eu\\\/pl\\\/pliki-cookie\\\/#breadcrumb\"},\"inLanguage\":\"pl-PL\",\"potentialAction\":[{\"@type\":\"ReadAction\",\"target\":[\"https:\\\/\\\/www.rci-insurance.eu\\\/pl\\\/pliki-cookie\\\/\"]}]},{\"@type\":\"BreadcrumbList\",\"@id\":\"https:\\\/\\\/www.rci-insurance.eu\\\/pl\\\/pliki-cookie\\\/#breadcrumb\",\"itemListElement\":[{\"@type\":\"ListItem\",\"position\":1,\"name\":\"Home\",\"item\":\"https:\\\/\\\/www.rci-insurance.eu\\\/pl\\\/\"},{\"@type\":\"ListItem\",\"position\":2,\"name\":\"Pliki cookie\"}]},{\"@type\":\"WebSite\",\"@id\":\"https:\\\/\\\/www.rci-insurance.eu\\\/#website\",\"url\":\"https:\\\/\\\/www.rci-insurance.eu\\\/\",\"name\":\"RCI INSURANCE\",\"description\":\"\",\"potentialAction\":[{\"@type\":\"SearchAction\",\"target\":{\"@type\":\"EntryPoint\",\"urlTemplate\":\"https:\\\/\\\/www.rci-insurance.eu\\\/?s={search_term_string}\"},\"query-input\":{\"@type\":\"PropertyValueSpecification\",\"valueRequired\":true,\"valueName\":\"search_term_string\"}}],\"inLanguage\":\"pl-PL\"}]}<\/script>\r\n<!-- \/ Yoast SEO plugin. -->","yoast_head_json":{"title":"Pliki cookie - RCI INSURANCE","robots":{"index":"index","follow":"follow","max-snippet":"max-snippet:-1","max-image-preview":"max-image-preview:large","max-video-preview":"max-video-preview:-1"},"canonical":"https:\/\/www.rci-insurance.eu\/pl\/pliki-cookie\/","og_locale":"pl_PL","og_type":"article","og_title":"Pliki cookie - RCI INSURANCE","og_description":"Nasze strony i aplikacje wykorzystuj\u0105 technologie takie jak pliki cookie, aby zapewni\u0107 wysok\u0105 jako\u015b\u0107, p\u0142ynno\u015b\u0107 i spersonalizowane do\u015bwiadczenie. Informacje zawarte w niniejszej Polityce stanowi\u0105 uzupe\u0142nienie Informacji o ochronie danych osobowych Polityki prywatno\u015bci Ochrona Twoich danych w internecie jest priorytetem Mobilize Financial Services. W ka\u017cdej chwili mo\u017cesz zmieni\u0107 swoje preferencje dotycz\u0105ce plik\u00f3w cookie, korzystaj\u0105c z naszego&hellip;","og_url":"https:\/\/www.rci-insurance.eu\/pl\/pliki-cookie\/","og_site_name":"RCI INSURANCE","article_modified_time":"2025-01-23T08:27:27+00:00","twitter_card":"summary_large_image","twitter_misc":{"Szacowany czas czytania":"9 minut"},"schema":{"@context":"https:\/\/schema.org","@graph":[{"@type":"WebPage","@id":"https:\/\/www.rci-insurance.eu\/pl\/pliki-cookie\/","url":"https:\/\/www.rci-insurance.eu\/pl\/pliki-cookie\/","name":"Pliki cookie - RCI INSURANCE","isPartOf":{"@id":"https:\/\/www.rci-insurance.eu\/#website"},"datePublished":"2017-12-12T15:41:32+00:00","dateModified":"2025-01-23T08:27:27+00:00","breadcrumb":{"@id":"https:\/\/www.rci-insurance.eu\/pl\/pliki-cookie\/#breadcrumb"},"inLanguage":"pl-PL","potentialAction":[{"@type":"ReadAction","target":["https:\/\/www.rci-insurance.eu\/pl\/pliki-cookie\/"]}]},{"@type":"BreadcrumbList","@id":"https:\/\/www.rci-insurance.eu\/pl\/pliki-cookie\/#breadcrumb","itemListElement":[{"@type":"ListItem","position":1,"name":"Home","item":"https:\/\/www.rci-insurance.eu\/pl\/"},{"@type":"ListItem","position":2,"name":"Pliki cookie"}]},{"@type":"WebSite","@id":"https:\/\/www.rci-insurance.eu\/#website","url":"https:\/\/www.rci-insurance.eu\/","name":"RCI INSURANCE","description":"","potentialAction":[{"@type":"SearchAction","target":{"@type":"EntryPoint","urlTemplate":"https:\/\/www.rci-insurance.eu\/?s={search_term_string}"},"query-input":{"@type":"PropertyValueSpecification","valueRequired":true,"valueName":"search_term_string"}}],"inLanguage":"pl-PL"}]}},"_links":{"self":[{"href":"https:\/\/www.rci-insurance.eu\/pl\/wp-json\/wp\/v2\/pages\/8797","targetHints":{"allow":["GET"]}}],"collection":[{"href":"https:\/\/www.rci-insurance.eu\/pl\/wp-json\/wp\/v2\/pages"}],"about":[{"href":"https:\/\/www.rci-insurance.eu\/pl\/wp-json\/wp\/v2\/types\/page"}],"author":[{"embeddable":true,"href":"https:\/\/www.rci-insurance.eu\/pl\/wp-json\/wp\/v2\/users\/1"}],"replies":[{"embeddable":true,"href":"https:\/\/www.rci-insurance.eu\/pl\/wp-json\/wp\/v2\/comments?post=8797"}],"version-history":[{"count":3,"href":"https:\/\/www.rci-insurance.eu\/pl\/wp-json\/wp\/v2\/pages\/8797\/revisions"}],"predecessor-version":[{"id":8800,"href":"https:\/\/www.rci-insurance.eu\/pl\/wp-json\/wp\/v2\/pages\/8797\/revisions\/8800"}],"wp:attachment":[{"href":"https:\/\/www.rci-insurance.eu\/pl\/wp-json\/wp\/v2\/media?parent=8797"}],"curies":[{"name":"wp","href":"https:\/\/api.w.org\/{rel}","templated":true}]}}