{"id":8795,"date":"2017-12-12T15:44:55","date_gmt":"2017-12-12T15:44:55","guid":{"rendered":"https:\/\/www.rci-insurance.eu\/website-privacy-info\/"},"modified":"2025-01-23T09:15:24","modified_gmt":"2025-01-23T08:15:24","slug":"informacja-o-prywatnosci-w-witrynie","status":"publish","type":"page","link":"https:\/\/www.rci-insurance.eu\/pl\/informacja-o-prywatnosci-w-witrynie\/","title":{"rendered":"Informacja o Prywatno\u015bci w Witrynie"},"content":{"rendered":"<p><strong>Niniejsza polityka prywatno\u015bci dotyczy korzystania z tej Strony Internetowej, b\u0119d\u0105cej w\u0142asno\u015bci\u0105 RCI Life Ltd, RCI Insurance Ltd oraz RCI Services Ltd (zwanych dalej \u0142\u0105cznie \u201eSp\u00f3\u0142kami\u201d, \u201enami\u201d lub \u201emy\u201d).<\/strong><\/p>\n<p>Niniejsza polityka prywatno\u015bci ma zastosowanie wy\u0142\u0105cznie do ochrony danych osobowych zbieranych podczas korzystania z domeny Sp\u00f3\u0142ek <a href=\"https:\/\/www.rci-insurance.eu\/\"><strong>www.rci-insurance.eu<\/strong><\/a> oraz jej poddomen (zwanych dalej \u0142\u0105cznie \u201eStron\u0105 Internetow\u0105\u201d lub \u201et\u0105 Stron\u0105 Internetow\u0105\u201d). Korzystaj\u0105c z tej Strony Internetowej, wyra\u017casz jednoznaczn\u0105 zgod\u0119 na przetwarzanie Twoich danych osobowych w spos\u00f3b opisany w niniejszym dokumencie. Niniejsza polityka prywatno\u015bci stanowi podstaw\u0119, w oparciu o kt\u00f3r\u0105 Sp\u00f3\u0142ki b\u0119d\u0105 przetwarza\u0107 dane zbierane za po\u015brednictwem swojej strony internetowej.<\/p>\n<p>Witryna mo\u017ce zawiera\u0107 hiper\u0142\u0105cza do zewn\u0119trznych witryn, kt\u00f3re mog\u0105 nale\u017ce\u0107 do innych podmiot\u00f3w w ramach Mobilize Financial Services lub do stron trzecich. Sp\u00f3\u0142ki nie ponosz\u0105 odpowiedzialno\u015bci za wykorzystanie danych osobowych ujawnionych za po\u015brednictwem tych witryn i zalecaj\u0105 u\u017cytkownikom zapoznanie si\u0119 z wszelkimi warunkami, w tym zasadami dotycz\u0105cymi wykorzystania danych osobowych, kt\u00f3re mog\u0105 mie\u0107 zastosowanie.<\/p>\n<p>Wszelkie dane osobowe przekazane za po\u015brednictwem tej Witryny b\u0119d\u0105 przetwarzane i wykorzystywane zgodnie z obowi\u0105zuj\u0105cym prawem, w szczeg\u00f3lno\u015bci z Og\u00f3lnym Rozporz\u0105dzeniem o Ochronie Danych (Rozporz\u0105dzenie (UE) 2016\/679) oraz Ustaw\u0105 o Ochronie Danych (Rozdzia\u0142 440 Prawa Malty).<\/p>\n<p>Sp\u00f3\u0142ki mog\u0105 gromadzi\u0107 dane osobowe, takie jak imi\u0119 i nazwisko, dane kontaktowe, w tym adres e-mail, oraz informacje demograficzne, takie jak kraj zamieszkania lub pochodzenia. Gromadzone dane osobowe b\u0119d\u0105 ograniczone do informacji, kt\u00f3re mo\u017cesz nam ujawni\u0107 za po\u015brednictwem zapytania e-mail, wys\u0142anego na adres podany na tej Witrynie. Ten adres e-mail nie powinien by\u0107 u\u017cywany w zwi\u0105zku z realizacj\u0105 um\u00f3w dotycz\u0105cych naszej podstawowej dzia\u0142alno\u015bci ubezpieczeniowej. Wszelkie informacje przekazane nam w tym zakresie b\u0119d\u0105 przetwarzane zgodnie z przepisami o ochronie danych, zawartymi w warunkach umowy ubezpieczenia.<\/p>\n<p>Nale\u017cy pami\u0119ta\u0107, \u017ce przekazuj\u0105c takie dane osobowe, wyra\u017casz zgod\u0119 na ich przetwarzanie zgodnie z poni\u017csz\u0105 polityk\u0105:<\/p>\n<ul>\n<li>Nie b\u0119dziemy wykorzystywa\u0107 danych osobowych ujawnionych za po\u015brednictwem Witryny do cel\u00f3w innych ni\u017c odpowied\u017a na zapytanie lub realizacja pro\u015bby przekazanej bezpo\u015brednio przez Stron\u0119 internetow\u0105. Mo\u017cemy r\u00f3wnie\u017c przetwarza\u0107 Twoje dane osobowe w celu ulepszenia zawarto\u015bci i funkcjonalno\u015bci tej Witryny, lepszego zrozumienia naszych klient\u00f3w i rynk\u00f3w oraz doskonalenia naszych produkt\u00f3w i us\u0142ug.<\/li>\n<li>Mo\u017cemy udost\u0119pnia\u0107 Twoje dane osobowe innym sp\u00f3\u0142kom w ramach Mobilize Financial Services lub innym stronom trzecim w krajach UE i spoza UE, z zastrze\u017ceniem ogranicze\u0144 dotycz\u0105cych dalszego przetwarzania i zabezpiecze\u0144 wymaganych przez prawo. Ponadto mog\u0105 wyst\u0105pi\u0107 sytuacje, w kt\u00f3rych b\u0119dziemy przetwarza\u0107 takie dane osobowe w celu wype\u0142nienia naszych obowi\u0105zk\u00f3w prawnych i prawid\u0142owego funkcjonowania wymiaru sprawiedliwo\u015bci.<\/li>\n<li>Chocia\u017c \u017cadna metoda transmisji danych nie gwarantuje ochrony przed bezprawnym przechwyceniem przez osoby trzecie lub innym niew\u0142a\u015bciwym wykorzystaniem, podejmiemy wszelkie niezb\u0119dne kroki w celu zabezpieczenia takich danych. \u00a0Nie mo\u017cemy jednak przyj\u0105\u0107 odpowiedzialno\u015bci za nieuprawniony dost\u0119p lub utrat\u0119 danych osobowych, kt\u00f3re s\u0105 poza nasz\u0105 kontrol\u0105.<\/li>\n<li>Masz prawo za\u017c\u0105da\u0107 kopii wszelkich danych osobowych, kt\u00f3re Sp\u00f3\u0142ki przechowuj\u0105 na Tw\u00f3j temat. Mo\u017cesz r\u00f3wnie\u017c za\u017c\u0105da\u0107 skorygowania Twoich danych osobowych, je\u015bli jest to konieczne. Po otrzymaniu takiego \u017c\u0105dania do\u0142o\u017cymy wszelkich stara\u0144, aby je zrealizowa\u0107 w rozs\u0105dnym terminie i bez zb\u0119dnej zw\u0142oki.\u00a0Je\u015bli masz jakiekolwiek sugestie lub pytania dotycz\u0105ce kwestii prywatno\u015bci lub naszych Warunk\u00f3w, skontaktuj si\u0119 z Inspektorem Ochrony Danych RCi Insurance (IOD) poprzez e-mail na adres <a href=\"mailto:dataprotectionofficer-malta@recibanque.com\">dataprotectionofficer-malta@rcibanque.com<\/a> lub listownie, pisz\u0105c do Korespondenta ds. Ochrony Danych:<\/li>\n<\/ul>\n<p style=\"text-align: center;\">Korespondent ds. Ochrony Danych<br \/>\nRCI Insurance Ltd<em><br \/>\n<\/em>Level 3, The Exchange Financial &amp; Business Centre,<br \/>\nTriq Elia Zammit,<br \/>\nSt Julian\u2019s \u2013 STJ 3155<br \/>\nMalta<\/p>\n<p>Mo\u017cesz r\u00f3wnie\u017c skontaktowa\u0107 si\u0119 z Inspektorem Ochrony Danych Grupy Mobilize Financial Services &amp; Services (GDPO), wysy\u0142aj\u0105c wiadomo\u015b\u0107 na adres e-mail: <a href=\"mailto:dataprotectionofficer@rcibanque.com\">dataprotectionofficer@rcibanque.com<\/a>.<\/p>\n<p>W celu zapewnienia najwy\u017cszej jako\u015bci obs\u0142ugi oraz przestrzegania obowi\u0105zk\u00f3w prawnych i regulacyjnych Sp\u00f3\u0142ki mog\u0105 okresowo wprowadza\u0107 zmiany do niniejszej polityki. Zalecamy regularne zapoznawanie si\u0119 z tre\u015bci\u0105 polityki, aby by\u0107 na bie\u017c\u0105co ze zmianami, kt\u00f3re b\u0119d\u0105 dla Ciebie wi\u0105\u017c\u0105ce.<\/p>\n","protected":false},"excerpt":{"rendered":"Niniejsza polityka prywatno\u015bci dotyczy korzystania z tej Strony Internetowej, b\u0119d\u0105cej w\u0142asno\u015bci\u0105 RCI Life Ltd, RCI Insurance Ltd oraz RCI Services Ltd (zwanych dalej \u0142\u0105cznie \u201eSp\u00f3\u0142kami\u201d, \u201enami\u201d lub \u201emy\u201d). Niniejsza polityka prywatno\u015bci ma zastosowanie wy\u0142\u0105cznie do ochrony danych osobowych zbieranych podczas korzystania z domeny Sp\u00f3\u0142ek www.rci-insurance.eu oraz jej poddomen (zwanych dalej \u0142\u0105cznie \u201eStron\u0105 Internetow\u0105\u201d lub \u201et\u0105&hellip;","protected":false},"author":1,"featured_media":0,"parent":0,"menu_order":0,"comment_status":"closed","ping_status":"closed","template":"","meta":{"_acf_changed":false,"footnotes":""},"class_list":["post-8795","page","type-page","status-publish","hentry"],"acf":[],"yoast_head":"<!-- This site is optimized with the Yoast SEO plugin v27.3 - https:\/\/yoast.com\/product\/yoast-seo-wordpress\/ -->\r\n<title>Informacja o Prywatno\u015bci w Witrynie - RCI INSURANCE<\/title>\r\n<meta name=\"robots\" content=\"index, follow, max-snippet:-1, max-image-preview:large, max-video-preview:-1\" \/>\r\n<link rel=\"canonical\" href=\"https:\/\/www.rci-insurance.eu\/pl\/informacja-o-prywatnosci-w-witrynie\/\" \/>\r\n<meta property=\"og:locale\" content=\"pl_PL\" \/>\r\n<meta property=\"og:type\" content=\"article\" \/>\r\n<meta property=\"og:title\" content=\"Informacja o Prywatno\u015bci w Witrynie - RCI INSURANCE\" \/>\r\n<meta property=\"og:description\" content=\"Niniejsza polityka prywatno\u015bci dotyczy korzystania z tej Strony Internetowej, b\u0119d\u0105cej w\u0142asno\u015bci\u0105 RCI Life Ltd, RCI Insurance Ltd oraz RCI Services Ltd (zwanych dalej \u0142\u0105cznie \u201eSp\u00f3\u0142kami\u201d, \u201enami\u201d lub \u201emy\u201d). Niniejsza polityka prywatno\u015bci ma zastosowanie wy\u0142\u0105cznie do ochrony danych osobowych zbieranych podczas korzystania z domeny Sp\u00f3\u0142ek www.rci-insurance.eu oraz jej poddomen (zwanych dalej \u0142\u0105cznie \u201eStron\u0105 Internetow\u0105\u201d lub \u201et\u0105&hellip;\" \/>\r\n<meta property=\"og:url\" content=\"https:\/\/www.rci-insurance.eu\/pl\/informacja-o-prywatnosci-w-witrynie\/\" \/>\r\n<meta property=\"og:site_name\" content=\"RCI INSURANCE\" \/>\r\n<meta property=\"article:modified_time\" content=\"2025-01-23T08:15:24+00:00\" \/>\r\n<meta name=\"twitter:card\" content=\"summary_large_image\" \/>\r\n<meta name=\"twitter:label1\" content=\"Szacowany czas czytania\" \/>\n\t<meta name=\"twitter:data1\" content=\"3 minuty\" \/>\r\n<script type=\"application\/ld+json\" class=\"yoast-schema-graph\">{\"@context\":\"https:\\\/\\\/schema.org\",\"@graph\":[{\"@type\":\"WebPage\",\"@id\":\"https:\\\/\\\/www.rci-insurance.eu\\\/pl\\\/informacja-o-prywatnosci-w-witrynie\\\/\",\"url\":\"https:\\\/\\\/www.rci-insurance.eu\\\/pl\\\/informacja-o-prywatnosci-w-witrynie\\\/\",\"name\":\"Informacja o Prywatno\u015bci w Witrynie - RCI INSURANCE\",\"isPartOf\":{\"@id\":\"https:\\\/\\\/www.rci-insurance.eu\\\/#website\"},\"datePublished\":\"2017-12-12T15:44:55+00:00\",\"dateModified\":\"2025-01-23T08:15:24+00:00\",\"breadcrumb\":{\"@id\":\"https:\\\/\\\/www.rci-insurance.eu\\\/pl\\\/informacja-o-prywatnosci-w-witrynie\\\/#breadcrumb\"},\"inLanguage\":\"pl-PL\",\"potentialAction\":[{\"@type\":\"ReadAction\",\"target\":[\"https:\\\/\\\/www.rci-insurance.eu\\\/pl\\\/informacja-o-prywatnosci-w-witrynie\\\/\"]}]},{\"@type\":\"BreadcrumbList\",\"@id\":\"https:\\\/\\\/www.rci-insurance.eu\\\/pl\\\/informacja-o-prywatnosci-w-witrynie\\\/#breadcrumb\",\"itemListElement\":[{\"@type\":\"ListItem\",\"position\":1,\"name\":\"Home\",\"item\":\"https:\\\/\\\/www.rci-insurance.eu\\\/pl\\\/\"},{\"@type\":\"ListItem\",\"position\":2,\"name\":\"Informacja o Prywatno\u015bci w Witrynie\"}]},{\"@type\":\"WebSite\",\"@id\":\"https:\\\/\\\/www.rci-insurance.eu\\\/#website\",\"url\":\"https:\\\/\\\/www.rci-insurance.eu\\\/\",\"name\":\"RCI INSURANCE\",\"description\":\"\",\"potentialAction\":[{\"@type\":\"SearchAction\",\"target\":{\"@type\":\"EntryPoint\",\"urlTemplate\":\"https:\\\/\\\/www.rci-insurance.eu\\\/?s={search_term_string}\"},\"query-input\":{\"@type\":\"PropertyValueSpecification\",\"valueRequired\":true,\"valueName\":\"search_term_string\"}}],\"inLanguage\":\"pl-PL\"}]}<\/script>\r\n<!-- \/ Yoast SEO plugin. -->","yoast_head_json":{"title":"Informacja o Prywatno\u015bci w Witrynie - RCI INSURANCE","robots":{"index":"index","follow":"follow","max-snippet":"max-snippet:-1","max-image-preview":"max-image-preview:large","max-video-preview":"max-video-preview:-1"},"canonical":"https:\/\/www.rci-insurance.eu\/pl\/informacja-o-prywatnosci-w-witrynie\/","og_locale":"pl_PL","og_type":"article","og_title":"Informacja o Prywatno\u015bci w Witrynie - RCI INSURANCE","og_description":"Niniejsza polityka prywatno\u015bci dotyczy korzystania z tej Strony Internetowej, b\u0119d\u0105cej w\u0142asno\u015bci\u0105 RCI Life Ltd, RCI Insurance Ltd oraz RCI Services Ltd (zwanych dalej \u0142\u0105cznie \u201eSp\u00f3\u0142kami\u201d, \u201enami\u201d lub \u201emy\u201d). Niniejsza polityka prywatno\u015bci ma zastosowanie wy\u0142\u0105cznie do ochrony danych osobowych zbieranych podczas korzystania z domeny Sp\u00f3\u0142ek www.rci-insurance.eu oraz jej poddomen (zwanych dalej \u0142\u0105cznie \u201eStron\u0105 Internetow\u0105\u201d lub \u201et\u0105&hellip;","og_url":"https:\/\/www.rci-insurance.eu\/pl\/informacja-o-prywatnosci-w-witrynie\/","og_site_name":"RCI INSURANCE","article_modified_time":"2025-01-23T08:15:24+00:00","twitter_card":"summary_large_image","twitter_misc":{"Szacowany czas czytania":"3 minuty"},"schema":{"@context":"https:\/\/schema.org","@graph":[{"@type":"WebPage","@id":"https:\/\/www.rci-insurance.eu\/pl\/informacja-o-prywatnosci-w-witrynie\/","url":"https:\/\/www.rci-insurance.eu\/pl\/informacja-o-prywatnosci-w-witrynie\/","name":"Informacja o Prywatno\u015bci w Witrynie - RCI INSURANCE","isPartOf":{"@id":"https:\/\/www.rci-insurance.eu\/#website"},"datePublished":"2017-12-12T15:44:55+00:00","dateModified":"2025-01-23T08:15:24+00:00","breadcrumb":{"@id":"https:\/\/www.rci-insurance.eu\/pl\/informacja-o-prywatnosci-w-witrynie\/#breadcrumb"},"inLanguage":"pl-PL","potentialAction":[{"@type":"ReadAction","target":["https:\/\/www.rci-insurance.eu\/pl\/informacja-o-prywatnosci-w-witrynie\/"]}]},{"@type":"BreadcrumbList","@id":"https:\/\/www.rci-insurance.eu\/pl\/informacja-o-prywatnosci-w-witrynie\/#breadcrumb","itemListElement":[{"@type":"ListItem","position":1,"name":"Home","item":"https:\/\/www.rci-insurance.eu\/pl\/"},{"@type":"ListItem","position":2,"name":"Informacja o Prywatno\u015bci w Witrynie"}]},{"@type":"WebSite","@id":"https:\/\/www.rci-insurance.eu\/#website","url":"https:\/\/www.rci-insurance.eu\/","name":"RCI INSURANCE","description":"","potentialAction":[{"@type":"SearchAction","target":{"@type":"EntryPoint","urlTemplate":"https:\/\/www.rci-insurance.eu\/?s={search_term_string}"},"query-input":{"@type":"PropertyValueSpecification","valueRequired":true,"valueName":"search_term_string"}}],"inLanguage":"pl-PL"}]}},"_links":{"self":[{"href":"https:\/\/www.rci-insurance.eu\/pl\/wp-json\/wp\/v2\/pages\/8795","targetHints":{"allow":["GET"]}}],"collection":[{"href":"https:\/\/www.rci-insurance.eu\/pl\/wp-json\/wp\/v2\/pages"}],"about":[{"href":"https:\/\/www.rci-insurance.eu\/pl\/wp-json\/wp\/v2\/types\/page"}],"author":[{"embeddable":true,"href":"https:\/\/www.rci-insurance.eu\/pl\/wp-json\/wp\/v2\/users\/1"}],"replies":[{"embeddable":true,"href":"https:\/\/www.rci-insurance.eu\/pl\/wp-json\/wp\/v2\/comments?post=8795"}],"version-history":[{"count":1,"href":"https:\/\/www.rci-insurance.eu\/pl\/wp-json\/wp\/v2\/pages\/8795\/revisions"}],"predecessor-version":[{"id":8796,"href":"https:\/\/www.rci-insurance.eu\/pl\/wp-json\/wp\/v2\/pages\/8795\/revisions\/8796"}],"wp:attachment":[{"href":"https:\/\/www.rci-insurance.eu\/pl\/wp-json\/wp\/v2\/media?parent=8795"}],"curies":[{"name":"wp","href":"https:\/\/api.w.org\/{rel}","templated":true}]}}