{"id":8787,"date":"2024-03-11T15:21:12","date_gmt":"2024-03-11T14:21:12","guid":{"rendered":"https:\/\/www.rci-insurance.eu\/?page_id=8787"},"modified":"2025-01-23T13:59:36","modified_gmt":"2025-01-23T12:59:36","slug":"wsparcie-it-i-administrator","status":"publish","type":"page","link":"https:\/\/www.rci-insurance.eu\/pl\/o-rci-insurance\/kariery\/wsparcie-it-i-administrator\/","title":{"rendered":"Wsparcie IT i Administrator"},"content":{"rendered":"<p><strong>Wsparcie IT i Administrator<\/strong><\/p>\n<p><strong>O nas<\/strong><\/p>\n<p><strong>Mobilize Financial Services<\/strong>, sp\u00f3\u0142ka zale\u017cna Grupy Renault, jest partnerem finansowym marek Alliance (Renault, Dacia, Alpine, Renault Samsung Motors, Nissan i Mitsubishi Motors). Obecna w 36 krajach, Mobilize Financial Services tworzy innowacyjne us\u0142ugi finansowe, aby budowa\u0107 zr\u00f3wnowa\u017con\u0105 mobilno\u015b\u0107 dla wszystkich.<br \/>\nDo\u0142\u0105czysz do malta\u0144skiej sp\u00f3\u0142ki zale\u017cnej Mobilize Financial Services: <strong>RCI Life \/ RCI Insurance<\/strong>.<\/p>\n<p><strong>RCI Life \/ RCI Insurance<\/strong> to firmowa sp\u00f3\u0142ka ubezpieczeniowa oferuj\u0105ca szereg produkt\u00f3w i us\u0142ug ubezpieczeniowych powi\u0105zanych z finansowaniem, pojazdami i naszymi klientami. Wspierana przez mi\u0119dzynarodow\u0105 sie\u0107, RCI Life \/ RCI Insurance zosta\u0142a za\u0142o\u017cona na Malcie w 2008 roku i obecnie zatrudnia 35 pracownik\u00f3w.<\/p>\n<p>Podleg\u0142o\u015b\u0107 s\u0142u\u017cbowa: Kierownik Zespo\u0142u Rozwoju Oprogramowania RCI Life Ltd, RCI Insurance Ltd oraz RCI Services Ltd. Wymagana wysoka samomotywacja i umiej\u0119tno\u015b\u0107 pracy zespo\u0142owej.<\/p>\n<p><strong>Obszar dzia\u0142alno\u015bci<\/strong><br \/>\n\u2022 Utrzymanie i konserwacja system\u00f3w informatycznych<br \/>\n\u2022 Wsparcie u\u017cytkownik\u00f3w<br \/>\n\u2022 Konfiguracja i wdra\u017canie oprogramowania<br \/>\n\u2022 Monitorowanie bezpiecze\u0144stwa system\u00f3w IT<br \/>\n\u2022 Wsparcie przy wdra\u017caniu i dokumentacji DORA<br \/>\n\u2022 Zapewnienie jako\u015bci<\/p>\n<p><strong>Zakres obowi\u0105zk\u00f3w:<\/strong><br \/>\n\u2022 Monitorowanie codziennego\/miesi\u0119cznego procesu produkcji w koordynacji z central\u0105 firmy (Francja)<br \/>\n\u2022 Wsparcie techniczne lokalnego zespo\u0142u w kwestiach IT<br \/>\n\u2022 Proponowanie usprawnie\u0144 w lokalnym systemie IT (efektywno\u015b\u0107 proces\u00f3w, optymalizacja koszt\u00f3w&#8230;)<br \/>\n\u2022 Analiza lokalnych potrzeb rozwoju systemu i raportowanie ich do w\u0142a\u015bciciela systemu IT na Malcie<br \/>\n\u2022 Pisemne okre\u015blanie potrzeb (notatki, specyfikacje&#8230;) i przekazywanie ich w\u0142a\u015bcicielowi systemu IT<br \/>\n\u2022 Aktualizacja dokumentacji dotycz\u0105cej sieci i infrastruktury (specyfikacje, procedury, dokumenty robocze&#8230;)<br \/>\n\u2022 Utrzymanie aspekt\u00f3w bezpiecze\u0144stwa serwer\u00f3w IT, infrastruktury i stacji roboczych<br \/>\n\u2022 Wsparcie infrastruktury technicznej<br \/>\n\u2022 Wsparcie u\u017cytkownik\u00f3w w codziennej pracy<br \/>\n\u2022 Odpowiedzialno\u015b\u0107 za wdra\u017canie i monitorowanie lokalnych \u015brodk\u00f3w bezpiecze\u0144stwa IT<br \/>\n\u2022 Punkt kontaktowy ds. monitorowania bezpiecze\u0144stwa IT na poziomie korporacyjnym<br \/>\n\u2022 Monitorowanie wydajno\u015bci systemu, rozwi\u0105zywanie problem\u00f3w i utrzymanie system\u00f3w zgodnie z wymaganiami (mile widziana znajomo\u015b\u0107 PRTG)<br \/>\n\u2022 Zarz\u0105dzanie codziennymi kopiami zapasowymi wykonywanymi przy u\u017cyciu Veeam<br \/>\n\u2022 Przestrzeganie standardowych procedur eskalacji nierozwi\u0105zanych problem\u00f3w do odpowiednich zespo\u0142\u00f3w wewn\u0119trznych<br \/>\n\u2022 Podstawowa znajomo\u015b\u0107 TCP\/IP, sieci VLAN i sieci bezprzewodowych<br \/>\n\u2022 Wdra\u017canie ca\u0142ego oprogramowania wewn\u0119trznego<br \/>\n\u2022 Zarz\u0105dzanie i realizacja projekt\u00f3w IT<br \/>\n\u2022 Prowadzenie systemu zarz\u0105dzania zasobami IT, zapewniaj\u0105c rejestracj\u0119 wszystkich zasob\u00f3w oraz ich aktualizacj\u0119\/usuwanie w razie potrzeby<br \/>\n\u2022 Promowanie i edukowanie u\u017cytkownik\u00f3w ko\u0144cowych w zakresie dost\u0119pnych technologii<br \/>\n\u2022 Znajomo\u015b\u0107 ITIL<br \/>\n\u2022 Konfiguracja urz\u0105dze\u0144 peryferyjnych, takich jak drukarki, punkty dost\u0119powe, smartfony, tablety itp.<br \/>\n\u2022 Monta\u017c serwer\u00f3w w szafach rack, okablowanie i \u0142\u0105czenie<br \/>\n\u2022 Przygotowywanie i przeprowadzanie kontroli jako\u015bci platform programowych firmy<br \/>\n\u2022 Utrzymanie, rejestrowanie i \u015bledzenie zg\u0142oszonych problem\u00f3w dotycz\u0105cych platform programowych<br \/>\n\u2022 Tworzenie raport\u00f3w o b\u0142\u0119dach<br \/>\n\u2022 Komunikowanie ustale\u0144 wsp\u00f3\u0142pracownikom technicznym i nietechnicznym<\/p>\n<p><strong>Kogo szukamy?<\/strong><br \/>\n\u2022 Wymagane wykszta\u0142cenie minimum na poziomie 4 MQF, preferowane wykszta\u0142cenie wy\u017csze w zakresie informatyki, technologii informacyjnych, system\u00f3w informatycznych lub pokrewnych.<br \/>\n\u2022 Znajomo\u015b\u0107 koncepcji testowania oprogramowania i test\u00f3w u\u017cytkownika ko\u0144cowego.<br \/>\n\u2022 Umiej\u0119tno\u015b\u0107 okre\u015blania optymalnych strategii testowania.<br \/>\n\u2022 Zdolno\u015b\u0107 do odtwarzania i lokalizacji b\u0142\u0119d\u00f3w.<br \/>\n\u2022 Do\u015bwiadczenie w pracy z Hyper-V.<br \/>\n\u2022 Znajomo\u015b\u0107 ITIL.<br \/>\n\u2022 Podstawowa znajomo\u015b\u0107 TCP\/IP, sieci VLAN i sieci bezprzewodowych.<br \/>\n\u2022 Wymagane certyfikaty Microsoft, Oracle lub Cisco.<br \/>\n\u2022 Minimum dwuletnie do\u015bwiadczenie w IT lub dziedzinie pokrewnej.<br \/>\n\u2022 Praktyczne do\u015bwiadczenie w pracy z Jira i podobnymi narz\u0119dziami do zarz\u0105dzania projektami w metodyce agile.<br \/>\n\u2022 Dog\u0142\u0119bna znajomo\u015b\u0107 administracji IT i najlepszych praktyk w zakresie bezpiecze\u0144stwa system\u00f3w.<br \/>\n\u2022 Bieg\u0142a znajomo\u015b\u0107 j\u0119zyka angielskiego i wysokie umiej\u0119tno\u015bci komunikacyjne. Znajomo\u015b\u0107 j\u0119zyka francuskiego b\u0119dzie dodatkowym atutem<\/p>\n<p><strong>Dlaczego warto do nas do\u0142\u0105czy\u0107?<\/strong><br \/>\n\u2022 Praca w mi\u0119dzynarodowej grupie<br \/>\n\u2022 Wielokulturowe \u015brodowisko (ponad 15 r\u00f3\u017cnych narodowo\u015bci)<br \/>\n\u2022 Przyjazna atmosfera pracy<br \/>\n\u2022 Praca w trybie hybrydowym<br \/>\n\u2022 Regularne wydarzenia i aktywno\u015bci integracyjne<\/p>\n<p><strong>Rodzaj umowy<\/strong>: Pe\u0142ny etat \u2013 Umowa zewn\u0119trzna \u2013 Kontrakt roczny z mo\u017cliwo\u015bci\u0105 przed\u0142u\u017cenia<br \/>\n<strong>Lokalizacja<\/strong>: St Julian&#8217;s STJ 3155, Malta<br \/>\n<strong>Kontakt<\/strong>: CV nale\u017cy przes\u0142a\u0107 do Clarisse YEYE, Kierownik HR \u2013 <a href=\"mailto:clarisse.yeye@rcibanque.com\">clarisse.yeye@rcibanque.com<\/a><\/p>\n","protected":false},"excerpt":{"rendered":"Wsparcie IT i Administrator O nas Mobilize Financial Services, sp\u00f3\u0142ka zale\u017cna Grupy Renault, jest partnerem finansowym marek Alliance (Renault, Dacia, Alpine, Renault Samsung Motors, Nissan i Mitsubishi Motors). Obecna w 36 krajach, Mobilize Financial Services tworzy innowacyjne us\u0142ugi finansowe, aby budowa\u0107 zr\u00f3wnowa\u017con\u0105 mobilno\u015b\u0107 dla wszystkich. Do\u0142\u0105czysz do malta\u0144skiej sp\u00f3\u0142ki zale\u017cnej Mobilize Financial Services: RCI Life&hellip;","protected":false},"author":3,"featured_media":0,"parent":8781,"menu_order":0,"comment_status":"closed","ping_status":"closed","template":"page-careers.php","meta":{"_acf_changed":false,"footnotes":""},"class_list":["post-8787","page","type-page","status-publish","hentry"],"acf":[],"yoast_head":"<!-- This site is optimized with the Yoast SEO plugin v27.3 - https:\/\/yoast.com\/product\/yoast-seo-wordpress\/ -->\r\n<title>Wsparcie IT i Administrator - RCI INSURANCE<\/title>\r\n<meta name=\"robots\" content=\"index, follow, max-snippet:-1, max-image-preview:large, max-video-preview:-1\" \/>\r\n<link rel=\"canonical\" href=\"https:\/\/www.rci-insurance.eu\/pl\/o-rci-insurance\/kariery\/wsparcie-it-i-administrator\/\" \/>\r\n<meta property=\"og:locale\" content=\"pl_PL\" \/>\r\n<meta property=\"og:type\" content=\"article\" \/>\r\n<meta property=\"og:title\" content=\"Wsparcie IT i Administrator - RCI INSURANCE\" \/>\r\n<meta property=\"og:description\" content=\"Wsparcie IT i Administrator O nas Mobilize Financial Services, sp\u00f3\u0142ka zale\u017cna Grupy Renault, jest partnerem finansowym marek Alliance (Renault, Dacia, Alpine, Renault Samsung Motors, Nissan i Mitsubishi Motors). Obecna w 36 krajach, Mobilize Financial Services tworzy innowacyjne us\u0142ugi finansowe, aby budowa\u0107 zr\u00f3wnowa\u017con\u0105 mobilno\u015b\u0107 dla wszystkich. Do\u0142\u0105czysz do malta\u0144skiej sp\u00f3\u0142ki zale\u017cnej Mobilize Financial Services: RCI Life&hellip;\" \/>\r\n<meta property=\"og:url\" content=\"https:\/\/www.rci-insurance.eu\/pl\/o-rci-insurance\/kariery\/wsparcie-it-i-administrator\/\" \/>\r\n<meta property=\"og:site_name\" content=\"RCI INSURANCE\" \/>\r\n<meta property=\"article:modified_time\" content=\"2025-01-23T12:59:36+00:00\" \/>\r\n<meta name=\"twitter:card\" content=\"summary_large_image\" \/>\r\n<meta name=\"twitter:label1\" content=\"Szacowany czas czytania\" \/>\n\t<meta name=\"twitter:data1\" content=\"3 minuty\" \/>\r\n<script type=\"application\/ld+json\" class=\"yoast-schema-graph\">{\"@context\":\"https:\\\/\\\/schema.org\",\"@graph\":[{\"@type\":\"WebPage\",\"@id\":\"https:\\\/\\\/www.rci-insurance.eu\\\/pl\\\/o-rci-insurance\\\/kariery\\\/wsparcie-it-i-administrator\\\/\",\"url\":\"https:\\\/\\\/www.rci-insurance.eu\\\/pl\\\/o-rci-insurance\\\/kariery\\\/wsparcie-it-i-administrator\\\/\",\"name\":\"Wsparcie IT i Administrator - RCI INSURANCE\",\"isPartOf\":{\"@id\":\"https:\\\/\\\/www.rci-insurance.eu\\\/#website\"},\"datePublished\":\"2024-03-11T14:21:12+00:00\",\"dateModified\":\"2025-01-23T12:59:36+00:00\",\"breadcrumb\":{\"@id\":\"https:\\\/\\\/www.rci-insurance.eu\\\/pl\\\/o-rci-insurance\\\/kariery\\\/wsparcie-it-i-administrator\\\/#breadcrumb\"},\"inLanguage\":\"pl-PL\",\"potentialAction\":[{\"@type\":\"ReadAction\",\"target\":[\"https:\\\/\\\/www.rci-insurance.eu\\\/pl\\\/o-rci-insurance\\\/kariery\\\/wsparcie-it-i-administrator\\\/\"]}]},{\"@type\":\"BreadcrumbList\",\"@id\":\"https:\\\/\\\/www.rci-insurance.eu\\\/pl\\\/o-rci-insurance\\\/kariery\\\/wsparcie-it-i-administrator\\\/#breadcrumb\",\"itemListElement\":[{\"@type\":\"ListItem\",\"position\":1,\"name\":\"Home\",\"item\":\"https:\\\/\\\/www.rci-insurance.eu\\\/pl\\\/\"},{\"@type\":\"ListItem\",\"position\":2,\"name\":\"O RCI Insurance\",\"item\":\"https:\\\/\\\/www.rci-insurance.eu\\\/pl\\\/o-rci-insurance\\\/\"},{\"@type\":\"ListItem\",\"position\":3,\"name\":\"Kariery\",\"item\":\"https:\\\/\\\/www.rci-insurance.eu\\\/pl\\\/o-rci-insurance\\\/kariery\\\/\"},{\"@type\":\"ListItem\",\"position\":4,\"name\":\"Wsparcie IT i Administrator\"}]},{\"@type\":\"WebSite\",\"@id\":\"https:\\\/\\\/www.rci-insurance.eu\\\/#website\",\"url\":\"https:\\\/\\\/www.rci-insurance.eu\\\/\",\"name\":\"RCI INSURANCE\",\"description\":\"\",\"potentialAction\":[{\"@type\":\"SearchAction\",\"target\":{\"@type\":\"EntryPoint\",\"urlTemplate\":\"https:\\\/\\\/www.rci-insurance.eu\\\/?s={search_term_string}\"},\"query-input\":{\"@type\":\"PropertyValueSpecification\",\"valueRequired\":true,\"valueName\":\"search_term_string\"}}],\"inLanguage\":\"pl-PL\"}]}<\/script>\r\n<!-- \/ Yoast SEO plugin. -->","yoast_head_json":{"title":"Wsparcie IT i Administrator - RCI INSURANCE","robots":{"index":"index","follow":"follow","max-snippet":"max-snippet:-1","max-image-preview":"max-image-preview:large","max-video-preview":"max-video-preview:-1"},"canonical":"https:\/\/www.rci-insurance.eu\/pl\/o-rci-insurance\/kariery\/wsparcie-it-i-administrator\/","og_locale":"pl_PL","og_type":"article","og_title":"Wsparcie IT i Administrator - RCI INSURANCE","og_description":"Wsparcie IT i Administrator O nas Mobilize Financial Services, sp\u00f3\u0142ka zale\u017cna Grupy Renault, jest partnerem finansowym marek Alliance (Renault, Dacia, Alpine, Renault Samsung Motors, Nissan i Mitsubishi Motors). Obecna w 36 krajach, Mobilize Financial Services tworzy innowacyjne us\u0142ugi finansowe, aby budowa\u0107 zr\u00f3wnowa\u017con\u0105 mobilno\u015b\u0107 dla wszystkich. Do\u0142\u0105czysz do malta\u0144skiej sp\u00f3\u0142ki zale\u017cnej Mobilize Financial Services: RCI Life&hellip;","og_url":"https:\/\/www.rci-insurance.eu\/pl\/o-rci-insurance\/kariery\/wsparcie-it-i-administrator\/","og_site_name":"RCI INSURANCE","article_modified_time":"2025-01-23T12:59:36+00:00","twitter_card":"summary_large_image","twitter_misc":{"Szacowany czas czytania":"3 minuty"},"schema":{"@context":"https:\/\/schema.org","@graph":[{"@type":"WebPage","@id":"https:\/\/www.rci-insurance.eu\/pl\/o-rci-insurance\/kariery\/wsparcie-it-i-administrator\/","url":"https:\/\/www.rci-insurance.eu\/pl\/o-rci-insurance\/kariery\/wsparcie-it-i-administrator\/","name":"Wsparcie IT i Administrator - RCI INSURANCE","isPartOf":{"@id":"https:\/\/www.rci-insurance.eu\/#website"},"datePublished":"2024-03-11T14:21:12+00:00","dateModified":"2025-01-23T12:59:36+00:00","breadcrumb":{"@id":"https:\/\/www.rci-insurance.eu\/pl\/o-rci-insurance\/kariery\/wsparcie-it-i-administrator\/#breadcrumb"},"inLanguage":"pl-PL","potentialAction":[{"@type":"ReadAction","target":["https:\/\/www.rci-insurance.eu\/pl\/o-rci-insurance\/kariery\/wsparcie-it-i-administrator\/"]}]},{"@type":"BreadcrumbList","@id":"https:\/\/www.rci-insurance.eu\/pl\/o-rci-insurance\/kariery\/wsparcie-it-i-administrator\/#breadcrumb","itemListElement":[{"@type":"ListItem","position":1,"name":"Home","item":"https:\/\/www.rci-insurance.eu\/pl\/"},{"@type":"ListItem","position":2,"name":"O RCI Insurance","item":"https:\/\/www.rci-insurance.eu\/pl\/o-rci-insurance\/"},{"@type":"ListItem","position":3,"name":"Kariery","item":"https:\/\/www.rci-insurance.eu\/pl\/o-rci-insurance\/kariery\/"},{"@type":"ListItem","position":4,"name":"Wsparcie IT i Administrator"}]},{"@type":"WebSite","@id":"https:\/\/www.rci-insurance.eu\/#website","url":"https:\/\/www.rci-insurance.eu\/","name":"RCI INSURANCE","description":"","potentialAction":[{"@type":"SearchAction","target":{"@type":"EntryPoint","urlTemplate":"https:\/\/www.rci-insurance.eu\/?s={search_term_string}"},"query-input":{"@type":"PropertyValueSpecification","valueRequired":true,"valueName":"search_term_string"}}],"inLanguage":"pl-PL"}]}},"_links":{"self":[{"href":"https:\/\/www.rci-insurance.eu\/pl\/wp-json\/wp\/v2\/pages\/8787","targetHints":{"allow":["GET"]}}],"collection":[{"href":"https:\/\/www.rci-insurance.eu\/pl\/wp-json\/wp\/v2\/pages"}],"about":[{"href":"https:\/\/www.rci-insurance.eu\/pl\/wp-json\/wp\/v2\/types\/page"}],"author":[{"embeddable":true,"href":"https:\/\/www.rci-insurance.eu\/pl\/wp-json\/wp\/v2\/users\/3"}],"replies":[{"embeddable":true,"href":"https:\/\/www.rci-insurance.eu\/pl\/wp-json\/wp\/v2\/comments?post=8787"}],"version-history":[{"count":1,"href":"https:\/\/www.rci-insurance.eu\/pl\/wp-json\/wp\/v2\/pages\/8787\/revisions"}],"predecessor-version":[{"id":8788,"href":"https:\/\/www.rci-insurance.eu\/pl\/wp-json\/wp\/v2\/pages\/8787\/revisions\/8788"}],"up":[{"embeddable":true,"href":"https:\/\/www.rci-insurance.eu\/pl\/wp-json\/wp\/v2\/pages\/8781"}],"wp:attachment":[{"href":"https:\/\/www.rci-insurance.eu\/pl\/wp-json\/wp\/v2\/media?parent=8787"}],"curies":[{"name":"wp","href":"https:\/\/api.w.org\/{rel}","templated":true}]}}