{"id":8622,"date":"2025-01-21T11:44:57","date_gmt":"2025-01-21T10:44:57","guid":{"rendered":"https:\/\/www.rci-insurance.eu\/?page_id=8622"},"modified":"2025-01-28T16:45:36","modified_gmt":"2025-01-28T15:45:36","slug":"home","status":"publish","type":"page","link":"https:\/\/www.rci-insurance.eu\/pl\/","title":{"rendered":"Home"},"content":{"rendered":"<h2>O RCI Insurance<\/h2>\n<p><strong>Ubezpieczenia dostosowane do Twoich potrzeb<\/strong><br \/>\n<strong>RCI Insurance Ltd i RCI Life Ltd maj\u0105 na celu zapewnienie rozwi\u0105za\u0144 ubezpieczeniowych klientom Mobilize Financial Services w ramach finansowania samochodu, i s\u0105 autoryzowane przez Malta\u0144ski Urz\u0105d Nadzoru Finansowego.<\/strong><\/p>\n<p>RCI Life Limited (C45787) i RCI Insurance Limited (C45786) (\u201eSp\u00f3\u0142ki\u201d) zosta\u0142y zarejestrowane na Malcie 10 grudnia 2008 roku jako sp\u00f3\u0142ki zale\u017cne RCI Services Limited (C45692) (zarejestrowanej 26 listopada 2008 roku), b\u0119d\u0105cej w ca\u0142o\u015bci w\u0142asno\u015bci\u0105 Mobilize Financial Services. G\u0142\u00f3wn\u0105 dzia\u0142alno\u015bci\u0105 RCI Services Limited jest dzia\u0142alno\u015b\u0107 holdingowa, oferuj\u0105ca r\u00f3\u017cne us\u0142ugi administracyjne swoim sp\u00f3\u0142kom zale\u017cnym. Sp\u00f3\u0142ki, kt\u00f3re zapewniaj\u0105 rozwi\u0105zania ubezpieczeniowe <span data-teams=\"true\">klientom Mobilize Financial Services w ramach finansowania samochodu, <\/span>s\u0105 upowa\u017cnione na mocy Ustawy o dzia\u0142alno\u015bci ubezpieczeniowej z 1998 roku do prowadzenia dzia\u0142alno\u015bci d\u0142ugoterminowej i og\u00f3lnej na rynkach europejskich pod nadzorem Malta\u0144skiego Urz\u0119du Nadzoru Finansowego.<\/p>\n","protected":false},"excerpt":{"rendered":"O RCI Insurance Ubezpieczenia dostosowane do Twoich potrzeb RCI Insurance Ltd i RCI Life Ltd maj\u0105 na celu zapewnienie rozwi\u0105za\u0144 ubezpieczeniowych klientom Mobilize Financial Services w ramach finansowania samochodu, i s\u0105 autoryzowane przez Malta\u0144ski Urz\u0105d Nadzoru Finansowego. RCI Life Limited (C45787) i RCI Insurance Limited (C45786) (\u201eSp\u00f3\u0142ki\u201d) zosta\u0142y zarejestrowane na Malcie 10 grudnia 2008 roku&hellip;","protected":false},"author":1,"featured_media":8629,"parent":0,"menu_order":0,"comment_status":"closed","ping_status":"open","template":"page-home.php","meta":{"_acf_changed":false,"footnotes":""},"class_list":["post-8622","page","type-page","status-publish","has-post-thumbnail","hentry"],"acf":[],"yoast_head":"<!-- This site is optimized with the Yoast SEO plugin v27.3 - https:\/\/yoast.com\/product\/yoast-seo-wordpress\/ -->\r\n<title>Home - RCI INSURANCE<\/title>\r\n<meta name=\"robots\" content=\"index, follow, max-snippet:-1, max-image-preview:large, max-video-preview:-1\" \/>\r\n<link rel=\"canonical\" href=\"https:\/\/www.rci-insurance.eu\/pl\/\" \/>\r\n<meta property=\"og:locale\" content=\"pl_PL\" \/>\r\n<meta property=\"og:type\" content=\"article\" \/>\r\n<meta property=\"og:title\" content=\"Home - RCI INSURANCE\" \/>\r\n<meta property=\"og:description\" content=\"O RCI Insurance Ubezpieczenia dostosowane do Twoich potrzeb RCI Insurance Ltd i RCI Life Ltd maj\u0105 na celu zapewnienie rozwi\u0105za\u0144 ubezpieczeniowych klientom Mobilize Financial Services w ramach finansowania samochodu, i s\u0105 autoryzowane przez Malta\u0144ski Urz\u0105d Nadzoru Finansowego. RCI Life Limited (C45787) i RCI Insurance Limited (C45786) (\u201eSp\u00f3\u0142ki\u201d) zosta\u0142y zarejestrowane na Malcie 10 grudnia 2008 roku&hellip;\" \/>\r\n<meta property=\"og:url\" content=\"https:\/\/www.rci-insurance.eu\/pl\/\" \/>\r\n<meta property=\"og:site_name\" content=\"RCI INSURANCE\" \/>\r\n<meta property=\"article:modified_time\" content=\"2025-01-28T15:45:36+00:00\" \/>\r\n<meta property=\"og:image\" content=\"https:\/\/www.rci-insurance.eu\/wp-content\/uploads\/2023\/03\/default-banner.png\" \/>\r\n\t<meta property=\"og:image:width\" content=\"1440\" \/>\r\n\t<meta property=\"og:image:height\" content=\"621\" \/>\r\n\t<meta property=\"og:image:type\" content=\"image\/png\" \/>\r\n<meta name=\"twitter:card\" content=\"summary_large_image\" \/>\r\n<meta name=\"twitter:label1\" content=\"Szacowany czas czytania\" \/>\n\t<meta name=\"twitter:data1\" content=\"1 minuta\" \/>\r\n<script type=\"application\/ld+json\" class=\"yoast-schema-graph\">{\"@context\":\"https:\\\/\\\/schema.org\",\"@graph\":[{\"@type\":\"WebPage\",\"@id\":\"https:\\\/\\\/www.rci-insurance.eu\\\/pl\\\/\",\"url\":\"https:\\\/\\\/www.rci-insurance.eu\\\/pl\\\/\",\"name\":\"Home - RCI INSURANCE\",\"isPartOf\":{\"@id\":\"https:\\\/\\\/www.rci-insurance.eu\\\/#website\"},\"primaryImageOfPage\":{\"@id\":\"https:\\\/\\\/www.rci-insurance.eu\\\/pl\\\/#primaryimage\"},\"image\":{\"@id\":\"https:\\\/\\\/www.rci-insurance.eu\\\/pl\\\/#primaryimage\"},\"thumbnailUrl\":\"https:\\\/\\\/www.rci-insurance.eu\\\/wp-content\\\/uploads\\\/2023\\\/03\\\/default-banner.png\",\"datePublished\":\"2025-01-21T10:44:57+00:00\",\"dateModified\":\"2025-01-28T15:45:36+00:00\",\"breadcrumb\":{\"@id\":\"https:\\\/\\\/www.rci-insurance.eu\\\/pl\\\/#breadcrumb\"},\"inLanguage\":\"pl-PL\",\"potentialAction\":[{\"@type\":\"ReadAction\",\"target\":[\"https:\\\/\\\/www.rci-insurance.eu\\\/pl\\\/\"]}]},{\"@type\":\"ImageObject\",\"inLanguage\":\"pl-PL\",\"@id\":\"https:\\\/\\\/www.rci-insurance.eu\\\/pl\\\/#primaryimage\",\"url\":\"https:\\\/\\\/www.rci-insurance.eu\\\/wp-content\\\/uploads\\\/2023\\\/03\\\/default-banner.png\",\"contentUrl\":\"https:\\\/\\\/www.rci-insurance.eu\\\/wp-content\\\/uploads\\\/2023\\\/03\\\/default-banner.png\",\"width\":1440,\"height\":621},{\"@type\":\"BreadcrumbList\",\"@id\":\"https:\\\/\\\/www.rci-insurance.eu\\\/pl\\\/#breadcrumb\",\"itemListElement\":[{\"@type\":\"ListItem\",\"position\":1,\"name\":\"Home\",\"item\":\"https:\\\/\\\/www.rci-insurance.eu\\\/pl\\\/\"},{\"@type\":\"ListItem\",\"position\":2,\"name\":\"Home\"}]},{\"@type\":\"WebSite\",\"@id\":\"https:\\\/\\\/www.rci-insurance.eu\\\/#website\",\"url\":\"https:\\\/\\\/www.rci-insurance.eu\\\/\",\"name\":\"RCI INSURANCE\",\"description\":\"\",\"potentialAction\":[{\"@type\":\"SearchAction\",\"target\":{\"@type\":\"EntryPoint\",\"urlTemplate\":\"https:\\\/\\\/www.rci-insurance.eu\\\/?s={search_term_string}\"},\"query-input\":{\"@type\":\"PropertyValueSpecification\",\"valueRequired\":true,\"valueName\":\"search_term_string\"}}],\"inLanguage\":\"pl-PL\"}]}<\/script>\r\n<!-- \/ Yoast SEO plugin. -->","yoast_head_json":{"title":"Home - RCI INSURANCE","robots":{"index":"index","follow":"follow","max-snippet":"max-snippet:-1","max-image-preview":"max-image-preview:large","max-video-preview":"max-video-preview:-1"},"canonical":"https:\/\/www.rci-insurance.eu\/pl\/","og_locale":"pl_PL","og_type":"article","og_title":"Home - RCI INSURANCE","og_description":"O RCI Insurance Ubezpieczenia dostosowane do Twoich potrzeb RCI Insurance Ltd i RCI Life Ltd maj\u0105 na celu zapewnienie rozwi\u0105za\u0144 ubezpieczeniowych klientom Mobilize Financial Services w ramach finansowania samochodu, i s\u0105 autoryzowane przez Malta\u0144ski Urz\u0105d Nadzoru Finansowego. RCI Life Limited (C45787) i RCI Insurance Limited (C45786) (\u201eSp\u00f3\u0142ki\u201d) zosta\u0142y zarejestrowane na Malcie 10 grudnia 2008 roku&hellip;","og_url":"https:\/\/www.rci-insurance.eu\/pl\/","og_site_name":"RCI INSURANCE","article_modified_time":"2025-01-28T15:45:36+00:00","og_image":[{"width":1440,"height":621,"url":"https:\/\/www.rci-insurance.eu\/wp-content\/uploads\/2023\/03\/default-banner.png","type":"image\/png"}],"twitter_card":"summary_large_image","twitter_misc":{"Szacowany czas czytania":"1 minuta"},"schema":{"@context":"https:\/\/schema.org","@graph":[{"@type":"WebPage","@id":"https:\/\/www.rci-insurance.eu\/pl\/","url":"https:\/\/www.rci-insurance.eu\/pl\/","name":"Home - RCI INSURANCE","isPartOf":{"@id":"https:\/\/www.rci-insurance.eu\/#website"},"primaryImageOfPage":{"@id":"https:\/\/www.rci-insurance.eu\/pl\/#primaryimage"},"image":{"@id":"https:\/\/www.rci-insurance.eu\/pl\/#primaryimage"},"thumbnailUrl":"https:\/\/www.rci-insurance.eu\/wp-content\/uploads\/2023\/03\/default-banner.png","datePublished":"2025-01-21T10:44:57+00:00","dateModified":"2025-01-28T15:45:36+00:00","breadcrumb":{"@id":"https:\/\/www.rci-insurance.eu\/pl\/#breadcrumb"},"inLanguage":"pl-PL","potentialAction":[{"@type":"ReadAction","target":["https:\/\/www.rci-insurance.eu\/pl\/"]}]},{"@type":"ImageObject","inLanguage":"pl-PL","@id":"https:\/\/www.rci-insurance.eu\/pl\/#primaryimage","url":"https:\/\/www.rci-insurance.eu\/wp-content\/uploads\/2023\/03\/default-banner.png","contentUrl":"https:\/\/www.rci-insurance.eu\/wp-content\/uploads\/2023\/03\/default-banner.png","width":1440,"height":621},{"@type":"BreadcrumbList","@id":"https:\/\/www.rci-insurance.eu\/pl\/#breadcrumb","itemListElement":[{"@type":"ListItem","position":1,"name":"Home","item":"https:\/\/www.rci-insurance.eu\/pl\/"},{"@type":"ListItem","position":2,"name":"Home"}]},{"@type":"WebSite","@id":"https:\/\/www.rci-insurance.eu\/#website","url":"https:\/\/www.rci-insurance.eu\/","name":"RCI INSURANCE","description":"","potentialAction":[{"@type":"SearchAction","target":{"@type":"EntryPoint","urlTemplate":"https:\/\/www.rci-insurance.eu\/?s={search_term_string}"},"query-input":{"@type":"PropertyValueSpecification","valueRequired":true,"valueName":"search_term_string"}}],"inLanguage":"pl-PL"}]}},"_links":{"self":[{"href":"https:\/\/www.rci-insurance.eu\/pl\/wp-json\/wp\/v2\/pages\/8622","targetHints":{"allow":["GET"]}}],"collection":[{"href":"https:\/\/www.rci-insurance.eu\/pl\/wp-json\/wp\/v2\/pages"}],"about":[{"href":"https:\/\/www.rci-insurance.eu\/pl\/wp-json\/wp\/v2\/types\/page"}],"author":[{"embeddable":true,"href":"https:\/\/www.rci-insurance.eu\/pl\/wp-json\/wp\/v2\/users\/1"}],"replies":[{"embeddable":true,"href":"https:\/\/www.rci-insurance.eu\/pl\/wp-json\/wp\/v2\/comments?post=8622"}],"version-history":[{"count":8,"href":"https:\/\/www.rci-insurance.eu\/pl\/wp-json\/wp\/v2\/pages\/8622\/revisions"}],"predecessor-version":[{"id":8916,"href":"https:\/\/www.rci-insurance.eu\/pl\/wp-json\/wp\/v2\/pages\/8622\/revisions\/8916"}],"wp:featuredmedia":[{"embeddable":true,"href":"https:\/\/www.rci-insurance.eu\/pl\/wp-json\/wp\/v2\/media\/8629"}],"wp:attachment":[{"href":"https:\/\/www.rci-insurance.eu\/pl\/wp-json\/wp\/v2\/media?parent=8622"}],"curies":[{"name":"wp","href":"https:\/\/api.w.org\/{rel}","templated":true}]}}