{"id":445,"date":"2017-12-07T13:55:46","date_gmt":"2017-12-07T13:55:46","guid":{"rendered":"http:\/\/rci.stg.iconsandbox.com\/about\/"},"modified":"2025-06-12T15:00:32","modified_gmt":"2025-06-12T13:00:32","slug":"chi-siamo","status":"publish","type":"page","link":"https:\/\/www.rci-insurance.eu\/it\/chi-siamo\/","title":{"rendered":"Chi siamo"},"content":{"rendered":"<p>RCI Insurance Limited (C45786) e RCI Life Limited (C45787), indicate come \u201cle societ\u00e0\u201d, sono state costituite a Malta il 10 dicembre 2008 come societ\u00e0 controllate di RCI Services Limited (C45692) (costituitasi il 26 novembre 2008), una sussidiaria interamente posseduta da Mobilize Financial Services.<\/p>\n<p>RCI Services Limited \u00e8 una societ\u00e0 holding che offre diversi servizi amministrativi alle proprie controllate. Le Societ\u00e0, che forniscono soluzioni assicurative ai clienti della societ\u00e0 di finanziamento ai servizi automobilistici Mobilize Financial Services, sono autorizzate in conformit\u00e0 con la legge sulle assicurazioni (Insurance Business Act) del 1998 a condurre attivit\u00e0 di impresa generale e a lungo termine sui mercati europei(1) secondo quando regolamentato dall\u2019autorit\u00e0 maltese per i servizi finanziari (Malta Financial Services Authority).<\/p>\n<p>Le sedi legali delle societ\u00e0 si trovano all\u2019indirizzo:<\/p>\n<p>Level 3, Mercury Tower,<br \/>\nThe Exchange Financial &amp; Business Centre,<br \/>\nTriq Elia Zammit,<br \/>\nSt Julian&#8217;s &#8211; STJ 3155<br \/>\nMalta<\/p>\n<p>&nbsp;<\/p>\n<p>(1) Paesi in cui RCI Insurance e RCI Life sono autorizzate a operare e i mercati di clienti target sono i seguenti:<\/p>\n<p>Austria<br \/>\nGermania<br \/>\nFrancia<br \/>\nItalia<br \/>\nRomania (solo RCI Insurance)<br \/>\nPortogallo<br \/>\nSpagna<br \/>\nPolonia<\/p>\n","protected":false},"excerpt":{"rendered":"RCI Insurance Limited (C45786) e RCI Life Limited (C45787), indicate come \u201cle societ\u00e0\u201d, sono state costituite a Malta il 10 dicembre 2008 come societ\u00e0 controllate di RCI Services Limited (C45692) (costituitasi il 26 novembre 2008), una sussidiaria interamente posseduta da Mobilize Financial Services. RCI Services Limited \u00e8 una societ\u00e0 holding che offre diversi servizi amministrativi&hellip;","protected":false},"author":1,"featured_media":6392,"parent":0,"menu_order":0,"comment_status":"closed","ping_status":"closed","template":"","meta":{"_acf_changed":false,"footnotes":""},"class_list":["post-445","page","type-page","status-publish","has-post-thumbnail","hentry"],"acf":[],"yoast_head":"<!-- This site is optimized with the Yoast SEO plugin v27.3 - https:\/\/yoast.com\/product\/yoast-seo-wordpress\/ -->\r\n<title>RCI Insurance - chi siamo<\/title>\r\n<meta name=\"description\" content=\"RCI Insurance offre soluzioni assicurative ai clienti della societ\u00e0 di finanziamento ai servizi automobilistici RCI Banque SA. Scopri di pi\u00f9 su RCI Insurance\" \/>\r\n<meta name=\"robots\" content=\"index, follow, max-snippet:-1, max-image-preview:large, max-video-preview:-1\" \/>\r\n<link rel=\"canonical\" href=\"https:\/\/www.rci-insurance.eu\/it\/chi-siamo\/\" \/>\r\n<meta property=\"og:locale\" content=\"it_IT\" \/>\r\n<meta property=\"og:type\" content=\"article\" \/>\r\n<meta property=\"og:title\" content=\"RCI Insurance - chi siamo\" \/>\r\n<meta property=\"og:description\" content=\"RCI Insurance offre soluzioni assicurative ai clienti della societ\u00e0 di finanziamento ai servizi automobilistici RCI Banque SA. Scopri di pi\u00f9 su RCI Insurance\" \/>\r\n<meta property=\"og:url\" content=\"https:\/\/www.rci-insurance.eu\/it\/chi-siamo\/\" \/>\r\n<meta property=\"og:site_name\" content=\"RCI INSURANCE\" \/>\r\n<meta property=\"article:modified_time\" content=\"2025-06-12T13:00:32+00:00\" \/>\r\n<meta property=\"og:image\" content=\"https:\/\/www.rci-insurance.eu\/wp-content\/uploads\/2017\/12\/intro-image.png\" \/>\r\n\t<meta property=\"og:image:width\" content=\"525\" \/>\r\n\t<meta property=\"og:image:height\" content=\"526\" \/>\r\n\t<meta property=\"og:image:type\" content=\"image\/png\" \/>\r\n<meta name=\"twitter:card\" content=\"summary_large_image\" \/>\r\n<meta name=\"twitter:label1\" content=\"Tempo di lettura stimato\" \/>\n\t<meta name=\"twitter:data1\" content=\"1 minuto\" \/>\r\n<script type=\"application\/ld+json\" class=\"yoast-schema-graph\">{\"@context\":\"https:\\\/\\\/schema.org\",\"@graph\":[{\"@type\":\"WebPage\",\"@id\":\"https:\\\/\\\/www.rci-insurance.eu\\\/it\\\/chi-siamo\\\/\",\"url\":\"https:\\\/\\\/www.rci-insurance.eu\\\/it\\\/chi-siamo\\\/\",\"name\":\"RCI Insurance - chi siamo\",\"isPartOf\":{\"@id\":\"https:\\\/\\\/www.rci-insurance.eu\\\/#website\"},\"primaryImageOfPage\":{\"@id\":\"https:\\\/\\\/www.rci-insurance.eu\\\/it\\\/chi-siamo\\\/#primaryimage\"},\"image\":{\"@id\":\"https:\\\/\\\/www.rci-insurance.eu\\\/it\\\/chi-siamo\\\/#primaryimage\"},\"thumbnailUrl\":\"https:\\\/\\\/www.rci-insurance.eu\\\/wp-content\\\/uploads\\\/2017\\\/12\\\/intro-image.png\",\"datePublished\":\"2017-12-07T13:55:46+00:00\",\"dateModified\":\"2025-06-12T13:00:32+00:00\",\"description\":\"RCI Insurance offre soluzioni assicurative ai clienti della societ\u00e0 di finanziamento ai servizi automobilistici RCI Banque SA. Scopri di pi\u00f9 su RCI Insurance\",\"breadcrumb\":{\"@id\":\"https:\\\/\\\/www.rci-insurance.eu\\\/it\\\/chi-siamo\\\/#breadcrumb\"},\"inLanguage\":\"it-IT\",\"potentialAction\":[{\"@type\":\"ReadAction\",\"target\":[\"https:\\\/\\\/www.rci-insurance.eu\\\/it\\\/chi-siamo\\\/\"]}]},{\"@type\":\"ImageObject\",\"inLanguage\":\"it-IT\",\"@id\":\"https:\\\/\\\/www.rci-insurance.eu\\\/it\\\/chi-siamo\\\/#primaryimage\",\"url\":\"https:\\\/\\\/www.rci-insurance.eu\\\/wp-content\\\/uploads\\\/2017\\\/12\\\/intro-image.png\",\"contentUrl\":\"https:\\\/\\\/www.rci-insurance.eu\\\/wp-content\\\/uploads\\\/2017\\\/12\\\/intro-image.png\",\"width\":525,\"height\":526},{\"@type\":\"BreadcrumbList\",\"@id\":\"https:\\\/\\\/www.rci-insurance.eu\\\/it\\\/chi-siamo\\\/#breadcrumb\",\"itemListElement\":[{\"@type\":\"ListItem\",\"position\":1,\"name\":\"Home\",\"item\":\"https:\\\/\\\/www.rci-insurance.eu\\\/it\\\/\"},{\"@type\":\"ListItem\",\"position\":2,\"name\":\"Chi siamo\"}]},{\"@type\":\"WebSite\",\"@id\":\"https:\\\/\\\/www.rci-insurance.eu\\\/#website\",\"url\":\"https:\\\/\\\/www.rci-insurance.eu\\\/\",\"name\":\"RCI INSURANCE\",\"description\":\"\",\"potentialAction\":[{\"@type\":\"SearchAction\",\"target\":{\"@type\":\"EntryPoint\",\"urlTemplate\":\"https:\\\/\\\/www.rci-insurance.eu\\\/?s={search_term_string}\"},\"query-input\":{\"@type\":\"PropertyValueSpecification\",\"valueRequired\":true,\"valueName\":\"search_term_string\"}}],\"inLanguage\":\"it-IT\"}]}<\/script>\r\n<!-- \/ Yoast SEO plugin. -->","yoast_head_json":{"title":"RCI Insurance - chi siamo","description":"RCI Insurance offre soluzioni assicurative ai clienti della societ\u00e0 di finanziamento ai servizi automobilistici RCI Banque SA. Scopri di pi\u00f9 su RCI Insurance","robots":{"index":"index","follow":"follow","max-snippet":"max-snippet:-1","max-image-preview":"max-image-preview:large","max-video-preview":"max-video-preview:-1"},"canonical":"https:\/\/www.rci-insurance.eu\/it\/chi-siamo\/","og_locale":"it_IT","og_type":"article","og_title":"RCI Insurance - chi siamo","og_description":"RCI Insurance offre soluzioni assicurative ai clienti della societ\u00e0 di finanziamento ai servizi automobilistici RCI Banque SA. Scopri di pi\u00f9 su RCI Insurance","og_url":"https:\/\/www.rci-insurance.eu\/it\/chi-siamo\/","og_site_name":"RCI INSURANCE","article_modified_time":"2025-06-12T13:00:32+00:00","og_image":[{"width":525,"height":526,"url":"https:\/\/www.rci-insurance.eu\/wp-content\/uploads\/2017\/12\/intro-image.png","type":"image\/png"}],"twitter_card":"summary_large_image","twitter_misc":{"Tempo di lettura stimato":"1 minuto"},"schema":{"@context":"https:\/\/schema.org","@graph":[{"@type":"WebPage","@id":"https:\/\/www.rci-insurance.eu\/it\/chi-siamo\/","url":"https:\/\/www.rci-insurance.eu\/it\/chi-siamo\/","name":"RCI Insurance - chi siamo","isPartOf":{"@id":"https:\/\/www.rci-insurance.eu\/#website"},"primaryImageOfPage":{"@id":"https:\/\/www.rci-insurance.eu\/it\/chi-siamo\/#primaryimage"},"image":{"@id":"https:\/\/www.rci-insurance.eu\/it\/chi-siamo\/#primaryimage"},"thumbnailUrl":"https:\/\/www.rci-insurance.eu\/wp-content\/uploads\/2017\/12\/intro-image.png","datePublished":"2017-12-07T13:55:46+00:00","dateModified":"2025-06-12T13:00:32+00:00","description":"RCI Insurance offre soluzioni assicurative ai clienti della societ\u00e0 di finanziamento ai servizi automobilistici RCI Banque SA. Scopri di pi\u00f9 su RCI Insurance","breadcrumb":{"@id":"https:\/\/www.rci-insurance.eu\/it\/chi-siamo\/#breadcrumb"},"inLanguage":"it-IT","potentialAction":[{"@type":"ReadAction","target":["https:\/\/www.rci-insurance.eu\/it\/chi-siamo\/"]}]},{"@type":"ImageObject","inLanguage":"it-IT","@id":"https:\/\/www.rci-insurance.eu\/it\/chi-siamo\/#primaryimage","url":"https:\/\/www.rci-insurance.eu\/wp-content\/uploads\/2017\/12\/intro-image.png","contentUrl":"https:\/\/www.rci-insurance.eu\/wp-content\/uploads\/2017\/12\/intro-image.png","width":525,"height":526},{"@type":"BreadcrumbList","@id":"https:\/\/www.rci-insurance.eu\/it\/chi-siamo\/#breadcrumb","itemListElement":[{"@type":"ListItem","position":1,"name":"Home","item":"https:\/\/www.rci-insurance.eu\/it\/"},{"@type":"ListItem","position":2,"name":"Chi siamo"}]},{"@type":"WebSite","@id":"https:\/\/www.rci-insurance.eu\/#website","url":"https:\/\/www.rci-insurance.eu\/","name":"RCI INSURANCE","description":"","potentialAction":[{"@type":"SearchAction","target":{"@type":"EntryPoint","urlTemplate":"https:\/\/www.rci-insurance.eu\/?s={search_term_string}"},"query-input":{"@type":"PropertyValueSpecification","valueRequired":true,"valueName":"search_term_string"}}],"inLanguage":"it-IT"}]}},"_links":{"self":[{"href":"https:\/\/www.rci-insurance.eu\/it\/wp-json\/wp\/v2\/pages\/445","targetHints":{"allow":["GET"]}}],"collection":[{"href":"https:\/\/www.rci-insurance.eu\/it\/wp-json\/wp\/v2\/pages"}],"about":[{"href":"https:\/\/www.rci-insurance.eu\/it\/wp-json\/wp\/v2\/types\/page"}],"author":[{"embeddable":true,"href":"https:\/\/www.rci-insurance.eu\/it\/wp-json\/wp\/v2\/users\/1"}],"replies":[{"embeddable":true,"href":"https:\/\/www.rci-insurance.eu\/it\/wp-json\/wp\/v2\/comments?post=445"}],"version-history":[{"count":8,"href":"https:\/\/www.rci-insurance.eu\/it\/wp-json\/wp\/v2\/pages\/445\/revisions"}],"predecessor-version":[{"id":8969,"href":"https:\/\/www.rci-insurance.eu\/it\/wp-json\/wp\/v2\/pages\/445\/revisions\/8969"}],"wp:featuredmedia":[{"embeddable":true,"href":"https:\/\/www.rci-insurance.eu\/it\/wp-json\/wp\/v2\/media\/6392"}],"wp:attachment":[{"href":"https:\/\/www.rci-insurance.eu\/it\/wp-json\/wp\/v2\/media?parent=445"}],"curies":[{"name":"wp","href":"https:\/\/api.w.org\/{rel}","templated":true}]}}