{"id":6481,"date":"2017-12-12T07:52:37","date_gmt":"2017-12-12T07:52:37","guid":{"rendered":"http:\/\/dev-rci-insurance.iconsandbox.com\/propos-de-rci-insurance\/audited-financial-statements\/"},"modified":"2025-10-03T15:03:03","modified_gmt":"2025-10-03T13:03:03","slug":"audited-financial-statements","status":"publish","type":"page","link":"https:\/\/www.rci-insurance.eu\/fr\/propos-de-rci-insurance\/audited-financial-statements\/","title":{"rendered":"\u00c9tats financiers audit\u00e9s"},"content":{"rendered":"<p>\u00c9tats financiers audit\u00e9s<\/p>\n","protected":false},"excerpt":{"rendered":"\u00c9tats financiers audit\u00e9s","protected":false},"author":1,"featured_media":0,"parent":179,"menu_order":0,"comment_status":"closed","ping_status":"closed","template":"page-downloads.php","meta":{"_acf_changed":false,"footnotes":""},"class_list":["post-6481","page","type-page","status-publish","hentry"],"acf":[],"yoast_head":"<!-- This site is optimized with the Yoast SEO plugin v27.3 - https:\/\/yoast.com\/product\/yoast-seo-wordpress\/ -->\r\n<title>\u00c9tats financiers audit\u00e9s - RCI INSURANCE<\/title>\r\n<meta name=\"robots\" content=\"index, follow, max-snippet:-1, max-image-preview:large, max-video-preview:-1\" \/>\r\n<link rel=\"canonical\" href=\"https:\/\/www.rci-insurance.eu\/fr\/propos-de-rci-insurance\/audited-financial-statements\/\" \/>\r\n<meta property=\"og:locale\" content=\"fr_FR\" \/>\r\n<meta property=\"og:type\" content=\"article\" \/>\r\n<meta property=\"og:title\" content=\"\u00c9tats financiers audit\u00e9s - RCI INSURANCE\" \/>\r\n<meta property=\"og:description\" content=\"\u00c9tats financiers audit\u00e9s\" \/>\r\n<meta property=\"og:url\" content=\"https:\/\/www.rci-insurance.eu\/fr\/propos-de-rci-insurance\/audited-financial-statements\/\" \/>\r\n<meta property=\"og:site_name\" content=\"RCI INSURANCE\" \/>\r\n<meta property=\"article:modified_time\" content=\"2025-10-03T13:03:03+00:00\" \/>\r\n<meta name=\"twitter:card\" content=\"summary_large_image\" \/>\r\n<meta name=\"twitter:label1\" content=\"Dur\u00e9e de lecture estim\u00e9e\" \/>\n\t<meta name=\"twitter:data1\" content=\"1 minute\" \/>\r\n<script type=\"application\/ld+json\" class=\"yoast-schema-graph\">{\"@context\":\"https:\\\/\\\/schema.org\",\"@graph\":[{\"@type\":\"WebPage\",\"@id\":\"https:\\\/\\\/www.rci-insurance.eu\\\/fr\\\/propos-de-rci-insurance\\\/audited-financial-statements\\\/\",\"url\":\"https:\\\/\\\/www.rci-insurance.eu\\\/fr\\\/propos-de-rci-insurance\\\/audited-financial-statements\\\/\",\"name\":\"\u00c9tats financiers audit\u00e9s - RCI INSURANCE\",\"isPartOf\":{\"@id\":\"https:\\\/\\\/www.rci-insurance.eu\\\/#website\"},\"datePublished\":\"2017-12-12T07:52:37+00:00\",\"dateModified\":\"2025-10-03T13:03:03+00:00\",\"breadcrumb\":{\"@id\":\"https:\\\/\\\/www.rci-insurance.eu\\\/fr\\\/propos-de-rci-insurance\\\/audited-financial-statements\\\/#breadcrumb\"},\"inLanguage\":\"fr-FR\",\"potentialAction\":[{\"@type\":\"ReadAction\",\"target\":[\"https:\\\/\\\/www.rci-insurance.eu\\\/fr\\\/propos-de-rci-insurance\\\/audited-financial-statements\\\/\"]}]},{\"@type\":\"BreadcrumbList\",\"@id\":\"https:\\\/\\\/www.rci-insurance.eu\\\/fr\\\/propos-de-rci-insurance\\\/audited-financial-statements\\\/#breadcrumb\",\"itemListElement\":[{\"@type\":\"ListItem\",\"position\":1,\"name\":\"Home\",\"item\":\"https:\\\/\\\/www.rci-insurance.eu\\\/fr\\\/\"},{\"@type\":\"ListItem\",\"position\":2,\"name\":\"\u00c0 propos de RCI Insurance\",\"item\":\"https:\\\/\\\/www.rci-insurance.eu\\\/fr\\\/propos-de-rci-insurance\\\/\"},{\"@type\":\"ListItem\",\"position\":3,\"name\":\"\u00c9tats financiers audit\u00e9s\"}]},{\"@type\":\"WebSite\",\"@id\":\"https:\\\/\\\/www.rci-insurance.eu\\\/#website\",\"url\":\"https:\\\/\\\/www.rci-insurance.eu\\\/\",\"name\":\"RCI INSURANCE\",\"description\":\"\",\"potentialAction\":[{\"@type\":\"SearchAction\",\"target\":{\"@type\":\"EntryPoint\",\"urlTemplate\":\"https:\\\/\\\/www.rci-insurance.eu\\\/?s={search_term_string}\"},\"query-input\":{\"@type\":\"PropertyValueSpecification\",\"valueRequired\":true,\"valueName\":\"search_term_string\"}}],\"inLanguage\":\"fr-FR\"}]}<\/script>\r\n<!-- \/ Yoast SEO plugin. -->","yoast_head_json":{"title":"\u00c9tats financiers audit\u00e9s - RCI INSURANCE","robots":{"index":"index","follow":"follow","max-snippet":"max-snippet:-1","max-image-preview":"max-image-preview:large","max-video-preview":"max-video-preview:-1"},"canonical":"https:\/\/www.rci-insurance.eu\/fr\/propos-de-rci-insurance\/audited-financial-statements\/","og_locale":"fr_FR","og_type":"article","og_title":"\u00c9tats financiers audit\u00e9s - RCI INSURANCE","og_description":"\u00c9tats financiers audit\u00e9s","og_url":"https:\/\/www.rci-insurance.eu\/fr\/propos-de-rci-insurance\/audited-financial-statements\/","og_site_name":"RCI INSURANCE","article_modified_time":"2025-10-03T13:03:03+00:00","twitter_card":"summary_large_image","twitter_misc":{"Dur\u00e9e de lecture estim\u00e9e":"1 minute"},"schema":{"@context":"https:\/\/schema.org","@graph":[{"@type":"WebPage","@id":"https:\/\/www.rci-insurance.eu\/fr\/propos-de-rci-insurance\/audited-financial-statements\/","url":"https:\/\/www.rci-insurance.eu\/fr\/propos-de-rci-insurance\/audited-financial-statements\/","name":"\u00c9tats financiers audit\u00e9s - RCI INSURANCE","isPartOf":{"@id":"https:\/\/www.rci-insurance.eu\/#website"},"datePublished":"2017-12-12T07:52:37+00:00","dateModified":"2025-10-03T13:03:03+00:00","breadcrumb":{"@id":"https:\/\/www.rci-insurance.eu\/fr\/propos-de-rci-insurance\/audited-financial-statements\/#breadcrumb"},"inLanguage":"fr-FR","potentialAction":[{"@type":"ReadAction","target":["https:\/\/www.rci-insurance.eu\/fr\/propos-de-rci-insurance\/audited-financial-statements\/"]}]},{"@type":"BreadcrumbList","@id":"https:\/\/www.rci-insurance.eu\/fr\/propos-de-rci-insurance\/audited-financial-statements\/#breadcrumb","itemListElement":[{"@type":"ListItem","position":1,"name":"Home","item":"https:\/\/www.rci-insurance.eu\/fr\/"},{"@type":"ListItem","position":2,"name":"\u00c0 propos de RCI Insurance","item":"https:\/\/www.rci-insurance.eu\/fr\/propos-de-rci-insurance\/"},{"@type":"ListItem","position":3,"name":"\u00c9tats financiers audit\u00e9s"}]},{"@type":"WebSite","@id":"https:\/\/www.rci-insurance.eu\/#website","url":"https:\/\/www.rci-insurance.eu\/","name":"RCI INSURANCE","description":"","potentialAction":[{"@type":"SearchAction","target":{"@type":"EntryPoint","urlTemplate":"https:\/\/www.rci-insurance.eu\/?s={search_term_string}"},"query-input":{"@type":"PropertyValueSpecification","valueRequired":true,"valueName":"search_term_string"}}],"inLanguage":"fr-FR"}]}},"_links":{"self":[{"href":"https:\/\/www.rci-insurance.eu\/fr\/wp-json\/wp\/v2\/pages\/6481","targetHints":{"allow":["GET"]}}],"collection":[{"href":"https:\/\/www.rci-insurance.eu\/fr\/wp-json\/wp\/v2\/pages"}],"about":[{"href":"https:\/\/www.rci-insurance.eu\/fr\/wp-json\/wp\/v2\/types\/page"}],"author":[{"embeddable":true,"href":"https:\/\/www.rci-insurance.eu\/fr\/wp-json\/wp\/v2\/users\/1"}],"replies":[{"embeddable":true,"href":"https:\/\/www.rci-insurance.eu\/fr\/wp-json\/wp\/v2\/comments?post=6481"}],"version-history":[{"count":15,"href":"https:\/\/www.rci-insurance.eu\/fr\/wp-json\/wp\/v2\/pages\/6481\/revisions"}],"predecessor-version":[{"id":9029,"href":"https:\/\/www.rci-insurance.eu\/fr\/wp-json\/wp\/v2\/pages\/6481\/revisions\/9029"}],"up":[{"embeddable":true,"href":"https:\/\/www.rci-insurance.eu\/fr\/wp-json\/wp\/v2\/pages\/179"}],"wp:attachment":[{"href":"https:\/\/www.rci-insurance.eu\/fr\/wp-json\/wp\/v2\/media?parent=6481"}],"curies":[{"name":"wp","href":"https:\/\/api.w.org\/{rel}","templated":true}]}}