{"id":491,"date":"2017-12-20T09:49:31","date_gmt":"2017-12-20T09:49:31","guid":{"rendered":"http:\/\/rci.stg.iconsandbox.com\/?page_id=491"},"modified":"2023-06-13T13:51:56","modified_gmt":"2023-06-13T11:51:56","slug":"utilisation-des-cookies","status":"publish","type":"page","link":"https:\/\/www.rci-insurance.eu\/fr\/utilisation-des-cookies\/","title":{"rendered":"Utilisation des Cookies"},"content":{"rendered":"<p>Nos sites web et applications mobiles utilisent des technologiques telles que les cookies pour vous offrir une exp\u00e9rience de qualit\u00e9, fluide et personnalis\u00e9e. Les informations de cette politique compl\u00e8tent les informations sur la protection des donn\u00e9es personnelles <a href=\"https:\/\/www.rci-insurance.eu\/fr\/legal\/7933-2\/\">Politique Locale<\/a><\/p>\n<p>La protection de vos donn\u00e9es en ligne est une priorit\u00e9 pour Mobilize Financial Services. Vous pouvez reconsid\u00e9rer vos choix concernant les cookies \u00e0 tout moment en utilisant notre outil de gestion des cookies .<\/p>\n<p><strong>QUI SOMMES-NOUS ?<\/strong><\/p>\n<p>RCI Malta et Mobilize Financial Services sont responsables ind\u00e9pendants du traitement des donn\u00e9es collect\u00e9es par les cookies et autres traceurs lus ou places sur votre terminal (ci-apr\u00e8s &#8221; nous &#8220;, &#8221; notre &#8220;, &#8221; nos &#8220;).<\/p>\n<p>Pour en savoir plus, nous vous invitons a lire les informations sur la protection des donn\u00e9es personnelles <a href=\"https:\/\/www.rci-insurance.eu\/fr\/legal\/7933-2\/\">Politique Locale<\/a><\/p>\n<p align=\"left\"><div class=\"lightweight-accordion\"><details><summary class=\"lightweight-accordion-title\"><span><strong>QU'EST-CE QU'UN COOKIE ?<\/strong><\/span><\/summary><div class=\"lightweight-accordion-body\"><p>Un cookie est un petit fichier informatique, un traceur, d\u00e9pose et lu lors de la consultation d&#8217;un site internet, de l&#8217;utilisation d&#8217;une application mobile, de la lecture d&#8217;un courrier \u00e9lectronique, de l&#8217;installation ou de l&#8217;utilisation d&#8217;un logiciel, et ce quel que soit le type de terminal utilise (ordinateur, smartphone, liseuse num\u00e9rique, console de jeux vid\u00e9o connect\u00e9e a internet&#8230;).<\/p>\n<p>Lors de la consultation d&#8217;un site internet, les cookies peuvent envoyer des informations au navigateur de l&#8217;utilisateur et permettre a ce dernier de renvoyer des informations au site internet d&#8217;origine (par exemple, un identifiant de session ou le choix de la langue).<\/p>\n<p>Les cookies ne nous permettent pas de vous identifier directement mais seulement de recueillir des informations sp\u00e9cifiques sur votre appareil, votre navigateur, vos interactions avec le site web ou l&#8217;appli que vous utilisez et, dans certains cas, votre position g\u00e9ographique.<\/p>\n<p>Les technologies utilis\u00e9es peuvent relier plusieurs des appareils que vous avez pu utiliser afin de d\u00e9terminer, avec une probabilit\u00e9 suffisante, que ces appareils vous appartiennent.<\/p>\n<\/div><\/details><\/div><\/p>\n<p align=\"left\"><div class=\"lightweight-accordion\"><details><summary class=\"lightweight-accordion-title\"><span><strong>\u00c0 QUOI SERVENT LES COOKIES SUR CE SITE WEB ?<\/strong><\/span><\/summary><div class=\"lightweight-accordion-body\"><p>Ce site web utilise diff\u00e9rents types de cookies.<\/p>\n<p><strong>Cookies technique<\/strong><\/p>\n<p>Ces cookies sont destin\u00e9s \u00e0 permettre ou faciliter la communication \u00e9lectronique (d\u00e9tection des erreurs de connexion, identification des points de connexion, s\u00e9curit\u00e9 du site web, etc.) ou \u00e0 fournir des services de communication en ligne que vous pourriez demander sp\u00e9cifiquement (pr\u00e9f\u00e9rences d&#8217;affichage de l&#8217;\u00e9cran, sauvegarde des informations saisies dans les formulaires, panier d&#8217;achat (le cas \u00e9ch\u00e9ant), acc\u00e8s \u00e0 votre compte utilisateur, chat ou chatbot sur notre site web, etc.)<\/p>\n<p>Ces cookies sont n\u00e9cessaires au bon fonctionnement de notre site web.<\/p>\n<p>Vous ne pouvez pas vous opposer \u00e0 l&#8217;utilisation de ces cookies et votre consentement n&#8217;est pas n\u00e9cessaire, car les services de notre site web d\u00e9pendent de ces cookies.<\/p>\n<p><strong>Cookies li\u00e9s aux r\u00e9seaux sociaux<\/strong><\/p>\n<p>Les cookies des r\u00e9seaux sociaux sont utilis\u00e9s \u00e0 des fins publicitaires et analytiques, notamment pour vous montrer nos publicit\u00e9s lorsque vous \u00eates connecte a des r\u00e9seaux sociaux (Facebook, Twitter, Linkedin, Tiktok, etc.) , et pour nous aider a comprendre les interactions et les engagements des utilisateurs avec nos publicit\u00e9s sur ces r\u00e9seaux sociaux.<\/p>\n<p>Ces cookies ont \u00e9galement pour but de rendre le site web plus convivial et interactif, en vous permettant d&#8217;interagir avec ces r\u00e9seaux sociaux et en int\u00e9grant des contenus de ces r\u00e9seaux sociaux sur notre site (tels que des vid\u00e9os YouTube).<\/p>\n<p>Ces cookies peuvent traiter des donn\u00e9es telles que le nombre de contenus partag\u00e9s via les r\u00e9seaux sociaux, le fait que vous ayez un compte sur un r\u00e9seau social, le suivi de votre navigation sur les sites web ou ces r\u00e9seaux sociaux, etc. Ces fonctionnalit\u00e9s sont bas\u00e9es sur des applications tierces int\u00e9gr\u00e9es \u00e0 notre site web. Le r\u00e9seau social fournissant un tel bouton applicatif est susceptible de vous identifier par le biais de ce bouton, m\u00eame si vous n&#8217;avez pas utilis\u00e9 ce bouton lors de votre visite sur notre site web. Ce type de bouton d&#8217;application peut permettre au r\u00e9seau social en question de suivre votre navigation sur notre site web, par le simple fait que votre compte sur le r\u00e9seau social en question \u00e9tait activ\u00e9 sur votre appareil (session ouverte) au moment m\u00eame o\u00f9 vous naviguiez sur notre site web.<\/p>\n<p>Nous vous recommandons de consulter les politiques de confidentialit\u00e9 de ces r\u00e9seaux sociaux pour conna\u00eetre la mani\u00e8re dont ces r\u00e9seaux sociaux utilisent les informations qu&#8217;ils peuvent collecter, via ces boutons applicatifs, ou \u00e0 des fins publicitaires. Ces politiques de confidentialit\u00e9 doivent vous permettre d&#8217;exprimer vos pr\u00e9f\u00e9rences sur ces r\u00e9seaux sociaux, notamment en param\u00e9trant vos comptes utilisateurs pour chacun de ces r\u00e9seaux.<\/p>\n<p>L&#8217;utilisation et le stockage de ces cookies sont soumis \u00e0 votre consentement.<\/p>\n<p><strong>Cookies de publicit\u00e9 et de contenu personnalis\u00e9s<\/strong><\/p>\n<p>Ces cookies sont destin\u00e9s \u00e0 am\u00e9liorer la pertinence des publicit\u00e9s et du contenu sur ce site web et sur des m\u00e9dias tiers. Chaque fois que nous vous envoyons des messages promotionnels ou que nous affichons de tels messages, notre objectif est de vous envoyer les publicit\u00e9s et les offres les plus pertinentes possibles, adapt\u00e9es \u00e0 vos besoins ou susceptibles de vous int\u00e9resser r\u00e9ellement.<\/p>\n<p>Ces cookies sont susceptibles de traiter des donn\u00e9es relatives \u00e0 vos pr\u00e9f\u00e9rences personnelles, \u00e0 votre int\u00e9r\u00eat pour nos produits et\/ou services et, \u00e0 vos habitudes de consommation.<\/p>\n<p>Ce traitement automatis\u00e9 de donn\u00e9es contribue donc \u00e0 une meilleure exp\u00e9rience en ligne :<br \/>\n&#8211; En vous montrant des offres pertinentes au bon moment,<br \/>\n&#8211; En \u00e9cartant les offres qui sont susceptibles de ne pas vous int\u00e9resser,<br \/>\n&#8211; Ou encore en limitant le nombre de fois o\u00f9 une m\u00eame publicit\u00e9 vous est pr\u00e9sent\u00e9e.<\/p>\n<p>Par exemple, ces traitements peuvent nous amener \u00e0 vous pousser des informations li\u00e9es au financement automobile que vous \u00eates susceptible de privil\u00e9gier (LOA plut\u00f4t qu&#8217;un LLD, ou vice versa).<\/p>\n<p>Les donn\u00e9es trait\u00e9es dans ce cadre peuvent avoir \u00e9t\u00e9 collect\u00e9es \u00e0 partir de diff\u00e9rentes sources et \u00eatre interconnect\u00e9es : donn\u00e9es de nos fichiers clients, donn\u00e9es de navigation, donn\u00e9es de tiers, etc. L&#8217;utilisation de tels outils est d\u00e9finie comme du profilage par la r\u00e9glementation.<\/p>\n<p>L&#8217;utilisation et le stockage de ces cookies sont soumis \u00e0 votre consentement.<\/p>\n<p><strong>Cookies analytique<\/strong><\/p>\n<p>Ces cookies ont pour but d&#8217;analyser le trafic du site web et d&#8217;am\u00e9liorer votre exp\u00e9rience de navigation.<\/p>\n<p>Ces cookies peuvent traiter des donn\u00e9es relatives aux pages visit\u00e9es, au temps pass\u00e9 sur les pages visit\u00e9es, au navigateur que vous utilisez pour visiter ces pages, etc.<\/p>\n<p>Les donn\u00e9es collect\u00e9es par ces cookies peuvent \u00e9galement \u00eatre utilis\u00e9es pour cr\u00e9er des algorithmes et des profils afin d&#8217;analyser vos int\u00e9r\u00eats potentiels et vos pr\u00e9f\u00e9rences pour nos produits et services. Nous pouvons combiner ces donn\u00e9es avec d&#8217;autres informations, telles que des informations provenant de notre base de donn\u00e9es clients (pour plus d&#8217;informations sur le profilage et la mani\u00e8re de s&#8217;y opposer, veuillez consulter nos informations sur la protection des donn\u00e9es personnelles <a href=\"https:\/\/www.rci-insurance.eu\/fr\/legal\/7933-2\/\">Politique Locale<\/a>.<\/p>\n<p>L&#8217;utilisation et le stockage de ces cookies sont g\u00e9n\u00e9ralement soumis a votre consentement. Sous certaines conditions, ces cookies peuvent \u00eatre places\/lues sans votre consentement, par exemple si l&#8217;objectif des cookies est uniquement d&#8217;analyser les contenus que vous avez.<\/p>\n<\/div><\/details><\/div><\/p>\n<div class=\"lightweight-accordion\"><details><summary class=\"lightweight-accordion-title\"><span><strong>QUELS COOKIES SONT UTILIS\u00c9S SUR CE SITE WEB ?<\/strong><\/span><\/summary><div class=\"lightweight-accordion-body\"><p>Le tableau ci-joint contient la liste de tous les cookies stock\u00e9s et\/ou utilis\u00e9s par ce site web et leurs principales caract\u00e9ristiques. Dans la mesure du possible, ces cookies sont h\u00e9berg\u00e9s sur des serveurs situ\u00e9s dans l&#8217;Espace \u00e9conomique europ\u00e9en (EEE). Toutefois, certains de nos prestataires de services \u00e9tant situ\u00e9s dans des pays en dehors de l&#8217;EEE, vos donn\u00e9es personnelles sont trait\u00e9es dans ces pays, qui peuvent avoir une r\u00e9glementation sur les donn\u00e9es personnelles diff\u00e9rente de celle de l&#8217;Union europ\u00e9enne. Dans ce cas, (i) nous sommes tr\u00e8s attentifs \u00e0 ce que ce transfert soit effectu\u00e9 conform\u00e9ment \u00e0 la r\u00e9glementation applicable et (ii) nous mettons en place des garanties assurant un niveau de protection ad\u00e9quat de vos donn\u00e9es (notamment en utilisant les clauses contractuelles types de la Commission europ\u00e9enne).<\/p>\n<p>Notre site internet peut contenir des cookies de tiers (agence de communication, services analytiques, etc.) leur permettant, pendant la dur\u00e9e de vie des cookies, de collecter des informations de navigation relatives \u00e0 notre site internet. Le stockage et l&#8217;utilisation de ces cookies par des tiers sont soumis aux politiques de confidentialit\u00e9 de ces tiers. Nous vous informons de la finalit\u00e9 de tout cookie tiers sur notre site internet ainsi que des moyens \u00e0 votre disposition pour effectuer des choix concernant ces cookies.<\/p>\n<p><strong>Partenaire propri\u00e9taire du cookie<\/strong>: Mobilize Financial Services<\/p>\n<p><strong>Finalit\u00e9s des cookies<\/strong>:<\/p>\n<ul>\n<li>Technique<\/li>\n<li>Sociales<\/li>\n<li>Publicit\u00e9\/contenu personnalis\u00e9<\/li>\n<li>Analytique<\/li>\n<\/ul>\n<\/div><\/details><\/div>\n<div class=\"lightweight-accordion\"><details><summary class=\"lightweight-accordion-title\"><span><strong>COMMENT VOTRE CONSENTEMENT EST-IL OBTENU ?<\/strong><\/span><\/summary><div class=\"lightweight-accordion-body\"><p>Lors de votre premi\u00e8re visite sur notre site, il vous est demand\u00e9 d&#8217;accepter ou de refuser ou de faire certains choix concernant l&#8217;utilisation des cookies, par l&#8217;affichage d&#8217;une banni\u00e8re d&#8217;information d\u00e9di\u00e9e.<\/p>\n<p>Vous pouvez retirer votre consentement \u00e0 tout moment ou modifier vos choix (par exemple en n&#8217;acceptant que certains types de cookies) avec notre outil d\u00e9di\u00e9.<\/p>\n<p>Veuillez noter que, conform\u00e9ment \u00e0 la r\u00e9glementation, les cookies qui sont n\u00e9cessaires au fonctionnement du site web ne sont pas soumis \u00e0 votre consentement et ne peuvent donc pas \u00eatre d\u00e9sactiv\u00e9s dans notre outil de gestion des cookies. Vous pouvez emp\u00eacher leur utilisation en modifiant les param\u00e8tres de votre navigateur (en suivant la section &#8221; comment refuser les cookies &#8221; ci-dessous) mais la qualit\u00e9 de votre exp\u00e9rience sur le site web peut en p\u00e2tir.<\/p>\n<\/div><\/details><\/div>\n<div class=\"lightweight-accordion\"><details><summary class=\"lightweight-accordion-title\"><span><strong>COMBIEN DE TEMPS VOTRE CONSENTEMENT EST-IL CONSERV\u00c9 ?<\/strong><\/span><\/summary><div class=\"lightweight-accordion-body\"><p>Lorsque vous acceptez ou refusez tout ou partie des cookies sur notre site web, votre choix est enregistr\u00e9 et conserve (et nous gardons un enregistrement de vos pr\u00e9f\u00e9rences) pendant une p\u00e9riode de 6 mois au maximum. Cela signifie que lorsque vous consultez notre site web ult\u00e9rieurement, pendant cette p\u00e9riode, nous ne demanderons aucune action de votre part concernant les cookies car nous aurons un enregistrement de vos pr\u00e9f\u00e9rences stock\u00e9es.<\/p>\n<p>Apr\u00e8s la fin de cette p\u00e9riode, nous vous demanderons \u00e0 nouveau de consentir ou de refuser ou de faire certains choix concernant l&#8217;utilisation des cookies.<\/p>\n<\/div><\/details><\/div>\n<div class=\"lightweight-accordion\"><details><summary class=\"lightweight-accordion-title\"><span><strong>COMMENT G\u00c9RER LES COOKIES ?<\/strong><\/span><\/summary><div class=\"lightweight-accordion-body\"><p><strong>Comment refuser les cookies ?<\/strong><\/p>\n<p>Si vous ne souhaitez pas que des cookies soient stock\u00e9s ou lus sur votre appareil, un cookie de refus sera stock\u00e9 sur votre \u00e9quipement pour nous permettre d&#8217;enregistrer le fait que vous vous \u00eates oppos\u00e9 \u00e0 l&#8217;utilisation de cookies. Si vous supprimez ce cookie de refus, nous ne serons plus en mesure de reconna\u00eetre que vous avez refus\u00e9 l&#8217;utilisation et le stockage des cookies (ce qui signifie que vous devrez \u00e0 nouveau d\u00e9finir vos pr\u00e9f\u00e9rences lors de votre prochaine visite sur notre site web).<\/p>\n<p>Vous disposez de plusieurs options pour g\u00e9rer les cookies, notamment en bloquant leur utilisation et\/ou en les supprimant.<\/p>\n<p><strong>Outil de gestion des cookies<\/strong><br \/>\nUn outil de gestion des cookies vous permettant de g\u00e9rer vos pr\u00e9f\u00e9rences en mati\u00e8re de cookies est fourni pour vous permettre de g\u00e9rer les cookies stock\u00e9s et\/ou utilis\u00e9s sur ce site web. \u00c0 tout moment, en cliquant sur ce lien ci-dessous, vous pouvez acc\u00e9der au configurateur et modifier vos pr\u00e9f\u00e9rences, en fonction du type de cookie concern\u00e9.<\/p>\n<\/div><\/details><\/div>\n<p style=\"text-align: center;\"><div class=\"lightweight-accordion\"><details><summary class=\"lightweight-accordion-title\"><span><strong>MANAGE THE COOKIES<\/strong><\/span><\/summary><div class=\"lightweight-accordion-body\"><p>&nbsp;<\/p>\n<p><strong>Param\u00e8tres du navigateur<\/strong><br \/>\nVous pouvez \u00e9galement g\u00e9rer les cookies via votre navigateur.<\/p>\n<p>La plupart des navigateurs sont configur\u00e9s par d\u00e9faut pour accepter les cookies, mais si vous le souhaitez, vous pouvez choisir d&#8217;accepter tous les cookies, de refuser syst\u00e9matiquement les cookies ou de choisir les cookies que vous acceptez en fonction de leur provenance. Vous pouvez \u00e9galement supprimer r\u00e9guli\u00e8rement les cookies de votre appareil \u00e0 l&#8217;aide de votre navigateur.<\/p>\n<p>Toutefois, n&#8217;oubliez pas de param\u00e9trer tous les navigateurs de vos diff\u00e9rents appareils (tablettes, smartphones, ordinateurs, etc.).<\/p>\n<p>Chaque navigateur a une configuration diff\u00e9rente pour g\u00e9rer les cookies et vos choix. Elle est d\u00e9crite dans le menu d&#8217;aide de votre navigateur, qui vous indiquera comment modifier vos pr\u00e9f\u00e9rences en mati\u00e8re de cookies. Par exemple :<br \/>\n\u2022 pour Internet Explorer\u2122 : <a href=\"http:\/\/windows.microsoft.com\/fr-FR\/windows-vista\/Block-or-allow-cookies\">http:\/\/windows.microsoft.com\/fr-FR\/windows-vista\/Block-or-allow-cookies<\/a>;<br \/>\n\u2022 pour Safari\u2122 : <a href=\"https:\/\/support.apple.com\/fr-fr\/safari\">https:\/\/support.apple.com\/fr-fr\/safari<\/a>;<br \/>\n\u2022 pour Chrome\u2122 : <a href=\"http:\/\/support.google.com\/chrome\/bin\/answer.py?hl=fr&amp;hlrm=en&amp;answer=95647\">http:\/\/support.google.com\/chrome\/bin\/answer.py?hl=fr&amp;hlrm=en&amp;answer=95647<\/a><br \/>\n\u2022 pour Firefox\u2122 : <a href=\"http:\/\/support.mozilla.org\/fr\/kb\/Activer%20et%20d%C3%A9sactiver%20les%20cookies\">http:\/\/support.mozilla.org\/fr\/kb\/Activer%20et%20d%C3%A9sactiver%20les%20cookies<\/a><br \/>\n\u2022 pour Opera\u2122 : <a href=\"http:\/\/help.opera.com\/Windows\/10.20\/fr\/cookies.html\">http:\/\/help.opera.com\/Windows\/10.20\/fr\/cookies.html<\/a>.<\/p>\n<p>&nbsp;<\/p>\n<p><strong>Modules \u00e9diteurs pour la formulation des oppositions.<\/strong><br \/>\nVous pouvez choisir de d\u00e9sactiver certains cookies tiers en vous rendant directement sur la page de l&#8217;\u00e9metteur du cookie. De cette mani\u00e8re:<\/p>\n<p>&#8211; pour d\u00e9sactiver les cookies Google Analytics, rendez-vous sur la page : <a href=\"https:\/\/tools.google.com\/dlpage\/gaoptout?hl=en\">https:\/\/tools.google.com\/dlpage\/gaoptout?hl=en<\/a><\/p>\n<\/div><\/details><\/div><\/p>\n<div class=\"lightweight-accordion\"><details><summary class=\"lightweight-accordion-title\"><span>COMMENT POUVEZ-VOUS EXERCER VOS AUTRES DROITS ?<\/span><\/summary><div class=\"lightweight-accordion-body\"><p>Conform\u00e9ment \u00e0 la l\u00e9gislation applicable en mati\u00e8re de protection des donn\u00e9es personnelles, vous disposez d&#8217;un droit d&#8217;acc\u00e8s, de rectification, d&#8217;opposition, de limitation et de suppression de vos donn\u00e9es personnelles. Pour exercer vos autres droits, veuillez consulter nos informations sur la protection de vos donn\u00e9es personnelles en cliquant sur le lien suivant <a href=\"https:\/\/www.rci-insurance.eu\/fr\/legal\/7933-2\/\">Politique Locale<\/a>.<\/p>\n<\/div><\/details><\/div>\n<div class=\"lightweight-accordion\"><details><summary class=\"lightweight-accordion-title\"><span><strong>MODIFICATIONS<\/strong><\/span><\/summary><div class=\"lightweight-accordion-body\"><p>\nNous pouvons modifier cette politique de temps \u00e0 autre. Nous vous en informerons et\/ou demanderons votre consentement chaque fois que cela sera n\u00e9cessaire ou requis. Nous vous recommandons donc de consulter cette politique chaque fois que vous visitez notre site web afin de prendre connaissance de la derni\u00e8re version.<\/p>\n<p>Version 1 : 27\/05\/2021<\/p>\n<\/div><\/details><\/div>\n","protected":false},"excerpt":{"rendered":"Nos sites web et applications mobiles utilisent des technologiques telles que les cookies pour vous offrir une exp\u00e9rience de qualit\u00e9, fluide et personnalis\u00e9e. Les informations de cette politique compl\u00e8tent les informations sur la protection des donn\u00e9es personnelles Politique Locale La protection de vos donn\u00e9es en ligne est une priorit\u00e9 pour Mobilize Financial Services. Vous pouvez\u2026","protected":false},"author":1,"featured_media":0,"parent":0,"menu_order":0,"comment_status":"closed","ping_status":"closed","template":"","meta":{"_acf_changed":false,"footnotes":""},"class_list":["post-491","page","type-page","status-publish","hentry"],"acf":[],"yoast_head":"<!-- This site is optimized with the Yoast SEO plugin v25.5 - https:\/\/yoast.com\/wordpress\/plugins\/seo\/ -->\r\n<title>Utilisation des Cookies - RCI INSURANCE<\/title>\r\n<meta name=\"robots\" content=\"index, follow, max-snippet:-1, max-image-preview:large, max-video-preview:-1\" \/>\r\n<link rel=\"canonical\" href=\"https:\/\/www.rci-insurance.eu\/fr\/legal\/utilisation-des-cookies\/\" \/>\r\n<meta property=\"og:locale\" content=\"fr_FR\" \/>\r\n<meta property=\"og:type\" content=\"article\" \/>\r\n<meta property=\"og:title\" content=\"Utilisation des Cookies - RCI INSURANCE\" \/>\r\n<meta property=\"og:description\" content=\"Nos sites web et applications mobiles utilisent des technologiques telles que les cookies pour vous offrir une exp\u00e9rience de qualit\u00e9, fluide et personnalis\u00e9e. Les informations de cette politique compl\u00e8tent les informations sur la protection des donn\u00e9es personnelles Politique Locale La protection de vos donn\u00e9es en ligne est une priorit\u00e9 pour Mobilize Financial Services. Vous pouvez\u2026\" \/>\r\n<meta property=\"og:url\" content=\"https:\/\/www.rci-insurance.eu\/fr\/legal\/utilisation-des-cookies\/\" \/>\r\n<meta property=\"og:site_name\" content=\"RCI INSURANCE\" \/>\r\n<meta property=\"article:modified_time\" content=\"2023-06-13T11:51:56+00:00\" \/>\r\n<meta name=\"twitter:card\" content=\"summary_large_image\" \/>\r\n<meta name=\"twitter:label1\" content=\"Dur\u00e9e de lecture estim\u00e9e\" \/>\n\t<meta name=\"twitter:data1\" content=\"10 minutes\" \/>\r\n<script type=\"application\/ld+json\" class=\"yoast-schema-graph\">{\"@context\":\"https:\/\/schema.org\",\"@graph\":[{\"@type\":\"WebPage\",\"@id\":\"https:\/\/www.rci-insurance.eu\/fr\/legal\/utilisation-des-cookies\/\",\"url\":\"https:\/\/www.rci-insurance.eu\/fr\/legal\/utilisation-des-cookies\/\",\"name\":\"Utilisation des Cookies - RCI INSURANCE\",\"isPartOf\":{\"@id\":\"https:\/\/www.rci-insurance.eu\/#website\"},\"datePublished\":\"2017-12-20T09:49:31+00:00\",\"dateModified\":\"2023-06-13T11:51:56+00:00\",\"breadcrumb\":{\"@id\":\"https:\/\/www.rci-insurance.eu\/fr\/legal\/utilisation-des-cookies\/#breadcrumb\"},\"inLanguage\":\"fr-FR\",\"potentialAction\":[{\"@type\":\"ReadAction\",\"target\":[\"https:\/\/www.rci-insurance.eu\/fr\/legal\/utilisation-des-cookies\/\"]}]},{\"@type\":\"BreadcrumbList\",\"@id\":\"https:\/\/www.rci-insurance.eu\/fr\/legal\/utilisation-des-cookies\/#breadcrumb\",\"itemListElement\":[{\"@type\":\"ListItem\",\"position\":1,\"name\":\"Home\",\"item\":\"https:\/\/www.rci-insurance.eu\/fr\/\"},{\"@type\":\"ListItem\",\"position\":2,\"name\":\"L\u00c9GAL\",\"item\":\"https:\/\/www.rci-insurance.eu\/fr\/legal\/\"},{\"@type\":\"ListItem\",\"position\":3,\"name\":\"Utilisation des Cookies\"}]},{\"@type\":\"WebSite\",\"@id\":\"https:\/\/www.rci-insurance.eu\/#website\",\"url\":\"https:\/\/www.rci-insurance.eu\/\",\"name\":\"RCI INSURANCE\",\"description\":\"\",\"potentialAction\":[{\"@type\":\"SearchAction\",\"target\":{\"@type\":\"EntryPoint\",\"urlTemplate\":\"https:\/\/www.rci-insurance.eu\/?s={search_term_string}\"},\"query-input\":{\"@type\":\"PropertyValueSpecification\",\"valueRequired\":true,\"valueName\":\"search_term_string\"}}],\"inLanguage\":\"fr-FR\"}]}<\/script>\r\n<!-- \/ Yoast SEO plugin. -->","yoast_head_json":{"title":"Utilisation des Cookies - RCI INSURANCE","robots":{"index":"index","follow":"follow","max-snippet":"max-snippet:-1","max-image-preview":"max-image-preview:large","max-video-preview":"max-video-preview:-1"},"canonical":"https:\/\/www.rci-insurance.eu\/fr\/legal\/utilisation-des-cookies\/","og_locale":"fr_FR","og_type":"article","og_title":"Utilisation des Cookies - RCI INSURANCE","og_description":"Nos sites web et applications mobiles utilisent des technologiques telles que les cookies pour vous offrir une exp\u00e9rience de qualit\u00e9, fluide et personnalis\u00e9e. Les informations de cette politique compl\u00e8tent les informations sur la protection des donn\u00e9es personnelles Politique Locale La protection de vos donn\u00e9es en ligne est une priorit\u00e9 pour Mobilize Financial Services. Vous pouvez\u2026","og_url":"https:\/\/www.rci-insurance.eu\/fr\/legal\/utilisation-des-cookies\/","og_site_name":"RCI INSURANCE","article_modified_time":"2023-06-13T11:51:56+00:00","twitter_card":"summary_large_image","twitter_misc":{"Dur\u00e9e de lecture estim\u00e9e":"10 minutes"},"schema":{"@context":"https:\/\/schema.org","@graph":[{"@type":"WebPage","@id":"https:\/\/www.rci-insurance.eu\/fr\/legal\/utilisation-des-cookies\/","url":"https:\/\/www.rci-insurance.eu\/fr\/legal\/utilisation-des-cookies\/","name":"Utilisation des Cookies - RCI INSURANCE","isPartOf":{"@id":"https:\/\/www.rci-insurance.eu\/#website"},"datePublished":"2017-12-20T09:49:31+00:00","dateModified":"2023-06-13T11:51:56+00:00","breadcrumb":{"@id":"https:\/\/www.rci-insurance.eu\/fr\/legal\/utilisation-des-cookies\/#breadcrumb"},"inLanguage":"fr-FR","potentialAction":[{"@type":"ReadAction","target":["https:\/\/www.rci-insurance.eu\/fr\/legal\/utilisation-des-cookies\/"]}]},{"@type":"BreadcrumbList","@id":"https:\/\/www.rci-insurance.eu\/fr\/legal\/utilisation-des-cookies\/#breadcrumb","itemListElement":[{"@type":"ListItem","position":1,"name":"Home","item":"https:\/\/www.rci-insurance.eu\/fr\/"},{"@type":"ListItem","position":2,"name":"L\u00c9GAL","item":"https:\/\/www.rci-insurance.eu\/fr\/legal\/"},{"@type":"ListItem","position":3,"name":"Utilisation des Cookies"}]},{"@type":"WebSite","@id":"https:\/\/www.rci-insurance.eu\/#website","url":"https:\/\/www.rci-insurance.eu\/","name":"RCI INSURANCE","description":"","potentialAction":[{"@type":"SearchAction","target":{"@type":"EntryPoint","urlTemplate":"https:\/\/www.rci-insurance.eu\/?s={search_term_string}"},"query-input":{"@type":"PropertyValueSpecification","valueRequired":true,"valueName":"search_term_string"}}],"inLanguage":"fr-FR"}]}},"_links":{"self":[{"href":"https:\/\/www.rci-insurance.eu\/fr\/wp-json\/wp\/v2\/pages\/491","targetHints":{"allow":["GET"]}}],"collection":[{"href":"https:\/\/www.rci-insurance.eu\/fr\/wp-json\/wp\/v2\/pages"}],"about":[{"href":"https:\/\/www.rci-insurance.eu\/fr\/wp-json\/wp\/v2\/types\/page"}],"author":[{"embeddable":true,"href":"https:\/\/www.rci-insurance.eu\/fr\/wp-json\/wp\/v2\/users\/1"}],"replies":[{"embeddable":true,"href":"https:\/\/www.rci-insurance.eu\/fr\/wp-json\/wp\/v2\/comments?post=491"}],"version-history":[{"count":10,"href":"https:\/\/www.rci-insurance.eu\/fr\/wp-json\/wp\/v2\/pages\/491\/revisions"}],"predecessor-version":[{"id":7173,"href":"https:\/\/www.rci-insurance.eu\/fr\/wp-json\/wp\/v2\/pages\/491\/revisions\/7173"}],"wp:attachment":[{"href":"https:\/\/www.rci-insurance.eu\/fr\/wp-json\/wp\/v2\/media?parent=491"}],"curies":[{"name":"wp","href":"https:\/\/api.w.org\/{rel}","templated":true}]}}