{"id":7071,"date":"2023-04-20T12:20:45","date_gmt":"2023-04-20T10:20:45","guid":{"rendered":"http:\/\/dev-rci-insurance.iconsandbox.com\/?page_id=7071"},"modified":"2023-04-20T12:20:45","modified_gmt":"2023-04-20T10:20:45","slug":"valores-corporativos","status":"publish","type":"page","link":"https:\/\/www.rci-insurance.eu\/es\/sobre-rci-insurance\/valores-corporativos\/","title":{"rendered":"Valores corporativos"},"content":{"rendered":"<p>Firmes pr\u00e1cticas de gobierno corporativo permiten a RCI Life Limited y RCI Insurance Limited (&#8220;Las Empresas&#8221;) mantener sus objetivos empresariales respetando los intereses de asegurados, accionistas y otros socios, y apostando por un crecimiento sostenible y de largo plazo.<\/p>\n<p>Las Empresas adoptan una estructura de gobierno que promueve:<\/p>\n<ul>\n<li>La transparencia.<\/li>\n<li>Roles y responsabilidades claramente definidos.<\/li>\n<li>Responsabilidad<\/li>\n<li>Flujos eficaces de informaci\u00f3n.<\/li>\n<\/ul>\n<p><strong>Pol\u00edticas y Procedimientos<\/strong><\/p>\n<p>Las pol\u00edticas y los procedimientos establecen los roles y responsabilidades de las diferentes funciones de negocio y cuerpos directivos dentro de cada \u00e1rea operativa. Las pol\u00edticas y los procedimientos son peri\u00f3dicamente revisados para asegurar su relevancia y concordancia con los principios rectores de las Empresas en cuanto a su estrategia de negocio y riesgo.<\/p>\n<p><strong>Comit\u00e9s Directivos<\/strong><\/p>\n<p>Existen comit\u00e9s de direcci\u00f3n creados para apoyar a la Junta de Direcci\u00f3n en sus decisiones sobre \u00e1reas cr\u00edticas de negocio (operaciones de seguros, manejo de inversiones, manejo del riesgo, control interno y cumplimiento). Los comit\u00e9s est\u00e1n formados por una adecuada representaci\u00f3n de directores, t\u00edtulares de funciones y accionistas.<\/p>\n<p><strong>La Junta Directiva<\/strong><\/p>\n<p>La Junta Directiva y Administrativa reconoce la importancia de adoptar medidas institucionales apropiadas para asegurar que las personas al frente del negocio o de cargos importantes est\u00e1n en posesi\u00f3n del nivel de idoneidad adecuado y apropiado para realizar las actividades de las Empresas de manera firme y prudente.<\/p>\n<p><strong>Empleados y Socios Externos<\/strong><\/p>\n<p>Los empleados deben:<\/p>\n<ul>\n<li>Comportarse con total integridad y diligencia en todo momento.<\/li>\n<li>Aspirar a la excelencia en el trabajo que desempe\u00f1an.<\/li>\n<li>Aspirar a lograr los mejores resultados posibles.<\/li>\n<li>Promover el inter\u00e9s p\u00fablico.<\/li>\n<\/ul>\n<p>El principio se extiende a todos los socios externos y asegura que los proveedores de servicios act\u00faan conforme a los est\u00e1ndares esperados para el servicio.<\/p>\n<p><strong>Cumplimiento de las normas<\/strong><\/p>\n<p>Las Empresas persiguen el fraude ni la corrupci\u00f3n u otra forma de actividad il\u00edcita, y est\u00e1n comprometidas con el cumplimiento de la ley, las normas y los c\u00f3digos industriales, los est\u00e1ndares \u00e9ticos y profesionales y las pol\u00edticas internas.<\/p>\n","protected":false},"excerpt":{"rendered":"Firmes pr\u00e1cticas de gobierno corporativo permiten a RCI Life Limited y RCI Insurance Limited (&#8220;Las Empresas&#8221;) mantener sus objetivos empresariales respetando los intereses de asegurados, accionistas y otros socios, y apostando por un crecimiento sostenible y de largo plazo. Las Empresas adoptan una estructura de gobierno que promueve: La transparencia. Roles y responsabilidades claramente definidos.&hellip;","protected":false},"author":1,"featured_media":0,"parent":446,"menu_order":0,"comment_status":"closed","ping_status":"closed","template":"","meta":{"_acf_changed":false,"footnotes":""},"class_list":["post-7071","page","type-page","status-publish","hentry"],"acf":[],"yoast_head":"<!-- This site is optimized with the Yoast SEO plugin v27.3 - https:\/\/yoast.com\/product\/yoast-seo-wordpress\/ -->\r\n<title>Valores corporativos - RCI INSURANCE<\/title>\r\n<meta name=\"robots\" content=\"index, follow, max-snippet:-1, max-image-preview:large, max-video-preview:-1\" \/>\r\n<link rel=\"canonical\" href=\"https:\/\/www.rci-insurance.eu\/es\/sobre-rci-insurance\/valores-corporativos\/\" \/>\r\n<meta property=\"og:locale\" content=\"es_ES\" \/>\r\n<meta property=\"og:type\" content=\"article\" \/>\r\n<meta property=\"og:title\" content=\"Valores corporativos - RCI INSURANCE\" \/>\r\n<meta property=\"og:description\" content=\"Firmes pr\u00e1cticas de gobierno corporativo permiten a RCI Life Limited y RCI Insurance Limited (&#8220;Las Empresas&#8221;) mantener sus objetivos empresariales respetando los intereses de asegurados, accionistas y otros socios, y apostando por un crecimiento sostenible y de largo plazo. Las Empresas adoptan una estructura de gobierno que promueve: La transparencia. Roles y responsabilidades claramente definidos.&hellip;\" \/>\r\n<meta property=\"og:url\" content=\"https:\/\/www.rci-insurance.eu\/es\/sobre-rci-insurance\/valores-corporativos\/\" \/>\r\n<meta property=\"og:site_name\" content=\"RCI INSURANCE\" \/>\r\n<meta name=\"twitter:card\" content=\"summary_large_image\" \/>\r\n<meta name=\"twitter:label1\" content=\"Tiempo de lectura\" \/>\n\t<meta name=\"twitter:data1\" content=\"2 minutos\" \/>\r\n<script type=\"application\/ld+json\" class=\"yoast-schema-graph\">{\"@context\":\"https:\\\/\\\/schema.org\",\"@graph\":[{\"@type\":\"WebPage\",\"@id\":\"https:\\\/\\\/www.rci-insurance.eu\\\/es\\\/sobre-rci-insurance\\\/valores-corporativos\\\/\",\"url\":\"https:\\\/\\\/www.rci-insurance.eu\\\/es\\\/sobre-rci-insurance\\\/valores-corporativos\\\/\",\"name\":\"Valores corporativos - RCI INSURANCE\",\"isPartOf\":{\"@id\":\"https:\\\/\\\/www.rci-insurance.eu\\\/#website\"},\"datePublished\":\"2023-04-20T10:20:45+00:00\",\"breadcrumb\":{\"@id\":\"https:\\\/\\\/www.rci-insurance.eu\\\/es\\\/sobre-rci-insurance\\\/valores-corporativos\\\/#breadcrumb\"},\"inLanguage\":\"es\",\"potentialAction\":[{\"@type\":\"ReadAction\",\"target\":[\"https:\\\/\\\/www.rci-insurance.eu\\\/es\\\/sobre-rci-insurance\\\/valores-corporativos\\\/\"]}]},{\"@type\":\"BreadcrumbList\",\"@id\":\"https:\\\/\\\/www.rci-insurance.eu\\\/es\\\/sobre-rci-insurance\\\/valores-corporativos\\\/#breadcrumb\",\"itemListElement\":[{\"@type\":\"ListItem\",\"position\":1,\"name\":\"Home\",\"item\":\"https:\\\/\\\/www.rci-insurance.eu\\\/es\\\/\"},{\"@type\":\"ListItem\",\"position\":2,\"name\":\"Sobre RCI Insurance\",\"item\":\"https:\\\/\\\/www.rci-insurance.eu\\\/es\\\/sobre-rci-insurance\\\/\"},{\"@type\":\"ListItem\",\"position\":3,\"name\":\"Valores corporativos\"}]},{\"@type\":\"WebSite\",\"@id\":\"https:\\\/\\\/www.rci-insurance.eu\\\/#website\",\"url\":\"https:\\\/\\\/www.rci-insurance.eu\\\/\",\"name\":\"RCI INSURANCE\",\"description\":\"\",\"potentialAction\":[{\"@type\":\"SearchAction\",\"target\":{\"@type\":\"EntryPoint\",\"urlTemplate\":\"https:\\\/\\\/www.rci-insurance.eu\\\/?s={search_term_string}\"},\"query-input\":{\"@type\":\"PropertyValueSpecification\",\"valueRequired\":true,\"valueName\":\"search_term_string\"}}],\"inLanguage\":\"es\"}]}<\/script>\r\n<!-- \/ Yoast SEO plugin. -->","yoast_head_json":{"title":"Valores corporativos - RCI INSURANCE","robots":{"index":"index","follow":"follow","max-snippet":"max-snippet:-1","max-image-preview":"max-image-preview:large","max-video-preview":"max-video-preview:-1"},"canonical":"https:\/\/www.rci-insurance.eu\/es\/sobre-rci-insurance\/valores-corporativos\/","og_locale":"es_ES","og_type":"article","og_title":"Valores corporativos - RCI INSURANCE","og_description":"Firmes pr\u00e1cticas de gobierno corporativo permiten a RCI Life Limited y RCI Insurance Limited (&#8220;Las Empresas&#8221;) mantener sus objetivos empresariales respetando los intereses de asegurados, accionistas y otros socios, y apostando por un crecimiento sostenible y de largo plazo. Las Empresas adoptan una estructura de gobierno que promueve: La transparencia. Roles y responsabilidades claramente definidos.&hellip;","og_url":"https:\/\/www.rci-insurance.eu\/es\/sobre-rci-insurance\/valores-corporativos\/","og_site_name":"RCI INSURANCE","twitter_card":"summary_large_image","twitter_misc":{"Tiempo de lectura":"2 minutos"},"schema":{"@context":"https:\/\/schema.org","@graph":[{"@type":"WebPage","@id":"https:\/\/www.rci-insurance.eu\/es\/sobre-rci-insurance\/valores-corporativos\/","url":"https:\/\/www.rci-insurance.eu\/es\/sobre-rci-insurance\/valores-corporativos\/","name":"Valores corporativos - RCI INSURANCE","isPartOf":{"@id":"https:\/\/www.rci-insurance.eu\/#website"},"datePublished":"2023-04-20T10:20:45+00:00","breadcrumb":{"@id":"https:\/\/www.rci-insurance.eu\/es\/sobre-rci-insurance\/valores-corporativos\/#breadcrumb"},"inLanguage":"es","potentialAction":[{"@type":"ReadAction","target":["https:\/\/www.rci-insurance.eu\/es\/sobre-rci-insurance\/valores-corporativos\/"]}]},{"@type":"BreadcrumbList","@id":"https:\/\/www.rci-insurance.eu\/es\/sobre-rci-insurance\/valores-corporativos\/#breadcrumb","itemListElement":[{"@type":"ListItem","position":1,"name":"Home","item":"https:\/\/www.rci-insurance.eu\/es\/"},{"@type":"ListItem","position":2,"name":"Sobre RCI Insurance","item":"https:\/\/www.rci-insurance.eu\/es\/sobre-rci-insurance\/"},{"@type":"ListItem","position":3,"name":"Valores corporativos"}]},{"@type":"WebSite","@id":"https:\/\/www.rci-insurance.eu\/#website","url":"https:\/\/www.rci-insurance.eu\/","name":"RCI INSURANCE","description":"","potentialAction":[{"@type":"SearchAction","target":{"@type":"EntryPoint","urlTemplate":"https:\/\/www.rci-insurance.eu\/?s={search_term_string}"},"query-input":{"@type":"PropertyValueSpecification","valueRequired":true,"valueName":"search_term_string"}}],"inLanguage":"es"}]}},"_links":{"self":[{"href":"https:\/\/www.rci-insurance.eu\/es\/wp-json\/wp\/v2\/pages\/7071","targetHints":{"allow":["GET"]}}],"collection":[{"href":"https:\/\/www.rci-insurance.eu\/es\/wp-json\/wp\/v2\/pages"}],"about":[{"href":"https:\/\/www.rci-insurance.eu\/es\/wp-json\/wp\/v2\/types\/page"}],"author":[{"embeddable":true,"href":"https:\/\/www.rci-insurance.eu\/es\/wp-json\/wp\/v2\/users\/1"}],"replies":[{"embeddable":true,"href":"https:\/\/www.rci-insurance.eu\/es\/wp-json\/wp\/v2\/comments?post=7071"}],"version-history":[{"count":1,"href":"https:\/\/www.rci-insurance.eu\/es\/wp-json\/wp\/v2\/pages\/7071\/revisions"}],"predecessor-version":[{"id":7077,"href":"https:\/\/www.rci-insurance.eu\/es\/wp-json\/wp\/v2\/pages\/7071\/revisions\/7077"}],"up":[{"embeddable":true,"href":"https:\/\/www.rci-insurance.eu\/es\/wp-json\/wp\/v2\/pages\/446"}],"wp:attachment":[{"href":"https:\/\/www.rci-insurance.eu\/es\/wp-json\/wp\/v2\/media?parent=7071"}],"curies":[{"name":"wp","href":"https:\/\/api.w.org\/{rel}","templated":true}]}}