{"id":7935,"date":"2023-05-10T08:18:19","date_gmt":"2023-05-10T06:18:19","guid":{"rendered":"http:\/\/dev-rci-insurance.iconsandbox.com\/?page_id=7935"},"modified":"2023-06-13T13:42:42","modified_gmt":"2023-06-13T11:42:42","slug":"7935-2","status":"publish","type":"page","link":"https:\/\/www.rci-insurance.eu\/de\/7935-2\/","title":{"rendered":"Internet-Nutzungsbedingungen"},"content":{"rendered":"<p><strong>Allgemein<\/strong><\/p>\n<p>Diese Nutzungsbedingungen gelten zusammen mit den Richtlinien \u00fcber die Verwendung von Cookies und den Datenschutzbestimmungen f\u00fcr die Website (zusammenfassend als die &#8220;Allgemeinen Gesch\u00e4ftsbedingungen&#8221; bezeichnet) f\u00fcr die Nutzung der Dom\u00e4ne <a href=\"http:\/\/www.rci-insurance.eu\/de\/\"><strong>www.rci-insurance.eu<\/strong><\/a> und allen Subdom\u00e4nen (im Folgenden gemeinsam als \u201edie Website\u201c oder \u201ediese Website\u201c bezeichnet) von RCI Life Ltd, RCI Insurance Ltd und RCI Services Ltd (im Folgenden als \u201edie Unternehmen\u201c, \u201euns\u201c oder \u201ewir\u201c bezeichnet). Bitte lesen Sie die allgemeinen Bedingungen sorgf\u00e4ltig vor Nutzung der Website durch.<\/p>\n<p>Die Nutzung der Website bedeutet, dass Sie diese Gesch\u00e4ftsbedingungen verstanden haben und anerkennen. Falls Sie mit den Gesch\u00e4ftsbedingungen nicht einverstanden sind, unterlassen Sie bitte den Zugriff oder die Nutzung dieser Website.<\/p>\n<p>Wir raten Ihnen, diese Gesch\u00e4ftsbedingungen regelm\u00e4\u00dfig zu \u00fcberpr\u00fcfen, da sie von Zeit zu Zeit nach unserem alleinigen Ermessen und ohne vorherige Ank\u00fcndigung ge\u00e4ndert werden k\u00f6nnen.<\/p>\n<p><strong>Servicezugang<\/strong><\/p>\n<p>Obwohl die Unternehmen alle angemessenen Ma\u00dfnahmen ergreifen werden, um die Verf\u00fcgbarkeit und Zug\u00e4nglichkeit der Website jederzeit zu gew\u00e4hrleisten, kann es vorkommen, dass diese im Falle eines Systemausfalls, einer Wartung oder aus anderen Gr\u00fcnden, die au\u00dferhalb der Kontrolle der Unternehmen liegen, vor\u00fcbergehend ausgesetzt wird. Die Unternehmen sind nicht verantwortlich f\u00fcr solche St\u00f6rungen oder Ausf\u00e4lle. Ebenso wenig haften sie f\u00fcr direkte oder indirekte Sch\u00e4den oder Verluste, einschlie\u00dflich, aber nicht beschr\u00e4nkt auf materielle Sch\u00e4den oder den Verlust von Daten oder Programmen sowie finanzielle Verluste, die sich daraus ergeben k\u00f6nnen.<\/p>\n<p>Die Unternehmen behalten sich das Recht vor, den Zugriff zu unterbrechen oder die Website vor\u00fcbergehend oder dauerhaft zu sperren. Die Unternehmen behalten sich zudem das Recht vor, den Inhalt der Website zu \u00fcberpr\u00fcfen und zu \u00e4ndern sowie Inhalte ohne vorherige Ank\u00fcndigung zu entfernen.<\/p>\n<p><strong>Haftungsbeschr\u00e4nkung<\/strong><\/p>\n<p>Obwohl die Unternehmen alle angemessenen Ma\u00dfnahmen ergreifen werden, um die Richtigkeit der auf dieser Website enthaltenen Informationen sicherzustellen, kann weder die Genauigkeit oder Vollst\u00e4ndigkeit dieser Informationen garantiert, noch f\u00fcr Fehler oder Auslassungen gehaftet werden.<\/p>\n<p>Wir lehnen im gr\u00f6\u00dftm\u00f6glichen gesetzlich zul\u00e4ssigen Umfang alle stillschweigenden oder ausdr\u00fccklichen Garantien f\u00fcr zufriedenstellende Qualit\u00e4t und Eignung f\u00fcr einen bestimmten Zweck ab. Mit der Nutzung der Website erkl\u00e4ren Sie sich damit einverstanden, dass Sie allein f\u00fcr die Nutzung der Website und alle Informationen, die Sie von ihr erhalten, verantwortlich sind.<\/p>\n<p>Alle auf dieser Website enthaltenen Materialien dienen nur allgemeinen Informationszwecken und stellen weder eine rechtliche oder sonstige professionelle Beratung dar, noch binden sie die Unternehmen an irgendeine Verpflichtung. Die Unternehmen \u00fcbernehmen keine Verantwortung f\u00fcr direkte, indirekte oder Folgesch\u00e4den, die sich aus dem Vertrauen auf die auf dieser Website enthaltenen Informationen ergeben k\u00f6nnen. Wir raten Ihnen, die Best\u00e4tigung der hier gemachten Aussagen anzufordern, bevor Sie darauf reagieren.<\/p>\n<p>Die Unternehmen haften nicht f\u00fcr Verluste oder Sch\u00e4den, die durch Malware, Viren oder andere technologisch sch\u00e4dliche Materialien verursacht werden, die durch Ihre Nutzung dieser Website oder durch das Herunterladen von Materialien entstehen, die auf dieser oder einer anderen mit ihr verkn\u00fcpften Website ver\u00f6ffentlicht wurden.<\/p>\n<p><strong>Nutzerverhalten<\/strong><\/p>\n<p>Wenn Sie auf die auf dieser Website angebotenen Dienste zugreifen oder diese nutzen, ist es Ihnen untersagt, rechtswidrige, bedrohliche, beleidigende, verleumderische, diffamierende, obsz\u00f6ne, pornografische, profane oder anderweitig anst\u00f6\u00dfige Informationen jeglicher Art zu ver\u00f6ffentlichen oder zu \u00fcbermitteln. Dazu geh\u00f6ren insbesondere alle \u00dcbertragungen, die ein Verhalten darstellen oder f\u00f6rdern, das eine Straftat darstellt, eine zivilrechtliche Haftung begr\u00fcndet oder anderweitig gegen nationales oder internationales Recht versto\u00dfen w\u00fcrde.<\/p>\n<p><strong>Hyperlinks<\/strong><\/p>\n<p>Die Website kann Links zu externen Websites enthalten. Die Unternehmen \u00fcbernehmen dabei keine Verantwortung und geben keinerlei Zusicherungen hinsichtlich der Rechtm\u00e4\u00dfigkeit, Qualit\u00e4t oder Eignung der Inhalte dieser Websites ab. Das Auftreten eines Hyperlinks zu einer solchen externen Website ist nicht dahingehend zu verstehen, dass die Unternehmen diese Website oder den darin enthaltenen Inhalt ausdr\u00fccklich oder implizit billigen, genehmigen oder sponsern. Wenn Sie sich daf\u00fcr entscheiden, auf Websites Dritter zuzugreifen, die mit dieser Website verlinkt sind, geschieht dies auf eigenes Risiko.<\/p>\n<p><strong>Warenzeichen, Urheberrechte und sonstige Eigentumsrechte <\/strong><\/p>\n<p>Sofern nicht anders angegeben, geh\u00f6ren alle Urheberrechte, Warenzeichen und Patente, einschlie\u00dflich, aber nicht beschr\u00e4nkt auf Texte, Tools, Fotos und graphische Darstellungen auf dieser Website, den Unternehmen oder Shutterstock, Inc.<\/p>\n<p>Das geistige Eigentum innerhalb der Website ist Eigentum Dritter und geh\u00f6rt den jeweiligen Eigent\u00fcmern. Keine der hierin enthaltenen Informationen ist so auszulegen, dass sie ohne vorherige schriftliche Genehmigung das Recht oder die Lizenz zur Nutzung von Urheberrechten, Warenzeichen oder Patenten gew\u00e4hren.<\/p>\n<p>Mit Ausnahme pers\u00f6nlicher und nicht-kommerzieller Zwecke ist es Ihnen untersagt, Teile dieser Website ohne unsere vorherige schriftliche Genehmigung auf einer anderen Website zu vervielf\u00e4ltigen oder zu speichern, oder sie in ein \u00f6ffentliches oder privates elektronisches Datenabrufsystem oder einen anderen Dienst einzubinden.<\/p>\n<p>Alle Rechte, die nicht ausdr\u00fccklich in diesen Allgemeinen Gesch\u00e4ftsbedingungen gew\u00e4hrt werden, sind vorbehalten.<\/p>\n<p><strong>Geltendes Recht<\/strong><\/p>\n<p>Diese Allgemeinen Gesch\u00e4ftsbedingungen sowie die Nutzung dieser Website unterliegen dem maltesischen Recht und werden in \u00dcbereinstimmung mit diesem ausgelegt. Sollte es zu Streitigkeiten im Zusammenhang mit der Nutzung oder dem Inhalt dieser Website kommen, wird diese durch die alleinige Zust\u00e4ndigkeit der maltesischen Gerichte gel\u00f6st.<\/p>\n<p>&nbsp;<\/p>\n","protected":false},"excerpt":{"rendered":"Allgemein Diese Nutzungsbedingungen gelten zusammen mit den Richtlinien \u00fcber die Verwendung von Cookies und den Datenschutzbestimmungen f\u00fcr die Website (zusammenfassend als die &#8220;Allgemeinen Gesch\u00e4ftsbedingungen&#8221; bezeichnet) f\u00fcr die Nutzung der Dom\u00e4ne www.rci-insurance.eu und allen Subdom\u00e4nen (im Folgenden gemeinsam als \u201edie Website\u201c oder \u201ediese Website\u201c bezeichnet) von RCI Life Ltd, RCI Insurance Ltd und RCI Services Ltd&hellip;","protected":false},"author":1,"featured_media":0,"parent":0,"menu_order":0,"comment_status":"closed","ping_status":"closed","template":"","meta":{"_acf_changed":false,"footnotes":""},"class_list":["post-7935","page","type-page","status-publish","hentry"],"acf":[],"yoast_head":"<!-- This site is optimized with the Yoast SEO plugin v25.5 - https:\/\/yoast.com\/wordpress\/plugins\/seo\/ -->\r\n<title>Internet-Nutzungsbedingungen - RCI INSURANCE<\/title>\r\n<meta name=\"robots\" content=\"index, follow, max-snippet:-1, max-image-preview:large, max-video-preview:-1\" \/>\r\n<link rel=\"canonical\" href=\"https:\/\/www.rci-insurance.eu\/de\/rechtlich\/7935-2\/\" \/>\r\n<meta property=\"og:locale\" content=\"de_DE\" \/>\r\n<meta property=\"og:type\" content=\"article\" \/>\r\n<meta property=\"og:title\" content=\"Internet-Nutzungsbedingungen - RCI INSURANCE\" \/>\r\n<meta property=\"og:description\" content=\"Allgemein Diese Nutzungsbedingungen gelten zusammen mit den Richtlinien \u00fcber die Verwendung von Cookies und den Datenschutzbestimmungen f\u00fcr die Website (zusammenfassend als die &#8220;Allgemeinen Gesch\u00e4ftsbedingungen&#8221; bezeichnet) f\u00fcr die Nutzung der Dom\u00e4ne www.rci-insurance.eu und allen Subdom\u00e4nen (im Folgenden gemeinsam als \u201edie Website\u201c oder \u201ediese Website\u201c bezeichnet) von RCI Life Ltd, RCI Insurance Ltd und RCI Services Ltd&hellip;\" \/>\r\n<meta property=\"og:url\" content=\"https:\/\/www.rci-insurance.eu\/de\/rechtlich\/7935-2\/\" \/>\r\n<meta property=\"og:site_name\" content=\"RCI INSURANCE\" \/>\r\n<meta property=\"article:modified_time\" content=\"2023-06-13T11:42:42+00:00\" \/>\r\n<meta name=\"twitter:card\" content=\"summary_large_image\" \/>\r\n<meta name=\"twitter:label1\" content=\"Gesch\u00e4tzte Lesezeit\" \/>\n\t<meta name=\"twitter:data1\" content=\"4\u00a0Minuten\" \/>\r\n<script type=\"application\/ld+json\" class=\"yoast-schema-graph\">{\"@context\":\"https:\/\/schema.org\",\"@graph\":[{\"@type\":\"WebPage\",\"@id\":\"https:\/\/www.rci-insurance.eu\/de\/rechtlich\/7935-2\/\",\"url\":\"https:\/\/www.rci-insurance.eu\/de\/rechtlich\/7935-2\/\",\"name\":\"Internet-Nutzungsbedingungen - RCI INSURANCE\",\"isPartOf\":{\"@id\":\"https:\/\/www.rci-insurance.eu\/#website\"},\"datePublished\":\"2023-05-10T06:18:19+00:00\",\"dateModified\":\"2023-06-13T11:42:42+00:00\",\"breadcrumb\":{\"@id\":\"https:\/\/www.rci-insurance.eu\/de\/rechtlich\/7935-2\/#breadcrumb\"},\"inLanguage\":\"de\",\"potentialAction\":[{\"@type\":\"ReadAction\",\"target\":[\"https:\/\/www.rci-insurance.eu\/de\/rechtlich\/7935-2\/\"]}]},{\"@type\":\"BreadcrumbList\",\"@id\":\"https:\/\/www.rci-insurance.eu\/de\/rechtlich\/7935-2\/#breadcrumb\",\"itemListElement\":[{\"@type\":\"ListItem\",\"position\":1,\"name\":\"Home\",\"item\":\"https:\/\/www.rci-insurance.eu\/de\/\"},{\"@type\":\"ListItem\",\"position\":2,\"name\":\"RECHTLICH\",\"item\":\"https:\/\/www.rci-insurance.eu\/de\/rechtlich\/\"},{\"@type\":\"ListItem\",\"position\":3,\"name\":\"Internet-Nutzungsbedingungen\"}]},{\"@type\":\"WebSite\",\"@id\":\"https:\/\/www.rci-insurance.eu\/#website\",\"url\":\"https:\/\/www.rci-insurance.eu\/\",\"name\":\"RCI INSURANCE\",\"description\":\"\",\"potentialAction\":[{\"@type\":\"SearchAction\",\"target\":{\"@type\":\"EntryPoint\",\"urlTemplate\":\"https:\/\/www.rci-insurance.eu\/?s={search_term_string}\"},\"query-input\":{\"@type\":\"PropertyValueSpecification\",\"valueRequired\":true,\"valueName\":\"search_term_string\"}}],\"inLanguage\":\"de\"}]}<\/script>\r\n<!-- \/ Yoast SEO plugin. -->","yoast_head_json":{"title":"Internet-Nutzungsbedingungen - RCI INSURANCE","robots":{"index":"index","follow":"follow","max-snippet":"max-snippet:-1","max-image-preview":"max-image-preview:large","max-video-preview":"max-video-preview:-1"},"canonical":"https:\/\/www.rci-insurance.eu\/de\/rechtlich\/7935-2\/","og_locale":"de_DE","og_type":"article","og_title":"Internet-Nutzungsbedingungen - RCI INSURANCE","og_description":"Allgemein Diese Nutzungsbedingungen gelten zusammen mit den Richtlinien \u00fcber die Verwendung von Cookies und den Datenschutzbestimmungen f\u00fcr die Website (zusammenfassend als die &#8220;Allgemeinen Gesch\u00e4ftsbedingungen&#8221; bezeichnet) f\u00fcr die Nutzung der Dom\u00e4ne www.rci-insurance.eu und allen Subdom\u00e4nen (im Folgenden gemeinsam als \u201edie Website\u201c oder \u201ediese Website\u201c bezeichnet) von RCI Life Ltd, RCI Insurance Ltd und RCI Services Ltd&hellip;","og_url":"https:\/\/www.rci-insurance.eu\/de\/rechtlich\/7935-2\/","og_site_name":"RCI INSURANCE","article_modified_time":"2023-06-13T11:42:42+00:00","twitter_card":"summary_large_image","twitter_misc":{"Gesch\u00e4tzte Lesezeit":"4\u00a0Minuten"},"schema":{"@context":"https:\/\/schema.org","@graph":[{"@type":"WebPage","@id":"https:\/\/www.rci-insurance.eu\/de\/rechtlich\/7935-2\/","url":"https:\/\/www.rci-insurance.eu\/de\/rechtlich\/7935-2\/","name":"Internet-Nutzungsbedingungen - RCI INSURANCE","isPartOf":{"@id":"https:\/\/www.rci-insurance.eu\/#website"},"datePublished":"2023-05-10T06:18:19+00:00","dateModified":"2023-06-13T11:42:42+00:00","breadcrumb":{"@id":"https:\/\/www.rci-insurance.eu\/de\/rechtlich\/7935-2\/#breadcrumb"},"inLanguage":"de","potentialAction":[{"@type":"ReadAction","target":["https:\/\/www.rci-insurance.eu\/de\/rechtlich\/7935-2\/"]}]},{"@type":"BreadcrumbList","@id":"https:\/\/www.rci-insurance.eu\/de\/rechtlich\/7935-2\/#breadcrumb","itemListElement":[{"@type":"ListItem","position":1,"name":"Home","item":"https:\/\/www.rci-insurance.eu\/de\/"},{"@type":"ListItem","position":2,"name":"RECHTLICH","item":"https:\/\/www.rci-insurance.eu\/de\/rechtlich\/"},{"@type":"ListItem","position":3,"name":"Internet-Nutzungsbedingungen"}]},{"@type":"WebSite","@id":"https:\/\/www.rci-insurance.eu\/#website","url":"https:\/\/www.rci-insurance.eu\/","name":"RCI INSURANCE","description":"","potentialAction":[{"@type":"SearchAction","target":{"@type":"EntryPoint","urlTemplate":"https:\/\/www.rci-insurance.eu\/?s={search_term_string}"},"query-input":{"@type":"PropertyValueSpecification","valueRequired":true,"valueName":"search_term_string"}}],"inLanguage":"de"}]}},"_links":{"self":[{"href":"https:\/\/www.rci-insurance.eu\/de\/wp-json\/wp\/v2\/pages\/7935","targetHints":{"allow":["GET"]}}],"collection":[{"href":"https:\/\/www.rci-insurance.eu\/de\/wp-json\/wp\/v2\/pages"}],"about":[{"href":"https:\/\/www.rci-insurance.eu\/de\/wp-json\/wp\/v2\/types\/page"}],"author":[{"embeddable":true,"href":"https:\/\/www.rci-insurance.eu\/de\/wp-json\/wp\/v2\/users\/1"}],"replies":[{"embeddable":true,"href":"https:\/\/www.rci-insurance.eu\/de\/wp-json\/wp\/v2\/comments?post=7935"}],"version-history":[{"count":3,"href":"https:\/\/www.rci-insurance.eu\/de\/wp-json\/wp\/v2\/pages\/7935\/revisions"}],"predecessor-version":[{"id":8187,"href":"https:\/\/www.rci-insurance.eu\/de\/wp-json\/wp\/v2\/pages\/7935\/revisions\/8187"}],"wp:attachment":[{"href":"https:\/\/www.rci-insurance.eu\/de\/wp-json\/wp\/v2\/media?parent=7935"}],"curies":[{"name":"wp","href":"https:\/\/api.w.org\/{rel}","templated":true}]}}