{"id":729,"date":"2017-12-19T16:30:07","date_gmt":"2017-12-19T16:30:07","guid":{"rendered":"http:\/\/dev-rci-insurance.iconsandbox.com\/?page_id=729"},"modified":"2025-06-12T15:18:32","modified_gmt":"2025-06-12T13:18:32","slug":"beschwerden","status":"publish","type":"page","link":"https:\/\/www.rci-insurance.eu\/at\/beschwerden\/","title":{"rendered":"Beschwerden"},"content":{"rendered":"<p><strong>Eine beschwerde einreichen<\/strong> <strong>Unser Versprechen an Sie.<\/strong> RCI Insurance strebt danach, Ihnen hervorragenden Kundenservice zu bieten und hofft, Ihnen nie Grund zur Beschwerde zu geben.<\/p>\n","protected":false},"excerpt":{"rendered":"Eine beschwerde einreichen Unser Versprechen an Sie. RCI Insurance strebt danach, Ihnen hervorragenden Kundenservice zu bieten und hofft, Ihnen nie Grund zur Beschwerde zu geben.","protected":false},"author":1,"featured_media":0,"parent":0,"menu_order":0,"comment_status":"closed","ping_status":"closed","template":"","meta":{"_acf_changed":false,"footnotes":""},"class_list":["post-729","page","type-page","status-publish","hentry"],"acf":[],"yoast_head":"<!-- This site is optimized with the Yoast SEO plugin v27.3 - https:\/\/yoast.com\/product\/yoast-seo-wordpress\/ -->\r\n<title>Beschwerden | RCI Insurance<\/title>\r\n<meta name=\"description\" content=\"RCI Insurance strebt danach, Ihnen hervorragenden Kundenservice zu bieten. M\u00f6glicherweise m\u00f6chten Sie dennoch eine Beschwerde einreichen. Diesen Prozess gestalten wir sehr einfach und Sie k\u00f6nnen Ihre Beschwerde problemlos einreichen.\" \/>\r\n<meta name=\"robots\" content=\"index, follow, max-snippet:-1, max-image-preview:large, max-video-preview:-1\" \/>\r\n<link rel=\"canonical\" href=\"https:\/\/www.rci-insurance.eu\/at\/beschwerden\/\" \/>\r\n<meta property=\"og:locale\" content=\"de_DE\" \/>\r\n<meta property=\"og:type\" content=\"article\" \/>\r\n<meta property=\"og:title\" content=\"Beschwerden | RCI Insurance\" \/>\r\n<meta property=\"og:description\" content=\"RCI Insurance strebt danach, Ihnen hervorragenden Kundenservice zu bieten. M\u00f6glicherweise m\u00f6chten Sie dennoch eine Beschwerde einreichen. Diesen Prozess gestalten wir sehr einfach und Sie k\u00f6nnen Ihre Beschwerde problemlos einreichen.\" \/>\r\n<meta property=\"og:url\" content=\"https:\/\/www.rci-insurance.eu\/at\/beschwerden\/\" \/>\r\n<meta property=\"og:site_name\" content=\"RCI INSURANCE\" \/>\r\n<meta property=\"article:modified_time\" content=\"2025-06-12T13:18:32+00:00\" \/>\r\n<meta name=\"twitter:card\" content=\"summary_large_image\" \/>\r\n<meta name=\"twitter:label1\" content=\"Gesch\u00e4tzte Lesezeit\" \/>\n\t<meta name=\"twitter:data1\" content=\"1 Minute\" \/>\r\n<script type=\"application\/ld+json\" class=\"yoast-schema-graph\">{\"@context\":\"https:\\\/\\\/schema.org\",\"@graph\":[{\"@type\":\"WebPage\",\"@id\":\"https:\\\/\\\/www.rci-insurance.eu\\\/at\\\/beschwerden\\\/\",\"url\":\"https:\\\/\\\/www.rci-insurance.eu\\\/at\\\/beschwerden\\\/\",\"name\":\"Beschwerden | RCI Insurance\",\"isPartOf\":{\"@id\":\"https:\\\/\\\/www.rci-insurance.eu\\\/#website\"},\"datePublished\":\"2017-12-19T16:30:07+00:00\",\"dateModified\":\"2025-06-12T13:18:32+00:00\",\"description\":\"RCI Insurance strebt danach, Ihnen hervorragenden Kundenservice zu bieten. M\u00f6glicherweise m\u00f6chten Sie dennoch eine Beschwerde einreichen. Diesen Prozess gestalten wir sehr einfach und Sie k\u00f6nnen Ihre Beschwerde problemlos einreichen.\",\"breadcrumb\":{\"@id\":\"https:\\\/\\\/www.rci-insurance.eu\\\/at\\\/beschwerden\\\/#breadcrumb\"},\"inLanguage\":\"de-AT\",\"potentialAction\":[{\"@type\":\"ReadAction\",\"target\":[\"https:\\\/\\\/www.rci-insurance.eu\\\/at\\\/beschwerden\\\/\"]}]},{\"@type\":\"BreadcrumbList\",\"@id\":\"https:\\\/\\\/www.rci-insurance.eu\\\/at\\\/beschwerden\\\/#breadcrumb\",\"itemListElement\":[{\"@type\":\"ListItem\",\"position\":1,\"name\":\"Home\",\"item\":\"https:\\\/\\\/www.rci-insurance.eu\\\/at\\\/\"},{\"@type\":\"ListItem\",\"position\":2,\"name\":\"Beschwerden\"}]},{\"@type\":\"WebSite\",\"@id\":\"https:\\\/\\\/www.rci-insurance.eu\\\/#website\",\"url\":\"https:\\\/\\\/www.rci-insurance.eu\\\/\",\"name\":\"RCI INSURANCE\",\"description\":\"\",\"potentialAction\":[{\"@type\":\"SearchAction\",\"target\":{\"@type\":\"EntryPoint\",\"urlTemplate\":\"https:\\\/\\\/www.rci-insurance.eu\\\/?s={search_term_string}\"},\"query-input\":{\"@type\":\"PropertyValueSpecification\",\"valueRequired\":true,\"valueName\":\"search_term_string\"}}],\"inLanguage\":\"de-AT\"}]}<\/script>\r\n<!-- \/ Yoast SEO plugin. -->","yoast_head_json":{"title":"Beschwerden | RCI Insurance","description":"RCI Insurance strebt danach, Ihnen hervorragenden Kundenservice zu bieten. M\u00f6glicherweise m\u00f6chten Sie dennoch eine Beschwerde einreichen. Diesen Prozess gestalten wir sehr einfach und Sie k\u00f6nnen Ihre Beschwerde problemlos einreichen.","robots":{"index":"index","follow":"follow","max-snippet":"max-snippet:-1","max-image-preview":"max-image-preview:large","max-video-preview":"max-video-preview:-1"},"canonical":"https:\/\/www.rci-insurance.eu\/at\/beschwerden\/","og_locale":"de_DE","og_type":"article","og_title":"Beschwerden | RCI Insurance","og_description":"RCI Insurance strebt danach, Ihnen hervorragenden Kundenservice zu bieten. M\u00f6glicherweise m\u00f6chten Sie dennoch eine Beschwerde einreichen. Diesen Prozess gestalten wir sehr einfach und Sie k\u00f6nnen Ihre Beschwerde problemlos einreichen.","og_url":"https:\/\/www.rci-insurance.eu\/at\/beschwerden\/","og_site_name":"RCI INSURANCE","article_modified_time":"2025-06-12T13:18:32+00:00","twitter_card":"summary_large_image","twitter_misc":{"Gesch\u00e4tzte Lesezeit":"1 Minute"},"schema":{"@context":"https:\/\/schema.org","@graph":[{"@type":"WebPage","@id":"https:\/\/www.rci-insurance.eu\/at\/beschwerden\/","url":"https:\/\/www.rci-insurance.eu\/at\/beschwerden\/","name":"Beschwerden | RCI Insurance","isPartOf":{"@id":"https:\/\/www.rci-insurance.eu\/#website"},"datePublished":"2017-12-19T16:30:07+00:00","dateModified":"2025-06-12T13:18:32+00:00","description":"RCI Insurance strebt danach, Ihnen hervorragenden Kundenservice zu bieten. M\u00f6glicherweise m\u00f6chten Sie dennoch eine Beschwerde einreichen. Diesen Prozess gestalten wir sehr einfach und Sie k\u00f6nnen Ihre Beschwerde problemlos einreichen.","breadcrumb":{"@id":"https:\/\/www.rci-insurance.eu\/at\/beschwerden\/#breadcrumb"},"inLanguage":"de-AT","potentialAction":[{"@type":"ReadAction","target":["https:\/\/www.rci-insurance.eu\/at\/beschwerden\/"]}]},{"@type":"BreadcrumbList","@id":"https:\/\/www.rci-insurance.eu\/at\/beschwerden\/#breadcrumb","itemListElement":[{"@type":"ListItem","position":1,"name":"Home","item":"https:\/\/www.rci-insurance.eu\/at\/"},{"@type":"ListItem","position":2,"name":"Beschwerden"}]},{"@type":"WebSite","@id":"https:\/\/www.rci-insurance.eu\/#website","url":"https:\/\/www.rci-insurance.eu\/","name":"RCI INSURANCE","description":"","potentialAction":[{"@type":"SearchAction","target":{"@type":"EntryPoint","urlTemplate":"https:\/\/www.rci-insurance.eu\/?s={search_term_string}"},"query-input":{"@type":"PropertyValueSpecification","valueRequired":true,"valueName":"search_term_string"}}],"inLanguage":"de-AT"}]}},"_links":{"self":[{"href":"https:\/\/www.rci-insurance.eu\/at\/wp-json\/wp\/v2\/pages\/729","targetHints":{"allow":["GET"]}}],"collection":[{"href":"https:\/\/www.rci-insurance.eu\/at\/wp-json\/wp\/v2\/pages"}],"about":[{"href":"https:\/\/www.rci-insurance.eu\/at\/wp-json\/wp\/v2\/types\/page"}],"author":[{"embeddable":true,"href":"https:\/\/www.rci-insurance.eu\/at\/wp-json\/wp\/v2\/users\/1"}],"replies":[{"embeddable":true,"href":"https:\/\/www.rci-insurance.eu\/at\/wp-json\/wp\/v2\/comments?post=729"}],"version-history":[{"count":30,"href":"https:\/\/www.rci-insurance.eu\/at\/wp-json\/wp\/v2\/pages\/729\/revisions"}],"predecessor-version":[{"id":8973,"href":"https:\/\/www.rci-insurance.eu\/at\/wp-json\/wp\/v2\/pages\/729\/revisions\/8973"}],"wp:attachment":[{"href":"https:\/\/www.rci-insurance.eu\/at\/wp-json\/wp\/v2\/media?parent=729"}],"curies":[{"name":"wp","href":"https:\/\/api.w.org\/{rel}","templated":true}]}}